{"id":5387,"date":"2020-06-19T10:43:51","date_gmt":"2020-06-19T09:43:51","guid":{"rendered":"http:\/\/kilkennycastle.ie\/covid-19-visitor-guidelines\/"},"modified":"2021-05-21T12:57:34","modified_gmt":"2021-05-21T11:57:34","slug":"covid-19-visitor-guidelines","status":"publish","type":"page","link":"https:\/\/www.kilkennycastle.ie\/ga\/covid-19-visitor-guidelines\/","title":{"rendered":"COVID-19"},"content":{"rendered":"<p>[et_pb_section fb_built=&#8221;1&#8243; _builder_version=&#8221;3.22&#8243;][et_pb_row _builder_version=&#8221;3.25&#8243; background_size=&#8221;initial&#8221; background_position=&#8221;top_left&#8221; background_repeat=&#8221;repeat&#8221;][et_pb_column type=&#8221;4_4&#8243; _builder_version=&#8221;3.0.47&#8243; custom_padding=&#8221;|||&#8221; custom_padding__hover=&#8221;|||&#8221;][et_pb_text admin_label=&#8221;COVID-19 Text&#8221; _builder_version=&#8221;4.4.8&#8243; vertical_offset_tablet=&#8221;0&#8243; horizontal_offset_tablet=&#8221;0&#8243; custom_padding=&#8221;||0px|||&#8221; z_index_tablet=&#8221;0&#8243; text_text_shadow_horizontal_length_tablet=&#8221;0px&#8221; text_text_shadow_vertical_length_tablet=&#8221;0px&#8221; text_text_shadow_blur_strength_tablet=&#8221;1px&#8221; link_text_shadow_horizontal_length_tablet=&#8221;0px&#8221; link_text_shadow_vertical_length_tablet=&#8221;0px&#8221; link_text_shadow_blur_strength_tablet=&#8221;1px&#8221; ul_text_shadow_horizontal_length_tablet=&#8221;0px&#8221; ul_text_shadow_vertical_length_tablet=&#8221;0px&#8221; ul_text_shadow_blur_strength_tablet=&#8221;1px&#8221; ol_text_shadow_horizontal_length_tablet=&#8221;0px&#8221; ol_text_shadow_vertical_length_tablet=&#8221;0px&#8221; ol_text_shadow_blur_strength_tablet=&#8221;1px&#8221; quote_text_shadow_horizontal_length_tablet=&#8221;0px&#8221; quote_text_shadow_vertical_length_tablet=&#8221;0px&#8221; quote_text_shadow_blur_strength_tablet=&#8221;1px&#8221; header_text_shadow_horizontal_length_tablet=&#8221;0px&#8221; header_text_shadow_vertical_length_tablet=&#8221;0px&#8221; header_text_shadow_blur_strength_tablet=&#8221;1px&#8221; header_2_text_shadow_horizontal_length_tablet=&#8221;0px&#8221; header_2_text_shadow_vertical_length_tablet=&#8221;0px&#8221; header_2_text_shadow_blur_strength_tablet=&#8221;1px&#8221; header_3_text_shadow_horizontal_length_tablet=&#8221;0px&#8221; header_3_text_shadow_vertical_length_tablet=&#8221;0px&#8221; header_3_text_shadow_blur_strength_tablet=&#8221;1px&#8221; header_4_text_shadow_horizontal_length_tablet=&#8221;0px&#8221; header_4_text_shadow_vertical_length_tablet=&#8221;0px&#8221; header_4_text_shadow_blur_strength_tablet=&#8221;1px&#8221; header_5_text_shadow_horizontal_length_tablet=&#8221;0px&#8221; header_5_text_shadow_vertical_length_tablet=&#8221;0px&#8221; header_5_text_shadow_blur_strength_tablet=&#8221;1px&#8221; header_6_text_shadow_horizontal_length_tablet=&#8221;0px&#8221; header_6_text_shadow_vertical_length_tablet=&#8221;0px&#8221; header_6_text_shadow_blur_strength_tablet=&#8221;1px&#8221; box_shadow_horizontal_tablet=&#8221;0px&#8221; box_shadow_vertical_tablet=&#8221;0px&#8221; box_shadow_blur_tablet=&#8221;40px&#8221; box_shadow_spread_tablet=&#8221;0px&#8221;]<\/p>\n<p><a href=\"http:\/\/kilkennycastle.ie\/wp-content\/uploads\/2020\/06\/M12797_COVID-19_stay_safe_phase_2_irish_screen_poster.jpg\"><img loading=\"lazy\" decoding=\"async\" class=\"aligncenter wp-image-5407 size-large\" src=\"http:\/\/kilkennycastle.ie\/wp-content\/uploads\/2020\/06\/M12797_COVID-19_stay_safe_phase_2_irish_screen_poster-1024x576.jpg\" alt=\"\" width=\"1024\" height=\"576\" srcset=\"http:\/\/kilkennycastle.ie\/wp-content\/uploads\/2020\/06\/M12797_COVID-19_stay_safe_phase_2_irish_screen_poster-980x551.jpg 980w, http:\/\/kilkennycastle.ie\/wp-content\/uploads\/2020\/06\/M12797_COVID-19_stay_safe_phase_2_irish_screen_poster-480x270.jpg 480w\" sizes=\"(min-width: 0px) and (max-width: 480px) 480px, (min-width: 481px) and (max-width: 980px) 980px, (min-width: 981px) 1024px, 100vw\" \/><\/a><\/p>\n<h2>F\u00e1ilte<\/h2>\n<p>T\u00e1 an-\u00e1thas orainn f\u00e1ilte a chur romhat go dt\u00ed Caisle\u00e1n Chill Chainnigh ar\u00eds. T\u00e1 na bearta riachtanacha curtha i bhfeidhm againn lena chinnti\u00fa go mbeidh daoine chomh s\u00e1bh\u00e1ilte agus is f\u00e9idir le linn a gcuairte agus go mbainfidh siad an leas is m\u00f3 is f\u00e9idir as a gcuairt.<\/p>\n<p>Chun s\u00e1bh\u00e1ilteacht \u00e1r gcuairteoir\u00ed agus ball foirne a chinnti\u00fa, n\u00ed ligfear isteach ach l\u00edon teoranta daoine nuair a athoscla\u00edonn Caisle\u00e1n Chill Chainnigh<\/p>\n<p>Chun cabhr\u00fa linn l\u00edon na gcuairteoir\u00ed a bhainisti\u00fa agus achar s\u00e1bh\u00e1ilte a choinne\u00e1il idir daoine, laghda\u00edomar l\u00edon na ndaoine a bhf\u00e9adaimid f\u00e1ilte a chur rompu ag tr\u00e1th ar bith. Caithfear tic\u00e9id a chur in \u00e1irithe roimh r\u00e9 ar l\u00edne sula dtugann t\u00fa cuairt.<br \/>N\u00edl aon \u2018tic\u00e9id si\u00fail isteach\u2019 ar f\u00e1il.<br \/>N\u00e1 tar i l\u00e1thair gan do thic\u00e9id a bheith curtha in \u00e1irithe agat roimh r\u00e9 mar gheall nach dtabharfar cead isteach duit.<br \/>Is f\u00e9idir \u00e1irithint a dh\u00e9anamh roimh r\u00e9 ar l\u00edne idir 1 uair an chloig agus a fhad le 7 l\u00e1 sula dtugann t\u00fa cuairt.<\/p>\n<p>M\u00e1 t\u00e1 siompt\u00f3im cos\u00fail le gearran\u00e1il, fiabhras n\u00f3 scornach tinn le brath ort, fan sa bhaile.<\/p>\n<h2>Tic\u00e9id a Cheannach ar l\u00edne<\/h2>\n<ul>\n<li>Beidh ort am teachta (sliot\u00e1n ama 30 n\u00f3im\u00e9ad) a roghn\u00fa ar an l\u00e1 ar mian leat cuairt a thabhairt. Eis\u00edtear tic\u00e9id le haghaidh sliot\u00e1n ama 30 n\u00f3im\u00e9ad ar leith. N\u00ed bhaineann s\u00e9 sin ach le d&#8217;am teachta amh\u00e1in.<\/li>\n<li>Caithfidh gach cuairteoir tic\u00e9ad a bheith acu, gach leanbh faoi 12 bhliain d&#8217;aois san \u00e1ireamh<\/li>\n<li>T\u00e1 an ch\u00e9ad shliot\u00e1n ama, \u00f3 9.30 a.m. go dt\u00ed 10 a.m., curtha i leataobh do dhaoine sa &#8220;Ghr\u00fapa i mbaol&#8221; agus bheimis f\u00edorbhu\u00edoch d\u00edot d\u00e1 dtabharf\u00e1 aird air sin chun go mbeidh cuairteoir\u00ed leochaileacha in ann tairbhe a bhaint as an gCaisle\u00e1n i dtimpeallacht sh\u00e1bh\u00e1ilte<\/li>\n<li>Cuirimid f\u00e1ilte roimh \u00e1r gcuairteoir\u00ed faoi mh\u00edchumas agus a gcuid c\u00faram\u00f3ir\u00ed teagmh\u00e1il dh\u00edreach a dh\u00e9anamh linn ar r\u00edomhphost chuig <a href=\"mailto:bookingskilkenycastle@opw.ie\">bookingskilkenycastle@opw.ie<\/a> chun tic\u00e9id a chur in \u00e1irithe.<\/li>\n<li>F\u00e9adfaidh nach n-oirfidh an Caisle\u00e1n do chuairteoir\u00ed a bhfuil fadhbanna soghluaisteachta acu. T\u00e9igh i dteagmh\u00e1il linn m\u00e1 t\u00e1 aon cheis agat i dtaca leis sin (0567704100)<\/li>\n<li>Is oth linn a chur in i\u00fal nach mbeidh rochtain tosa\u00edochta ag sealbh\u00f3ir\u00ed C\u00e1rta Oidhreachta i l\u00e1thair na huaire, mar gheall ar an l\u00edon teoranta cuairteoir\u00ed.<\/li>\n<li>Caithfidh gr\u00fapa\u00ed ina bhfuil n\u00edos m\u00f3 n\u00e1 6 nduine teagmh\u00e1il a dh\u00e9anamh len\u00e1r n-oifig \u00e1irithinte: <a href=\"mailto:bookingskilkennycastle@opw.ie\">bookingskilkennycastle@opw.ie<\/a><\/li>\n<\/ul>\n<h2>Cad \u00e9 a bheidh romhat le linn do chuairte<\/h2>\n<p>Chun cabhr\u00fa len\u00e1r gcuairteoir\u00ed agus baill foirne a choinne\u00e1il sl\u00e1n, d&#8217;athra\u00edomar roinnt ruda\u00ed ar an l\u00e1thair agus bheimis bu\u00edoch d\u00edot d\u00e1 leanf\u00e1 na treoirl\u00ednte th\u00edos<\/p>\n<h4><strong>Nuair a thagann t\u00fa<\/strong><\/h4>\n<ul>\n<li>Sula dtagann t\u00fa, b\u00edodh do thic\u00e9ad r\u00e9idh agat le taispe\u00e1int d\u00e1r bhfoireann ar d&#8217;fh\u00f3n n\u00f3 b\u00edodh c\u00f3ip phriont\u00e1ilte agat.<\/li>\n<li>M\u00e1 cheannaigh t\u00fa Pas Oidhreachta ar l\u00edne, beidh ort do Ch\u00e1rta Oidhreachta a chur faoi bhr\u00e1id \u00e1r bhfoirne nuair a scanann siad do thic\u00e9ad Pas Oidhreachta<\/li>\n<li>N\u00edl ach l\u00edon teoranta bileoga againn agus molaimid duit do bhileog f\u00e9in a \u00edosl\u00f3d\u00e1il \u00f3nar su\u00edomh gr\u00e9as\u00e1in agus \u00ed a phriont\u00e1il amach (T\u00e1 teangacha \u00e9ags\u00fala ar f\u00e1il) http:\/\/kilkennycastle.ie\/visits\/<\/li>\n<li>Chun clo\u00ed le scaradh s\u00f3isialta, tar le linn do shliot\u00e1in ama le do thoil. Ar an drochuair, m\u00e1 thagann t\u00fa go d\u00e9anach, n\u00ed f\u00e9idir linn gealladh go mbeidh cead isteach agat. Faoin bhfoireann a bheidh s\u00e9 cinneadh a dh\u00e9anamh maidir le do chead isteach, agus glacfar an cinneadh sin bunaithe ar l\u00edon na gcuairteoir\u00ed agus an \u00e1baltacht scaradh s\u00f3isialta a chinnti\u00fa.<\/li>\n<li>T\u00e9igh isteach sa scuaine. Scanfaidh duine d\u00e1r bhfoireann do thic\u00e9ad. B\u00edodh a fhios agat go mbeidh na scuain\u00ed amuigh faoin aer<\/li>\n<\/ul>\n<h4><strong>Le linn do chuairte<\/strong><\/h4>\n<ul>\n<li>Chun l\u00edon na gcuairteoir\u00ed a choinne\u00e1il ar leibh\u00e9al s\u00e1bh\u00e1ilte, athra\u00edodh leagan amach agus treo bhealach an turais agus t\u00e1 c\u00f3ras aontreo daingean i bhfeidhm anois. T\u00e1 roinnt de na Seomra\u00ed Seanr\u00e9 d\u00fanta mar gheall ar shrianta Covid-19. Lean na comhartha\u00ed sa Chaisle\u00e1n le do thoil<\/li>\n<li>T\u00e1 roinnt st\u00e1isi\u00fan d\u00edghalraithe l\u00e1mh le troithe\u00e1n ar f\u00e1il ag gach bealach isteach agus bealach amach agus sna limist\u00e9ir ar fad ina leagann daoine a gcuid l\u00e1mh ar ruda\u00ed go minic. Ach moltar go l\u00e1idir duit do bhuid\u00e9al d\u00edghalr\u00e1in l\u00e1mh f\u00e9in a thabhairt leat<\/li>\n<li>N\u00ed bheidh turais treoraithe ar f\u00e1il i l\u00e1thair na huaire. Turas f\u00e9intreoraithe amh\u00e1in at\u00e1 i do chuairt ar Chaisle\u00e1n Chill Chainnigh.<\/li>\n<li>Chun cabhr\u00fa le gach duine a choinne\u00e1il sl\u00e1n, clo\u00ed le scaradh s\u00f3isialta agus treoirl\u00ednte an rialtais nuair a thugann t\u00fa cuairt, le do thoil. M\u00e1 t\u00e1 aon siompt\u00f3m Covid-19 le brath ort, n\u00f3 m\u00e1 bh\u00ed t\u00fa i dteagmh\u00e1il le haon duine a raibh an v\u00edreas acu le 14 l\u00e1 anuas, n\u00e1 tabhair cuairt orainn faoi l\u00e1thair.<\/li>\n<li>F\u00e9adfaidh cuairteoir\u00ed masc a chaitheamh m\u00e1s mian leo. Ar aon dul le treoirl\u00ednte reatha an rialtais, n\u00ed bheidh ar \u00e1r bhfoireann masc a chaitheamh.<\/li>\n<li>N\u00e1 suigh ar an trosc\u00e1n agus n\u00e1 leag l\u00e1mh ar na taispe\u00e1ntais\/an trosc\u00e1n<\/li>\n<li>T\u00e1 c\u00f3rais fheabhsaithe glanta curtha i bhfeidhm ag \u00e1r bhfoireann t\u00eds, ar aon dul le treoirl\u00ednte an rialtais.<\/li>\n<\/ul>\n<h2>\u00c1iseanna<\/h2>\n<ul>\n<li>T\u00e1 \u00e1r n-\u00e1iseanna leithris ar f\u00e1il ach t\u00e1 srian le l\u00edon na ndaoine agus n\u00edl teacht orthu ach tr\u00ed ch\u00f3ras aontreo<\/li>\n<li>T\u00e1 an seomra tae sa Chistin Victeoiriach ar oscailt ach n\u00edl cead isteach ach ag l\u00edon teoranta daoine. Le haghaidh n\u00edos m\u00f3 eolais, seol r\u00edomhphost chuig <a href=\"mailto:nostalgiacafe@eircom.net\">nostalgiacafe@eircom.net<\/a> n\u00f3 <a href=\"mailto:nostalgiacafe65@gmail.com\">nostalgiacafe65@gmail.com<\/a><\/li>\n<li>Ar an drochuair n\u00edl seomra c\u00f3ta\u00ed\/taiscead\u00e1in againn n\u00e1 limist\u00e9ar st\u00f3r\u00e1la le haghaidh na\u00edch\u00f3ist\u00ed\/pramanna<\/li>\n<li>T\u00e1 an Cl\u00f3s S\u00fagartha ar oscailt. T\u00e1thar ag s\u00fail leis go nd\u00e9anfaidh tuismitheoir\u00ed agus caomhn\u00f3ir\u00ed na leana\u00ed a \u00fas\u00e1ideann an cl\u00f3s s\u00fagartha maoirseacht ar a leana\u00ed an t-am ar fad. Clo\u00edgh leis na beartais chosanta ar fad maidir le treoirl\u00ednte sl\u00e1inte poibl\u00ed<\/li>\n<\/ul>\n<h2>C\u00e1rta\u00ed Oidhreachta<\/h2>\n<ul>\n<li>M\u00e1s mian leat C\u00e1rta Oidhreachta a cheannach, molaimid duti cuairt a thabhairt ar: <a href=\"https:\/\/www.heritageireland.ie\/en\/info\/heritagecards\/applicationform\/\">https:\/\/www.heritageireland.ie\/en\/info\/heritagecards\/applicationform\/<\/a><\/li>\n<li>T\u00e1 liosta suas chun d\u00e1ta de na su\u00edomhanna oidhreachta at\u00e1 oscailt ar f\u00e1il ar: <a href=\"https:\/\/www.heritageireland.ie\/en\/\">https:\/\/www.heritageireland.ie\/en\/<\/a><\/li>\n<\/ul>\n<p>T\u00e1imid ag tathant ar gach duine fanacht ina gceantar f\u00e9in, \u00e1iteanna gn\u00f3thacha a sheachaint agus comhairle an rialtais maidir le scaradh s\u00f3isialta a lean\u00faint. M\u00e1 oibr\u00edmid le ch\u00e9ile beidh t\u00fa \u00e1balta cuairt sh\u00e1bh\u00e1ilte thaitneamhach a thabhairt ar Chaisle\u00e1n Chill Chainnigh.<\/p>\n<p><a href=\"https:\/\/kilkennycastle.ie\/wp-content\/uploads\/2021\/05\/Leaflet-Gn-C-19-V2.pdf\">Visitor Guide (Irish)<\/a> (PDF)<\/p>\n<p>[\/et_pb_text][\/et_pb_column][\/et_pb_row][\/et_pb_section]<\/p>\n","protected":false},"excerpt":{"rendered":"<p>F\u00e1ilte T\u00e1 an-\u00e1thas orainn f\u00e1ilte a chur romhat go dt\u00ed Caisle\u00e1n Chill Chainnigh ar\u00eds. T\u00e1 na bearta riachtanacha curtha i bhfeidhm againn lena chinnti\u00fa go mbeidh daoine chomh s\u00e1bh\u00e1ilte agus [&hellip;]<\/p>\n","protected":false},"author":1,"featured_media":0,"parent":0,"menu_order":0,"comment_status":"closed","ping_status":"closed","template":"","meta":{"_et_pb_use_builder":"on","_et_pb_old_content":"","_et_gb_content_width":"","footnotes":""},"class_list":["post-5387","page","type-page","status-publish","hentry"],"_links":{"self":[{"href":"https:\/\/www.kilkennycastle.ie\/ga\/wp-json\/wp\/v2\/pages\/5387","targetHints":{"allow":["GET"]}}],"collection":[{"href":"https:\/\/www.kilkennycastle.ie\/ga\/wp-json\/wp\/v2\/pages"}],"about":[{"href":"https:\/\/www.kilkennycastle.ie\/ga\/wp-json\/wp\/v2\/types\/page"}],"author":[{"embeddable":true,"href":"https:\/\/www.kilkennycastle.ie\/ga\/wp-json\/wp\/v2\/users\/1"}],"replies":[{"embeddable":true,"href":"https:\/\/www.kilkennycastle.ie\/ga\/wp-json\/wp\/v2\/comments?post=5387"}],"version-history":[{"count":0,"href":"https:\/\/www.kilkennycastle.ie\/ga\/wp-json\/wp\/v2\/pages\/5387\/revisions"}],"wp:attachment":[{"href":"https:\/\/www.kilkennycastle.ie\/ga\/wp-json\/wp\/v2\/media?parent=5387"}],"curies":[{"name":"wp","href":"https:\/\/api.w.org\/{rel}","templated":true}]}}