{"id":4548,"date":"2019-12-10T15:21:34","date_gmt":"2019-12-10T15:21:34","guid":{"rendered":"http:\/\/kilkennycastle.ie\/teagmhail\/"},"modified":"2019-12-10T15:21:35","modified_gmt":"2019-12-10T15:21:35","slug":"teagmhail","status":"publish","type":"page","link":"https:\/\/www.kilkennycastle.ie\/ga\/teagmhail\/","title":{"rendered":"Teagmh\u00e1il"},"content":{"rendered":"<p>[et_pb_section bb_built=&#8221;1&#8243; fullwidth=&#8221;on&#8221; specialty=&#8221;off&#8221; next_background_color=&#8221;#000000&#8243;][et_pb_fullwidth_header _builder_version=&#8221;3.19.17&#8243; background_overlay_color=&#8221;rgba(0,0,0,0)&#8221; background_image=&#8221;http:\/\/kilkennycastle.ie\/wp-content\/uploads\/2019\/01\/Site-from-Roof.jpg&#8221; text_orientation=&#8221;center&#8221; header_fullscreen=&#8221;on&#8221; header_scroll_down=&#8221;on&#8221; scroll_down_icon=&#8221;%%7%%&#8221; title_font_size=&#8221;50px&#8221; background_color=&#8221;rgba(255,255,255,0)&#8221; button_one_text_size__hover_enabled=&#8221;off&#8221; button_one_text_size__hover=&#8221;null&#8221; button_two_text_size__hover_enabled=&#8221;off&#8221; button_two_text_size__hover=&#8221;null&#8221; button_one_text_color__hover_enabled=&#8221;off&#8221; button_one_text_color__hover=&#8221;null&#8221; button_two_text_color__hover_enabled=&#8221;off&#8221; button_two_text_color__hover=&#8221;null&#8221; button_one_border_width__hover_enabled=&#8221;off&#8221; button_one_border_width__hover=&#8221;null&#8221; button_two_border_width__hover_enabled=&#8221;off&#8221; button_two_border_width__hover=&#8221;null&#8221; button_one_border_color__hover_enabled=&#8221;off&#8221; button_one_border_color__hover=&#8221;null&#8221; button_two_border_color__hover_enabled=&#8221;off&#8221; button_two_border_color__hover=&#8221;null&#8221; button_one_border_radius__hover_enabled=&#8221;off&#8221; button_one_border_radius__hover=&#8221;null&#8221; button_two_border_radius__hover_enabled=&#8221;off&#8221; button_two_border_radius__hover=&#8221;null&#8221; button_one_letter_spacing__hover_enabled=&#8221;on&#8221; button_one_letter_spacing__hover=&#8221;0&#8243; button_two_letter_spacing__hover_enabled=&#8221;on&#8221; button_two_letter_spacing__hover=&#8221;0&#8243; button_one_bg_color__hover_enabled=&#8221;off&#8221; button_one_bg_color__hover=&#8221;null&#8221; button_two_bg_color__hover_enabled=&#8221;off&#8221; button_two_bg_color__hover=&#8221;null&#8221; scroll_down_icon_color=&#8221;#ffffff&#8221; subhead_line_height=&#8221;1.5em&#8221; title=&#8221;TEAGMH\u00c1IL&#8221; subhead_letter_spacing=&#8221;6px&#8221; subhead_font_size=&#8221;16px&#8221; title_text_color=&#8221;#ffffff&#8221; content_text_color=&#8221;#000000&#8243; subhead_text_color=&#8221;#000000&#8243; scroll_down_icon_size_last_edited=&#8221;on|&#8221; title_text_align=&#8221;center&#8221; \/][\/et_pb_section][et_pb_section bb_built=&#8221;1&#8243; fullwidth=&#8221;off&#8221; specialty=&#8221;off&#8221; prev_background_color=&#8221;#000000&#8243; next_background_color=&#8221;#000000&#8243;][et_pb_row][et_pb_column type=&#8221;1_2&#8243;][et_pb_blurb admin_label=&#8221;Ticket Desk Phone No.&#8221; _builder_version=&#8221;3.17.6&#8243; use_icon=&#8221;on&#8221; font_icon=&#8221;%%264%%&#8221; icon_placement=&#8221;left&#8221; use_icon_font_size=&#8221;on&#8221; icon_font_size=&#8221;20px&#8221; animation=&#8221;off&#8221; max_width_tablet=&#8221;50px&#8221;]<\/p>\n<h4>Deasc Tic\u00e9ad 056 770 4100<\/h4>\n<p>[\/et_pb_blurb][et_pb_blurb admin_label=&#8221;Group Bookings Phone No.&#8221; _builder_version=&#8221;3.17.6&#8243; use_icon=&#8221;on&#8221; font_icon=&#8221;%%264%%&#8221; icon_placement=&#8221;left&#8221; use_icon_font_size=&#8221;on&#8221; icon_font_size=&#8221;20px&#8221; animation=&#8221;off&#8221; max_width_tablet=&#8221;50px&#8221;]<\/p>\n<h4>\u00c1irithint\u00ed Gr\u00fapa\u00a0056 770 4106<\/h4>\n<p>[\/et_pb_blurb][et_pb_blurb admin_label=&#8221;Events Office Phone No.&#8221; _builder_version=&#8221;3.17.6&#8243; use_icon=&#8221;on&#8221; font_icon=&#8221;%%264%%&#8221; icon_placement=&#8221;left&#8221; use_icon_font_size=&#8221;on&#8221; icon_font_size=&#8221;20px&#8221; animation=&#8221;off&#8221; max_width_tablet=&#8221;50px&#8221;]<\/p>\n<h4>Oifig Imeachta\u00ed 056 770 4108<\/h4>\n<p>[\/et_pb_blurb][et_pb_blurb admin_label=&#8221;Guiding Service Phone No.&#8221; _builder_version=&#8221;3.17.6&#8243; use_icon=&#8221;on&#8221; font_icon=&#8221;%%264%%&#8221; icon_placement=&#8221;left&#8221; use_icon_font_size=&#8221;on&#8221; icon_font_size=&#8221;20px&#8221; animation=&#8221;off&#8221; max_width_tablet=&#8221;50px&#8221;]<\/p>\n<h4>Seirbh\u00eds\u00ed Treor\u00fach\u00e1in 056 770 4103<\/h4>\n<p>[\/et_pb_blurb][et_pb_blurb admin_label=&#8221;Castle Foreperson Phone No.&#8221; _builder_version=&#8221;3.17.6&#8243; use_icon=&#8221;on&#8221; font_icon=&#8221;%%264%%&#8221; icon_placement=&#8221;left&#8221; use_icon_font_size=&#8221;on&#8221; icon_font_size=&#8221;20px&#8221; animation=&#8221;off&#8221; max_width_tablet=&#8221;50px&#8221;]<\/p>\n<h4>Maor an Chaisle\u00e1in 086 819 1251<\/h4>\n<p>[\/et_pb_blurb][et_pb_blurb admin_label=&#8221;Park and Garden Foreperson Phone No.&#8221; _builder_version=&#8221;3.17.6&#8243; use_icon=&#8221;on&#8221; font_icon=&#8221;%%264%%&#8221; icon_placement=&#8221;left&#8221; use_icon_font_size=&#8221;on&#8221; icon_font_size=&#8221;20px&#8221; animation=&#8221;off&#8221; max_width_tablet=&#8221;50px&#8221;]<\/p>\n<h4>Maor na P\u00e1irce agus na nGaird\u00edn\u00ed 087 634 9153<\/h4>\n<p>[\/et_pb_blurb][\/et_pb_column][et_pb_column type=&#8221;1_2&#8243;][et_pb_blurb admin_label=&#8221;Email General&#8221; _builder_version=&#8221;3.17.6&#8243; use_icon=&#8221;on&#8221; font_icon=&#8221;%%109%%&#8221; icon_placement=&#8221;left&#8221; use_icon_font_size=&#8221;on&#8221; icon_font_size=&#8221;20px&#8221; animation=&#8221;off&#8221; max_width_tablet=&#8221;50px&#8221;]<\/p>\n<h4><a href=\"mailto:kilkennycastleinfo@opw.ie\">kilkennycastleinfo@opw.ie<\/a><\/h4>\n<p>[\/et_pb_blurb][et_pb_blurb admin_label=&#8221;Email Bookings&#8221; _builder_version=&#8221;3.17.6&#8243; use_icon=&#8221;on&#8221; font_icon=&#8221;%%109%%&#8221; icon_placement=&#8221;left&#8221; use_icon_font_size=&#8221;on&#8221; icon_font_size=&#8221;20px&#8221; animation=&#8221;off&#8221; max_width_tablet=&#8221;50px&#8221;]<\/p>\n<h4><a href=\"mailto:bookingskilkennycastle@opw.ie\">bookingskilkennycastle@opw.ie<\/a><\/h4>\n<p>[\/et_pb_blurb][et_pb_blurb admin_label=&#8221;Email Events Office&#8221; _builder_version=&#8221;3.19.7&#8243; use_icon=&#8221;on&#8221; font_icon=&#8221;%%109%%&#8221; icon_placement=&#8221;left&#8221; use_icon_font_size=&#8221;on&#8221; icon_font_size=&#8221;20px&#8221; animation=&#8221;off&#8221; max_width_tablet=&#8221;50px&#8221;]<\/p>\n<h4><a href=\"mailto:kilkennycastleevents@opw.ie\">kilkennycastleevents@opw.ie<\/a><\/h4>\n<p>[\/et_pb_blurb][et_pb_blurb admin_label=&#8221;Email Guiding Service&#8221; _builder_version=&#8221;3.17.6&#8243; use_icon=&#8221;on&#8221; font_icon=&#8221;%%109%%&#8221; icon_placement=&#8221;left&#8221; use_icon_font_size=&#8221;on&#8221; icon_font_size=&#8221;20px&#8221; animation=&#8221;off&#8221; max_width_tablet=&#8221;50px&#8221;]<\/p>\n<h4><a href=\"mailto:maelle.champenois@opw.ie\">maelle.champenois@opw.ie<\/a><\/h4>\n<p>[\/et_pb_blurb][et_pb_blurb admin_label=&#8221;Email Castle Foreperson&#8221; _builder_version=&#8221;3.17.6&#8243; use_icon=&#8221;on&#8221; font_icon=&#8221;%%109%%&#8221; icon_placement=&#8221;left&#8221; use_icon_font_size=&#8221;on&#8221; icon_font_size=&#8221;20px&#8221; animation=&#8221;off&#8221; max_width_tablet=&#8221;50px&#8221;]<\/p>\n<h4><a href=\"mailto:jaki.jordan@opw.ie\">jaki.jordan@opw.ie<\/a><\/h4>\n<p>[\/et_pb_blurb][et_pb_blurb admin_label=&#8221;Email Park and Garden Foreperson&#8221; _builder_version=&#8221;3.17.6&#8243; use_icon=&#8221;on&#8221; font_icon=&#8221;%%109%%&#8221; icon_placement=&#8221;left&#8221; use_icon_font_size=&#8221;on&#8221; icon_font_size=&#8221;20px&#8221; animation=&#8221;off&#8221; max_width_tablet=&#8221;50px&#8221;]<\/p>\n<h4><a href=\"mailto:colm.mangan@opw.ie\">colm.mangan@opw.ie<\/a><\/h4>\n<p>[\/et_pb_blurb][\/et_pb_column][\/et_pb_row][\/et_pb_section][et_pb_section bb_built=&#8221;1&#8243; fullwidth=&#8221;on&#8221; specialty=&#8221;off&#8221; prev_background_color=&#8221;#000000&#8243;][et_pb_fullwidth_map _builder_version=&#8221;3.17.5&#8243; address=&#8221;The Parade, Collegepark, Kilkenny, Ireland&#8221; zoom_level=&#8221;14&#8243; address_lat=&#8221;52.6504624&#8243; address_lng=&#8221;-7.249297899999988&#8243; mouse_wheel=&#8221;off&#8221; mobile_dragging=&#8221;off&#8221; link_option_url_new_window=&#8221;on&#8221;][et_pb_map_pin _builder_version=&#8221;3.17.5&#8243; zoom_level=&#8221;18&#8243; pin_address_lat=&#8221;52.6504624&#8243; pin_address_lng=&#8221;-7.249297899999988&#8243; title=&#8221;Caisle\u00e1n Chill Chainnigh&#8221; pin_address=&#8221;The Parade, Collegepark, Kilkenny, Ireland&#8221; \/][\/et_pb_fullwidth_map][\/et_pb_section]<\/p>\n","protected":false},"excerpt":{"rendered":"<p><div class=\"et_pb_row et_pb_row_0 et_pb_row_empty\">\n\t\t\t\t\n\t\t\t\t\n\t\t\t\t\n\t\t\t\t\n\t\t\t\t\n\t\t\t<\/div> Deasc Tic\u00e9ad 056 770 4100 \u00c1irithint\u00ed Gr\u00fapa\u00a0056 770 4106 Oifig Imeachta\u00ed 056 770 4108 Seirbh\u00eds\u00ed Treor\u00fach\u00e1in 056 770 4103 Maor an Chaisle\u00e1in 086 819 1251 Maor na P\u00e1irce agus [&hellip;]<\/p>\n","protected":false},"author":1,"featured_media":0,"parent":0,"menu_order":0,"comment_status":"closed","ping_status":"closed","template":"","meta":{"_et_pb_use_builder":"on","_et_pb_old_content":"","_et_gb_content_width":"","footnotes":""},"class_list":["post-4548","page","type-page","status-publish","hentry"],"_links":{"self":[{"href":"https:\/\/www.kilkennycastle.ie\/ga\/wp-json\/wp\/v2\/pages\/4548","targetHints":{"allow":["GET"]}}],"collection":[{"href":"https:\/\/www.kilkennycastle.ie\/ga\/wp-json\/wp\/v2\/pages"}],"about":[{"href":"https:\/\/www.kilkennycastle.ie\/ga\/wp-json\/wp\/v2\/types\/page"}],"author":[{"embeddable":true,"href":"https:\/\/www.kilkennycastle.ie\/ga\/wp-json\/wp\/v2\/users\/1"}],"replies":[{"embeddable":true,"href":"https:\/\/www.kilkennycastle.ie\/ga\/wp-json\/wp\/v2\/comments?post=4548"}],"version-history":[{"count":0,"href":"https:\/\/www.kilkennycastle.ie\/ga\/wp-json\/wp\/v2\/pages\/4548\/revisions"}],"wp:attachment":[{"href":"https:\/\/www.kilkennycastle.ie\/ga\/wp-json\/wp\/v2\/media?parent=4548"}],"curies":[{"name":"wp","href":"https:\/\/api.w.org\/{rel}","templated":true}]}}