{"id":4500,"date":"2019-12-10T14:47:16","date_gmt":"2019-12-10T14:47:16","guid":{"rendered":"http:\/\/kilkennycastle.ie\/ticeid-agus-amanna\/"},"modified":"2023-12-07T11:36:26","modified_gmt":"2023-12-07T11:36:26","slug":"ticeid-agus-amanna","status":"publish","type":"page","link":"https:\/\/www.kilkennycastle.ie\/ga\/ticeid-agus-amanna\/","title":{"rendered":"Uaireanta oscailte agus r\u00e1ta\u00ed"},"content":{"rendered":"<p>[et_pb_section fb_built=&#8221;1&#8243; fullwidth=&#8221;on&#8221; _builder_version=&#8221;4.16&#8243; global_colors_info=&#8221;{}&#8221;][et_pb_fullwidth_header title=&#8221;Uaireanta oscailte agus r\u00e1ta\u00ed&#8221; subhead=&#8221;T\u00e1 Caisle\u00e1n agus Fearann P\u00e1irce Chill Chainnigh ar oscailt gach l\u00e1*&#8221; text_orientation=&#8221;center&#8221; header_fullscreen=&#8221;on&#8221; header_scroll_down=&#8221;on&#8221; scroll_down_icon=&#8221;%%0%%&#8221; scroll_down_icon_size=&#8221;25px&#8221; background_overlay_color=&#8221;rgba(0,0,0,0.33)&#8221; _builder_version=&#8221;4.17.3&#8243; title_font_size=&#8221;50px&#8221; subhead_font_size=&#8221;23px&#8221; background_color=&#8221;rgba(255, 255, 255, 0)&#8221; background_image=&#8221;http:\/\/kilkennycastle.ie\/wp-content\/uploads\/2019\/02\/tickets-and-times-e1554284147115.jpg&#8221; max_width_tablet=&#8221;50px&#8221; global_colors_info=&#8221;{}&#8221; button_one_text_size__hover_enabled=&#8221;off&#8221; button_one_text_size__hover=&#8221;null&#8221; button_two_text_size__hover_enabled=&#8221;off&#8221; button_two_text_size__hover=&#8221;null&#8221; button_one_text_color__hover_enabled=&#8221;off&#8221; button_one_text_color__hover=&#8221;null&#8221; button_two_text_color__hover_enabled=&#8221;off&#8221; button_two_text_color__hover=&#8221;null&#8221; button_one_border_width__hover_enabled=&#8221;off&#8221; button_one_border_width__hover=&#8221;null&#8221; button_two_border_width__hover_enabled=&#8221;off&#8221; button_two_border_width__hover=&#8221;null&#8221; button_one_border_color__hover_enabled=&#8221;off&#8221; button_one_border_color__hover=&#8221;null&#8221; button_two_border_color__hover_enabled=&#8221;off&#8221; button_two_border_color__hover=&#8221;null&#8221; button_one_border_radius__hover_enabled=&#8221;off&#8221; button_one_border_radius__hover=&#8221;null&#8221; button_two_border_radius__hover_enabled=&#8221;off&#8221; button_two_border_radius__hover=&#8221;null&#8221; button_one_letter_spacing__hover_enabled=&#8221;off&#8221; button_one_letter_spacing__hover=&#8221;null&#8221; button_two_letter_spacing__hover_enabled=&#8221;off&#8221; button_two_letter_spacing__hover=&#8221;null&#8221; button_one_bg_color__hover_enabled=&#8221;off&#8221; button_one_bg_color__hover=&#8221;null&#8221; button_two_bg_color__hover_enabled=&#8221;off&#8221; button_two_bg_color__hover=&#8221;null&#8221;][\/et_pb_fullwidth_header][\/et_pb_section][et_pb_section fb_built=&#8221;1&#8243; _builder_version=&#8221;4.16&#8243; background_color=&#8221;gcid-4cb7d1ec-1cee-49be-9524-c7e49435d023&#8243; global_colors_info=&#8221;{%22gcid-4cb7d1ec-1cee-49be-9524-c7e49435d023%22:%91%22background_color%22%93}&#8221;][et_pb_row column_structure=&#8221;2_3,1_3&#8243; _builder_version=&#8221;4.16&#8243; _module_preset=&#8221;default&#8221; global_colors_info=&#8221;{}&#8221;][et_pb_column type=&#8221;2_3&#8243; _builder_version=&#8221;4.16&#8243; _module_preset=&#8221;default&#8221; global_colors_info=&#8221;{}&#8221;][et_pb_text admin_label=&#8221;Castle Opening Arrangements&#8221; _builder_version=&#8221;4.23.1&#8243; module_alignment=&#8221;left&#8221; hover_enabled=&#8221;0&#8243; z_index_tablet=&#8221;500&#8243; text_text_shadow_horizontal_length_tablet=&#8221;0px&#8221; text_text_shadow_vertical_length_tablet=&#8221;0px&#8221; text_text_shadow_blur_strength_tablet=&#8221;1px&#8221; link_text_shadow_horizontal_length_tablet=&#8221;0px&#8221; link_text_shadow_vertical_length_tablet=&#8221;0px&#8221; link_text_shadow_blur_strength_tablet=&#8221;1px&#8221; ul_text_shadow_horizontal_length_tablet=&#8221;0px&#8221; ul_text_shadow_vertical_length_tablet=&#8221;0px&#8221; ul_text_shadow_blur_strength_tablet=&#8221;1px&#8221; ol_text_shadow_horizontal_length_tablet=&#8221;0px&#8221; ol_text_shadow_vertical_length_tablet=&#8221;0px&#8221; ol_text_shadow_blur_strength_tablet=&#8221;1px&#8221; quote_text_shadow_horizontal_length_tablet=&#8221;0px&#8221; quote_text_shadow_vertical_length_tablet=&#8221;0px&#8221; quote_text_shadow_blur_strength_tablet=&#8221;1px&#8221; header_text_shadow_horizontal_length_tablet=&#8221;0px&#8221; header_text_shadow_vertical_length_tablet=&#8221;0px&#8221; header_text_shadow_blur_strength_tablet=&#8221;1px&#8221; header_2_text_shadow_horizontal_length_tablet=&#8221;0px&#8221; header_2_text_shadow_vertical_length_tablet=&#8221;0px&#8221; header_2_text_shadow_blur_strength_tablet=&#8221;1px&#8221; header_3_text_shadow_horizontal_length_tablet=&#8221;0px&#8221; header_3_text_shadow_vertical_length_tablet=&#8221;0px&#8221; header_3_text_shadow_blur_strength_tablet=&#8221;1px&#8221; header_4_text_shadow_horizontal_length_tablet=&#8221;0px&#8221; header_4_text_shadow_vertical_length_tablet=&#8221;0px&#8221; header_4_text_shadow_blur_strength_tablet=&#8221;1px&#8221; header_5_text_shadow_horizontal_length_tablet=&#8221;0px&#8221; header_5_text_shadow_vertical_length_tablet=&#8221;0px&#8221; header_5_text_shadow_blur_strength_tablet=&#8221;1px&#8221; header_6_text_shadow_horizontal_length_tablet=&#8221;0px&#8221; header_6_text_shadow_vertical_length_tablet=&#8221;0px&#8221; header_6_text_shadow_blur_strength_tablet=&#8221;1px&#8221; box_shadow_horizontal_tablet=&#8221;0px&#8221; box_shadow_vertical_tablet=&#8221;0px&#8221; box_shadow_blur_tablet=&#8221;40px&#8221; box_shadow_spread_tablet=&#8221;0px&#8221; global_colors_info=&#8221;{}&#8221; sticky_enabled=&#8221;0&#8243;]<\/p>\n<h1>Socruithe Oscailte an Chaisle\u00e1in<\/h1>\n<p>*Oscailte gach l\u00e1 ach amh\u00e1in Nollaig 24 (\u00f3 13:00), 25, 26 &amp; 27\u00a0 agus 31 (\u00f3 13:00), na d\u00e1ta\u00ed sin san \u00e1ireamh.<\/p>\n<p>\u26c8 D\u2019fh\u00e9adfadh go mbrathfadh oscailt l\u00e1ithre\u00e1n de chuid Oifig na nOibreacha Poibl\u00ed ar an aimsir agus chun s\u00e1bh\u00e1ilteacht agus foll\u00e1ine gach duine a dheimhni\u00fa, d\u2019fh\u00e9adfa\u00ed go mbeadh rochtain faoi r\u00e9ir athuithe ar gearrfh\u00f3gra. D\u00e9anfar gach iarracht chun na hiaimh seo a fh\u00f3gairt roimh am ach m\u00e1 t\u00e1 aon amhras ort, d\u00e9an seice\u00e1il leis an l\u00e1thair le do thoil le haghaidh a St\u00e1das Oscailte\/D\u00fanta.<\/p>\n<p>&nbsp;<\/p>\n<table width=\"643\" height=\"91\" style=\"height: 92px;\">\n<tbody>\n<tr style=\"height: 23px;\">\n<td style=\"width: 313.6px; height: 23px;\">Deireadh F\u00f3mhair go\u00a0M\u00e1rta<\/td>\n<td style=\"width: 314.4px; height: 23px;\">09:30 &#8211; 17:00<\/td>\n<\/tr>\n<tr style=\"height: 23px;\">\n<td style=\"width: 313.6px; height: 23px;\">Aibre\u00e1n go\u00a0Me\u00e1n F\u00f3mhair<\/td>\n<td style=\"width: 314.4px; height: 23px;\">09:15 &#8211; 17:30<\/td>\n<\/tr>\n<\/tbody>\n<\/table>\n<p>Iontr\u00e1il deiridh 30 n\u00f3im\u00e9ad roimh am d\u00fanta.<\/p>\n<p>[\/et_pb_text][\/et_pb_column][et_pb_column type=&#8221;1_3&#8243; _builder_version=&#8221;4.16&#8243; _module_preset=&#8221;default&#8221; global_colors_info=&#8221;{}&#8221;][et_pb_image src=&#8221;https:\/\/kilkennycastle.ie\/wp-content\/uploads\/2021\/10\/October-2021.jpg&#8221; title_text=&#8221;October 2021&#8243; _builder_version=&#8221;4.16&#8243; _module_preset=&#8221;default&#8221; border_radii=&#8221;on|10px|10px|10px|10px&#8221; box_shadow_style=&#8221;preset1&#8243; global_colors_info=&#8221;{}&#8221;][\/et_pb_image][\/et_pb_column][\/et_pb_row][et_pb_row column_structure=&#8221;2_3,1_3&#8243; _builder_version=&#8221;4.16&#8243; background_size=&#8221;initial&#8221; background_position=&#8221;top_left&#8221; background_repeat=&#8221;repeat&#8221; global_colors_info=&#8221;{}&#8221;][et_pb_column type=&#8221;2_3&#8243; _builder_version=&#8221;4.16&#8243; custom_padding=&#8221;|||&#8221; global_colors_info=&#8221;{}&#8221; custom_padding__hover=&#8221;|||&#8221;][et_pb_text admin_label=&#8221;Parklands Text&#8221; _builder_version=&#8221;4.16.0&#8243; module_alignment=&#8221;left&#8221; global_colors_info=&#8221;{}&#8221;]<\/p>\n<h1>P\u00e1irc agus Gaird\u00edn Chaisle\u00e1n Chill Chainnigh<\/h1>\n<p>faoi deara go dtosa\u00edtear ag d\u00fanadh na P\u00e1irce 30 n\u00f3im\u00e9ad roimh an am d\u00fanta at\u00e1 sa sceideal. An geata i limist\u00e9ar an Chl\u00f3is an geata deireanach a dh\u00fantar.<\/p>\n<p>Oscailte gach l\u00e1 ach amh\u00e1in Nollaig 24 (\u00f3 13:00) agus 25, na d\u00e1tai sin san \u00e1ireamh.<\/p>\n<p>&nbsp;<\/p>\n<table>\n<tbody>\n<tr>\n<td width=\"301\">Ean\u00e1ir<\/td>\n<td width=\"301\">09:00 \u2013 16:30<\/td>\n<\/tr>\n<tr>\n<td width=\"301\">Feabhra<\/td>\n<td width=\"301\">09:00 \u2013 17:30<\/td>\n<\/tr>\n<tr>\n<td width=\"301\">M\u00e1rta<\/td>\n<td width=\"301\">08:30 \u2013 18:00<\/td>\n<\/tr>\n<tr>\n<td width=\"301\">Aibre\u00e1n<\/td>\n<td width=\"301\">08:30 \u2013 19:30<\/td>\n<\/tr>\n<tr>\n<td width=\"301\">Beal, Meith, I\u00fail agus L\u00fanasa<\/td>\n<td width=\"301\">08:30 \u2013 20:30<\/td>\n<\/tr>\n<tr>\n<td width=\"301\">Me\u00e1n F\u00f3mhair<\/td>\n<td width=\"301\">08:30 \u2013 19:30<\/td>\n<\/tr>\n<tr>\n<td width=\"301\">Deireadh F\u00f3mhair<\/td>\n<td width=\"301\">08:30 \u2013 18:00<\/td>\n<\/tr>\n<tr>\n<td width=\"301\">Samhain<\/td>\n<td width=\"301\">09:00 \u2013 17:00<\/td>\n<\/tr>\n<tr>\n<td width=\"301\">M\u00ed na Nollag<\/td>\n<td width=\"301\">09:00 \u2013 16:30<\/td>\n<\/tr>\n<\/tbody>\n<\/table>\n<p>&nbsp;<\/p>\n<p>&nbsp;<\/p>\n<p>[\/et_pb_text][\/et_pb_column][et_pb_column type=&#8221;1_3&#8243; _builder_version=&#8221;4.16&#8243; custom_padding=&#8221;|||&#8221; global_colors_info=&#8221;{}&#8221; custom_padding__hover=&#8221;|||&#8221;][et_pb_image src=&#8221;https:\/\/kilkennycastle.ie\/wp-content\/uploads\/2021\/03\/20201106_081441-scaled.jpg&#8221; title_text=&#8221;20201106_081441&#8243; _builder_version=&#8221;4.16&#8243; _module_preset=&#8221;default&#8221; border_radii=&#8221;on|10px|10px|10px|10px&#8221; box_shadow_style=&#8221;preset1&#8243; global_colors_info=&#8221;{}&#8221;][\/et_pb_image][\/et_pb_column][\/et_pb_row][\/et_pb_section][et_pb_section fb_built=&#8221;1&#8243; _builder_version=&#8221;4.16&#8243; global_colors_info=&#8221;{}&#8221;][et_pb_row _builder_version=&#8221;4.16&#8243; _module_preset=&#8221;default&#8221; global_colors_info=&#8221;{}&#8221;][et_pb_column type=&#8221;4_4&#8243; _builder_version=&#8221;4.16&#8243; _module_preset=&#8221;default&#8221; global_colors_info=&#8221;{}&#8221;][et_pb_text _builder_version=&#8221;4.20.4&#8243; _module_preset=&#8221;default&#8221; global_colors_info=&#8221;{}&#8221;]<\/p>\n<h1 style=\"text-align: center;\">2023 Iontr\u00e1il<\/h1>\n<p>[\/et_pb_text][\/et_pb_column][\/et_pb_row][et_pb_row column_structure=&#8221;1_2,1_2&#8243; _builder_version=&#8221;4.16&#8243; _module_preset=&#8221;default&#8221; global_colors_info=&#8221;{}&#8221;][et_pb_column type=&#8221;1_2&#8243; _builder_version=&#8221;4.16&#8243; _module_preset=&#8221;default&#8221; global_colors_info=&#8221;{}&#8221;][et_pb_text _builder_version=&#8221;4.20.4&#8243; _module_preset=&#8221;default&#8221; global_colors_info=&#8221;{}&#8221;]<\/p>\n<h3 style=\"text-align: center;\">Turais Fh\u00e9intreoraithe<\/h3>\n<p>[\/et_pb_text][et_pb_image src=&#8221;https:\/\/kilkennycastle.ie\/wp-content\/uploads\/2021\/10\/BeFunky-collage-17.jpg&#8221; title_text=&#8221;BeFunky-collage (17)&#8221; url=&#8221;https:\/\/kilkennycastle.ie\/ga\/turais-fein-threoraithe\/&#8221; _builder_version=&#8221;4.16&#8243; _module_preset=&#8221;default&#8221; border_radii=&#8221;on|10px|10px|10px|10px&#8221; box_shadow_style=&#8221;preset1&#8243; global_colors_info=&#8221;{}&#8221;][\/et_pb_image][et_pb_text disabled_on=&#8221;off|off|off&#8221; admin_label=&#8221;Tour Text &#038; Admission Prices&#8221; _builder_version=&#8221;4.20.4&#8243; module_alignment=&#8221;left&#8221; z_index_tablet=&#8221;500&#8243; text_text_shadow_horizontal_length_tablet=&#8221;0px&#8221; text_text_shadow_vertical_length_tablet=&#8221;0px&#8221; text_text_shadow_blur_strength_tablet=&#8221;1px&#8221; link_text_shadow_horizontal_length_tablet=&#8221;0px&#8221; link_text_shadow_vertical_length_tablet=&#8221;0px&#8221; link_text_shadow_blur_strength_tablet=&#8221;1px&#8221; ul_text_shadow_horizontal_length_tablet=&#8221;0px&#8221; ul_text_shadow_vertical_length_tablet=&#8221;0px&#8221; ul_text_shadow_blur_strength_tablet=&#8221;1px&#8221; ol_text_shadow_horizontal_length_tablet=&#8221;0px&#8221; ol_text_shadow_vertical_length_tablet=&#8221;0px&#8221; ol_text_shadow_blur_strength_tablet=&#8221;1px&#8221; quote_text_shadow_horizontal_length_tablet=&#8221;0px&#8221; quote_text_shadow_vertical_length_tablet=&#8221;0px&#8221; quote_text_shadow_blur_strength_tablet=&#8221;1px&#8221; header_text_shadow_horizontal_length_tablet=&#8221;0px&#8221; header_text_shadow_vertical_length_tablet=&#8221;0px&#8221; header_text_shadow_blur_strength_tablet=&#8221;1px&#8221; header_2_text_shadow_horizontal_length_tablet=&#8221;0px&#8221; header_2_text_shadow_vertical_length_tablet=&#8221;0px&#8221; header_2_text_shadow_blur_strength_tablet=&#8221;1px&#8221; header_3_text_shadow_horizontal_length_tablet=&#8221;0px&#8221; header_3_text_shadow_vertical_length_tablet=&#8221;0px&#8221; header_3_text_shadow_blur_strength_tablet=&#8221;1px&#8221; header_4_text_shadow_horizontal_length_tablet=&#8221;0px&#8221; header_4_text_shadow_vertical_length_tablet=&#8221;0px&#8221; header_4_text_shadow_blur_strength_tablet=&#8221;1px&#8221; header_5_text_shadow_horizontal_length_tablet=&#8221;0px&#8221; header_5_text_shadow_vertical_length_tablet=&#8221;0px&#8221; header_5_text_shadow_blur_strength_tablet=&#8221;1px&#8221; header_6_text_shadow_horizontal_length_tablet=&#8221;0px&#8221; header_6_text_shadow_vertical_length_tablet=&#8221;0px&#8221; header_6_text_shadow_blur_strength_tablet=&#8221;1px&#8221; box_shadow_horizontal_tablet=&#8221;0px&#8221; box_shadow_vertical_tablet=&#8221;0px&#8221; box_shadow_blur_tablet=&#8221;40px&#8221; box_shadow_spread_tablet=&#8221;0px&#8221; global_colors_info=&#8221;{}&#8221;]<\/p>\n<p>&nbsp;<\/p>\n<table>\n<tbody>\n<tr>\n<td width=\"301\">CATAG\u00d3IR<\/td>\n<td width=\"301\">PRAGHAS<\/td>\n<\/tr>\n<tr>\n<td width=\"301\">Duine F\u00e1sta<\/td>\n<td width=\"301\">\u20ac8<\/td>\n<\/tr>\n<tr>\n<td width=\"301\">Sean\u00f3ir (60+)\/Gr\u00fapa (20+ Duine F\u00e1sta\/Sean\u00f3ir)<\/td>\n<td width=\"301\">\u20ac6<\/td>\n<\/tr>\n<tr>\n<td width=\"301\">P\u00e1iste (12-17)\/Mac L\u00e9inn (le c\u00e1rta bail\u00ed)<\/td>\n<td width=\"301\">\u20ac4<\/td>\n<\/tr>\n<tr>\n<td width=\"301\">Teaghlach<\/td>\n<td width=\"301\">\u20ac20<\/td>\n<\/tr>\n<tr>\n<td width=\"301\">P\u00e1ist\u00ed faoi 12<\/td>\n<td width=\"301\">IN AISCE<\/td>\n<\/tr>\n<tr>\n<td>C\u00e1rta Oidhreachta<\/td>\n<td>IN AISCE<\/td>\n<\/tr>\n<\/tbody>\n<\/table>\n<p>&nbsp;<\/p>\n<p>[\/et_pb_text][\/et_pb_column][et_pb_column type=&#8221;1_2&#8243; _builder_version=&#8221;4.16&#8243; _module_preset=&#8221;default&#8221; global_colors_info=&#8221;{}&#8221;][et_pb_text _builder_version=&#8221;4.20.4&#8243; _module_preset=&#8221;default&#8221; global_colors_info=&#8221;{}&#8221;]<\/p>\n<h3 style=\"text-align: center;\">Turais Threoraithe<\/h3>\n<p>[\/et_pb_text][et_pb_image src=&#8221;https:\/\/kilkennycastle.ie\/wp-content\/uploads\/2021\/10\/BeFunky-collage-18.jpg&#8221; title_text=&#8221;BeFunky-collage (18)&#8221; url=&#8221;https:\/\/kilkennycastle.ie\/ga\/turais-threoraithe\/&#8221; _builder_version=&#8221;4.16&#8243; _module_preset=&#8221;default&#8221; border_radii=&#8221;on|10px|10px|10px|10px&#8221; box_shadow_style=&#8221;preset1&#8243; global_colors_info=&#8221;{}&#8221;][\/et_pb_image][et_pb_text disabled_on=&#8221;off|off|off&#8221; admin_label=&#8221;Tour Text &#038; Admission Prices&#8221; _builder_version=&#8221;4.20.4&#8243; module_alignment=&#8221;left&#8221; z_index_tablet=&#8221;500&#8243; text_text_shadow_horizontal_length_tablet=&#8221;0px&#8221; text_text_shadow_vertical_length_tablet=&#8221;0px&#8221; text_text_shadow_blur_strength_tablet=&#8221;1px&#8221; link_text_shadow_horizontal_length_tablet=&#8221;0px&#8221; link_text_shadow_vertical_length_tablet=&#8221;0px&#8221; link_text_shadow_blur_strength_tablet=&#8221;1px&#8221; ul_text_shadow_horizontal_length_tablet=&#8221;0px&#8221; ul_text_shadow_vertical_length_tablet=&#8221;0px&#8221; ul_text_shadow_blur_strength_tablet=&#8221;1px&#8221; ol_text_shadow_horizontal_length_tablet=&#8221;0px&#8221; ol_text_shadow_vertical_length_tablet=&#8221;0px&#8221; ol_text_shadow_blur_strength_tablet=&#8221;1px&#8221; quote_text_shadow_horizontal_length_tablet=&#8221;0px&#8221; quote_text_shadow_vertical_length_tablet=&#8221;0px&#8221; quote_text_shadow_blur_strength_tablet=&#8221;1px&#8221; header_text_shadow_horizontal_length_tablet=&#8221;0px&#8221; header_text_shadow_vertical_length_tablet=&#8221;0px&#8221; header_text_shadow_blur_strength_tablet=&#8221;1px&#8221; header_2_text_shadow_horizontal_length_tablet=&#8221;0px&#8221; header_2_text_shadow_vertical_length_tablet=&#8221;0px&#8221; header_2_text_shadow_blur_strength_tablet=&#8221;1px&#8221; header_3_text_shadow_horizontal_length_tablet=&#8221;0px&#8221; header_3_text_shadow_vertical_length_tablet=&#8221;0px&#8221; header_3_text_shadow_blur_strength_tablet=&#8221;1px&#8221; header_4_text_shadow_horizontal_length_tablet=&#8221;0px&#8221; header_4_text_shadow_vertical_length_tablet=&#8221;0px&#8221; header_4_text_shadow_blur_strength_tablet=&#8221;1px&#8221; header_5_text_shadow_horizontal_length_tablet=&#8221;0px&#8221; header_5_text_shadow_vertical_length_tablet=&#8221;0px&#8221; header_5_text_shadow_blur_strength_tablet=&#8221;1px&#8221; header_6_text_shadow_horizontal_length_tablet=&#8221;0px&#8221; header_6_text_shadow_vertical_length_tablet=&#8221;0px&#8221; header_6_text_shadow_blur_strength_tablet=&#8221;1px&#8221; box_shadow_horizontal_tablet=&#8221;0px&#8221; box_shadow_vertical_tablet=&#8221;0px&#8221; box_shadow_blur_tablet=&#8221;40px&#8221; box_shadow_spread_tablet=&#8221;0px&#8221; global_colors_info=&#8221;{}&#8221;]<\/p>\n<p>&nbsp;<\/p>\n<table>\n<tbody>\n<tr>\n<td width=\"301\">CATAG\u00d3IR<\/td>\n<td width=\"301\">PRAGHAS<\/td>\n<\/tr>\n<tr>\n<td width=\"301\">Duine F\u00e1sta<\/td>\n<td width=\"301\">\u20ac12<\/td>\n<\/tr>\n<tr>\n<td width=\"301\">Sean\u00f3ir (60+)\/Gr\u00fapa (20+ Duine F\u00e1sta\/Sean\u00f3ir)<\/td>\n<td width=\"301\">\u20ac10<\/td>\n<\/tr>\n<tr>\n<td width=\"301\">P\u00e1iste (12-17)\/Mac L\u00e9inn (le c\u00e1rta bail\u00ed)<\/td>\n<td width=\"301\">\u20ac6<\/td>\n<\/tr>\n<tr>\n<td width=\"301\">Teaghlach<\/td>\n<td width=\"301\">\u20ac30<\/td>\n<\/tr>\n<tr>\n<td width=\"301\">P\u00e1ist\u00ed faoi 12<\/td>\n<td width=\"301\">IN AISCE<\/td>\n<\/tr>\n<tr>\n<td>C\u00e1rta Oidhreachta<\/td>\n<td>IN AISCE<\/td>\n<\/tr>\n<\/tbody>\n<\/table>\n<p>&nbsp;<\/p>\n<p>&nbsp;<\/p>\n<p>[\/et_pb_text][\/et_pb_column][\/et_pb_row][et_pb_row _builder_version=&#8221;4.20.4&#8243; _module_preset=&#8221;default&#8221; global_colors_info=&#8221;{}&#8221;][et_pb_column type=&#8221;4_4&#8243; _builder_version=&#8221;4.20.4&#8243; _module_preset=&#8221;default&#8221; global_colors_info=&#8221;{}&#8221;][et_pb_button button_url=&#8221;https:\/\/kilkenny.admit-one.eu\/?&#038;language=IE&#8221; button_text=&#8221;S\u00e1bh\u00e1il Am agus D\u00e9an \u00c1irithint ar L\u00edne!&#8221; button_alignment=&#8221;center&#8221; disabled_on=&#8221;off|off|off&#8221; admin_label=&#8221;Save Time &#038; Book Online!&#8221; _builder_version=&#8221;4.17.3&#8243; custom_button=&#8221;on&#8221; button_bg_color=&#8221;gcid-fd18f947-01b7-4ce4-88dd-62abac1bacad&#8221; z_index_tablet=&#8221;500&#8243; button_text_shadow_horizontal_length_tablet=&#8221;0px&#8221; button_text_shadow_vertical_length_tablet=&#8221;0px&#8221; button_text_shadow_blur_strength_tablet=&#8221;1px&#8221; box_shadow_style=&#8221;preset1&#8243; box_shadow_horizontal_tablet=&#8221;0px&#8221; box_shadow_vertical_tablet=&#8221;0px&#8221; box_shadow_blur_tablet=&#8221;40px&#8221; box_shadow_spread_tablet=&#8221;0px&#8221; global_colors_info=&#8221;{%22gcid-fd18f947-01b7-4ce4-88dd-62abac1bacad%22:%91%22button_bg_color%22%93}&#8221;]<br \/>\n[\/et_pb_button][\/et_pb_column][\/et_pb_row][et_pb_row _builder_version=&#8221;4.20.4&#8243; _module_preset=&#8221;default&#8221; global_colors_info=&#8221;{}&#8221;][et_pb_column type=&#8221;4_4&#8243; _builder_version=&#8221;4.20.4&#8243; _module_preset=&#8221;default&#8221; global_colors_info=&#8221;{}&#8221;][et_pb_text _builder_version=&#8221;4.20.4&#8243; _module_preset=&#8221;default&#8221; global_colors_info=&#8221;{}&#8221;]<\/p>\n<p style=\"text-align: center;\"><strong>T\u00e1 cead isteach saor in aisce do dhaoine faoi mh\u00edchumas agus do na c\u00faram\u00f3ir\u00ed at\u00e1 ina dteannta. <\/strong><\/p>\n<p style=\"text-align: center;\"><strong>D\u00e9an teagmh\u00e1il linn ar 056 774106 \/\u00a0<a href=\"mailto:bookingskilkennycastle@opw.ie\">bookingskilkennycastle@opw.ie<\/a>\u00a0chun tic\u00e9ad saor in aisce a chur in \u00e1irithe.<\/strong><\/p>\n<p>[\/et_pb_text][\/et_pb_column][\/et_pb_row][et_pb_row column_structure=&#8221;2_3,1_3&#8243; _builder_version=&#8221;4.17.6&#8243; _module_preset=&#8221;default&#8221; global_colors_info=&#8221;{}&#8221;][et_pb_column type=&#8221;2_3&#8243; _builder_version=&#8221;4.17.6&#8243; _module_preset=&#8221;default&#8221; global_colors_info=&#8221;{}&#8221;][et_pb_text _builder_version=&#8221;4.20.4&#8243; _module_preset=&#8221;default&#8221; global_colors_info=&#8221;{}&#8221;]<\/p>\n<h4>C\u00e1rta Oidhreachta<\/h4>\n<h4>Bain sult as Oidhreacht Iontach na \u00c9ireann.<\/h4>\n<h4>Ceannaigh C\u00e1rta Oidhreachta Oifig na nOibreacha Poibl\u00ed.<\/h4>\n<h4>Cead isteach soar in aisce go dt\u00ed breis is 45 de na I\u00e1ithre\u00e1in Oidhreachta is bre\u00e1tha In \u00c9irinn.<\/h4>\n<h4><span><a href=\"https:\/\/heritageireland.ie\/ga\/tabhair-cuairt\/carta-oidhreachta\/\">Clice\u00e1il anseo<\/a> le haghaidh tuilleadh eolais<\/span><\/h4>\n<p>[\/et_pb_text][\/et_pb_column][et_pb_column type=&#8221;1_3&#8243; _builder_version=&#8221;4.17.6&#8243; _module_preset=&#8221;default&#8221; global_colors_info=&#8221;{}&#8221;][et_pb_image src=&#8221;https:\/\/kilkennycastle.ie\/wp-content\/uploads\/2022\/07\/OPW-Heritage-Card-320&#215;205-1.png&#8221; title_text=&#8221;OPW-Heritage-Card-320&#215;205&#8243; url=&#8221;https:\/\/heritageireland.ie\/ga\/tabhair-cuairt\/carta-oidhreachta\/&#8221; _builder_version=&#8221;4.17.6&#8243; _module_preset=&#8221;default&#8221; global_colors_info=&#8221;{}&#8221;][\/et_pb_image][\/et_pb_column][\/et_pb_row][\/et_pb_section]<\/p>\n","protected":false},"excerpt":{"rendered":"<p>Socruithe Oscailte an Chaisle\u00e1in *Oscailte gach l\u00e1 ach amh\u00e1in Nollaig 24 (\u00f3 13:00), 25, 26 &amp; 27\u00a0 agus 31 (\u00f3 13:00), na d\u00e1ta\u00ed sin san \u00e1ireamh. \u26c8 D\u2019fh\u00e9adfadh go mbrathfadh [&hellip;]<\/p>\n","protected":false},"author":1,"featured_media":0,"parent":0,"menu_order":0,"comment_status":"closed","ping_status":"closed","template":"","meta":{"_et_pb_use_builder":"on","_et_pb_old_content":"","_et_gb_content_width":"","footnotes":""},"class_list":["post-4500","page","type-page","status-publish","hentry"],"_links":{"self":[{"href":"https:\/\/www.kilkennycastle.ie\/ga\/wp-json\/wp\/v2\/pages\/4500","targetHints":{"allow":["GET"]}}],"collection":[{"href":"https:\/\/www.kilkennycastle.ie\/ga\/wp-json\/wp\/v2\/pages"}],"about":[{"href":"https:\/\/www.kilkennycastle.ie\/ga\/wp-json\/wp\/v2\/types\/page"}],"author":[{"embeddable":true,"href":"https:\/\/www.kilkennycastle.ie\/ga\/wp-json\/wp\/v2\/users\/1"}],"replies":[{"embeddable":true,"href":"https:\/\/www.kilkennycastle.ie\/ga\/wp-json\/wp\/v2\/comments?post=4500"}],"version-history":[{"count":2,"href":"https:\/\/www.kilkennycastle.ie\/ga\/wp-json\/wp\/v2\/pages\/4500\/revisions"}],"predecessor-version":[{"id":15639,"href":"https:\/\/www.kilkennycastle.ie\/ga\/wp-json\/wp\/v2\/pages\/4500\/revisions\/15639"}],"wp:attachment":[{"href":"https:\/\/www.kilkennycastle.ie\/ga\/wp-json\/wp\/v2\/media?parent=4500"}],"curies":[{"name":"wp","href":"https:\/\/api.w.org\/{rel}","templated":true}]}}