{"id":15230,"date":"2023-05-19T11:59:17","date_gmt":"2023-05-19T10:59:17","guid":{"rendered":"https:\/\/kilkennycastle.ie\/eispeireas-leithleach\/"},"modified":"2023-05-19T12:16:34","modified_gmt":"2023-05-19T11:16:34","slug":"eispeireas-leithleach","status":"publish","type":"page","link":"https:\/\/www.kilkennycastle.ie\/ga\/eispeireas-leithleach\/","title":{"rendered":"Eisp\u00e9ireas Leithleach"},"content":{"rendered":"<p>[et_pb_section fb_built=&#8221;1&#8243; fullwidth=&#8221;on&#8221; _builder_version=&#8221;4.17.4&#8243; global_colors_info=&#8221;{}&#8221;][et_pb_fullwidth_header title=&#8221;Eisp\u00e9ireas Leithleach&#8221; subhead=&#8221;L\u00e9igh a Thuilleadh&#8221; text_orientation=&#8221;center&#8221; header_fullscreen=&#8221;on&#8221; header_scroll_down=&#8221;on&#8221; scroll_down_icon=&#8221;%%0%%&#8221; scroll_down_icon_size=&#8221;25px&#8221; background_overlay_color=&#8221;rgba(0,0,0,0.33)&#8221; _builder_version=&#8221;4.17.4&#8243; title_font_size=&#8221;50px&#8221; subhead_font_size=&#8221;23px&#8221; background_color=&#8221;rgba(255, 255, 255, 0)&#8221; background_image=&#8221;https:\/\/kilkennycastle.ie\/wp-content\/uploads\/2022\/06\/The-Picture-Gallery-of-Kilkenny-Castle-scaled.jpg&#8221; global_colors_info=&#8221;{}&#8221; button_one_text_size__hover_enabled=&#8221;off&#8221; button_one_text_size__hover=&#8221;null&#8221; button_two_text_size__hover_enabled=&#8221;off&#8221; button_two_text_size__hover=&#8221;null&#8221; button_one_text_color__hover_enabled=&#8221;off&#8221; button_one_text_color__hover=&#8221;null&#8221; button_two_text_color__hover_enabled=&#8221;off&#8221; button_two_text_color__hover=&#8221;null&#8221; button_one_border_width__hover_enabled=&#8221;off&#8221; button_one_border_width__hover=&#8221;null&#8221; button_two_border_width__hover_enabled=&#8221;off&#8221; button_two_border_width__hover=&#8221;null&#8221; button_one_border_color__hover_enabled=&#8221;off&#8221; button_one_border_color__hover=&#8221;null&#8221; button_two_border_color__hover_enabled=&#8221;off&#8221; button_two_border_color__hover=&#8221;null&#8221; button_one_border_radius__hover_enabled=&#8221;off&#8221; button_one_border_radius__hover=&#8221;null&#8221; button_two_border_radius__hover_enabled=&#8221;off&#8221; button_two_border_radius__hover=&#8221;null&#8221; button_one_letter_spacing__hover_enabled=&#8221;on&#8221; button_one_letter_spacing__hover=&#8221;0&#8243; button_two_letter_spacing__hover_enabled=&#8221;on&#8221; button_two_letter_spacing__hover=&#8221;0&#8243; button_one_bg_color__hover_enabled=&#8221;off&#8221; button_one_bg_color__hover=&#8221;null&#8221; button_two_bg_color__hover_enabled=&#8221;off&#8221; button_two_bg_color__hover=&#8221;null&#8221;][\/et_pb_fullwidth_header][\/et_pb_section][et_pb_section fb_built=&#8221;1&#8243; _builder_version=&#8221;4.16&#8243; min_height=&#8221;458.8px&#8221; custom_margin=&#8221;||-79px|||&#8221; global_colors_info=&#8221;{}&#8221;][et_pb_row _builder_version=&#8221;4.16&#8243; _module_preset=&#8221;default&#8221; global_colors_info=&#8221;{}&#8221;][et_pb_column type=&#8221;4_4&#8243; _builder_version=&#8221;4.16&#8243; _module_preset=&#8221;default&#8221; global_colors_info=&#8221;{}&#8221;][et_pb_text _builder_version=&#8221;4.21.0&#8243; _module_preset=&#8221;default&#8221; hover_enabled=&#8221;0&#8243; global_colors_info=&#8221;{}&#8221; sticky_enabled=&#8221;0&#8243;]<\/p>\n<h1 style=\"text-align: center;\">Eisp\u00e9ireas Leithleach<\/h1>\n<h2 style=\"text-align: center;\">S\u00f3-Eisp\u00e9ireas| Turas Treoraithe Pr\u00edobh\u00e1ideach Pearsantaithe |Rochtain eisiach ar Bhaili\u00fach\u00e1in Chaisle\u00e1n Chill Chainnigh<\/h2>\n<p style=\"text-align: left;\">Is beag foirgneamh in \u00c9irinn a bhfuil c\u00f3na\u00ed lean\u00fanach ann chomh fada is at\u00e1 i gCaisle\u00e1n Chill Chainnigh. Buna\u00edodh an Caisle\u00e1n go luath tar \u00e9is choncas na Normannach ar \u00c9irinn. Le breis agus 800 bliain anuas, rinneadh an Caisle\u00e1n a at\u00f3g\u00e1il, a leathn\u00fa agus a athch\u00f3iri\u00fa de r\u00e9ir mar a bh\u00ed c\u00fains\u00ed agus feidhmeanna ag athr\u00fa le himeacht aimsire.<br \/>Bh\u00ed Caisle\u00e1n Chill Chainnigh tr\u00e1th mar \u00e1it ch\u00f3naithe ag muintir de Buitl\u00e9ir, teaghlach a bh\u00ed cumhachtach agus tionchar acu ar ch\u00farsa\u00ed rialtais (Di\u00faic, Marcais agus Iarla\u00ed Urumhan). Inniu t\u00e1 Caisle\u00e1n Chill Chainnigh ar cheann de na Maoine Stairi\u00fala N\u00e1isi\u00fanta is m\u00f3 gradaim in \u00c9irinn. Seasann s\u00e9 ar ard strait\u00e9iseach os cionn Abhann na Feoire, i measc 21 heicte\u00e1r de thailte fearann agus gaird\u00edn\u00ed foirmi\u00fala i gcro\u00edl\u00e1r Chathair Chill Chainnigh.<\/p>\n<p>[\/et_pb_text][et_pb_button button_url=&#8221;http:\/\/kilkennycastle.ie\/wp-content\/uploads\/2023\/01\/OPW_UniqueExperiences_KilkennyCastle-2023_compressed.pdf&#8221; button_text=&#8221;Clice\u00e1il anseo chun br\u00f3isi\u00far a \u00edosl\u00f3d\u00e1il &#8221; button_alignment=&#8221;center&#8221; _builder_version=&#8221;4.16&#8243; _module_preset=&#8221;default&#8221; custom_button=&#8221;on&#8221; button_text_color=&#8221;#FFFFFF&#8221; button_bg_color=&#8221;gcid-fd18f947-01b7-4ce4-88dd-62abac1bacad&#8221; button_border_color=&#8221;#FFFFFF&#8221; global_colors_info=&#8221;{%22gcid-fd18f947-01b7-4ce4-88dd-62abac1bacad%22:%91%22button_bg_color%22%93}&#8221;][\/et_pb_button][\/et_pb_column][\/et_pb_row][\/et_pb_section][et_pb_section fb_built=&#8221;1&#8243; _builder_version=&#8221;4.17.4&#8243; background_color=&#8221;gcid-4cb7d1ec-1cee-49be-9524-c7e49435d023&#8243; global_colors_info=&#8221;{%22gcid-4cb7d1ec-1cee-49be-9524-c7e49435d023%22:%91%22background_color%22%93}&#8221;][et_pb_row column_structure=&#8221;3_5,2_5&#8243; _builder_version=&#8221;4.17.4&#8243; _module_preset=&#8221;default&#8221; border_radii=&#8221;on|10px|10px|10px|10px&#8221; border_color_all=&#8221;#FFFFFF&#8221; global_colors_info=&#8221;{}&#8221;][et_pb_column type=&#8221;3_5&#8243; _builder_version=&#8221;4.16&#8243; _module_preset=&#8221;default&#8221; global_colors_info=&#8221;{}&#8221;][et_pb_text _builder_version=&#8221;4.21.0&#8243; _module_preset=&#8221;default&#8221; hover_enabled=&#8221;0&#8243; global_colors_info=&#8221;{}&#8221; sticky_enabled=&#8221;0&#8243;]<\/p>\n<h2>S\u00f3-Eisp\u00e9ireas:<\/h2>\n<h3>Radharc Pr\u00edobh\u00e1ideach ar shaothair \u00f3 Bhaili\u00fach\u00e1n Urumhan le cuairt treoraithe pearsantaithe ar Chaisle\u00e1n Chill Chainnigh<\/h3>\n<p>[\/et_pb_text][et_pb_text _builder_version=&#8221;4.16&#8243; _module_preset=&#8221;default&#8221; border_radii=&#8221;on|10px|10px|10px|10px&#8221; border_color_all=&#8221;gcid-fd18f947-01b7-4ce4-88dd-62abac1bacad&#8221; global_colors_info=&#8221;{%22gcid-fd18f947-01b7-4ce4-88dd-62abac1bacad%22:%91%22border_color_all%22%93}&#8221;]F\u00e9ach siar agus bain taitneamh as iontas agus stair an t\u00ed mhaorga ardghradaim seo. Cuirfidh duine de na treoraithe is m\u00f3 cumais againne f\u00e1ilte chro\u00ed\u00fail romhat, a chuirfidh iontas ort le sc\u00e9alta faoi theaghlach cumhachtach na mBuitl\u00e9arach.<br \/>\nIs m\u00f3 seod ceilte at\u00e1 sa Chaisle\u00e1n taibhseach seo agus radharc eisiach orthu mar chuid den Eisp\u00e9ireas Leithleach. Beidh p\u00edosa\u00ed speisialta \u00f3 Bhaili\u00fach\u00e1n Urumhan le feice\u00e1il i gCl\u00f3is\u00e9ad na mBandi\u00fac sa sciath\u00e1n thiar. Beidh deis ag cuairteoir\u00ed cuid de na p\u00edosa\u00ed seo a l\u00e1imhse\u00e1il, airm, grianghraif theaghlaigh agus p\u00edosa\u00ed speisialta teaghlaigh ina measc.[\/et_pb_text][et_pb_text _builder_version=&#8221;4.16&#8243; _module_preset=&#8221;default&#8221; global_colors_info=&#8221;{}&#8221;][\/et_pb_text][\/et_pb_column][et_pb_column type=&#8221;2_5&#8243; _builder_version=&#8221;4.16&#8243; _module_preset=&#8221;default&#8221; global_colors_info=&#8221;{}&#8221;][et_pb_image src=&#8221;https:\/\/kilkennycastle.ie\/wp-content\/uploads\/2022\/06\/BeFunky-collage-22-scaled.jpg&#8221; title_text=&#8221;BeFunky-collage (22)&#8221; _builder_version=&#8221;4.17.4&#8243; _module_preset=&#8221;default&#8221; border_radii=&#8221;on|10px|10px|10px|10px&#8221; global_colors_info=&#8221;{}&#8221;][\/et_pb_image][\/et_pb_column][\/et_pb_row][et_pb_row _builder_version=&#8221;4.17.4&#8243; _module_preset=&#8221;default&#8221; global_colors_info=&#8221;{}&#8221;][et_pb_column type=&#8221;4_4&#8243; _builder_version=&#8221;4.17.4&#8243; _module_preset=&#8221;default&#8221; global_colors_info=&#8221;{}&#8221;][et_pb_image src=&#8221;https:\/\/kilkennycastle.ie\/wp-content\/uploads\/2022\/06\/Kilkenny-Castle-Aerial-View-courtesy-Failte-Ireland-min-scaled.jpg&#8221; title_text=&#8221;Kilkenny Castle &#8211; Aerial View (courtesy Failte Ireland-min&#8221; _builder_version=&#8221;4.17.4&#8243; _module_preset=&#8221;default&#8221; min_height=&#8221;301px&#8221; border_radii=&#8221;on|10px|10px|10px|10px&#8221; global_colors_info=&#8221;{}&#8221;][\/et_pb_image][\/et_pb_column][\/et_pb_row][\/et_pb_section][et_pb_section fb_built=&#8221;1&#8243; _builder_version=&#8221;4.17.4&#8243; background_color=&#8221;#FFFFFF&#8221; global_colors_info=&#8221;{}&#8221;][et_pb_row column_structure=&#8221;3_5,2_5&#8243; _builder_version=&#8221;4.16&#8243; _module_preset=&#8221;default&#8221; border_radii=&#8221;on|10px|10px|10px|10px&#8221; border_color_all=&#8221;#FFFFFF&#8221; global_colors_info=&#8221;{}&#8221;][et_pb_column type=&#8221;3_5&#8243; _builder_version=&#8221;4.16&#8243; _module_preset=&#8221;default&#8221; global_colors_info=&#8221;{}&#8221;][et_pb_text _builder_version=&#8221;4.21.0&#8243; _module_preset=&#8221;default&#8221; hover_enabled=&#8221;0&#8243; border_radii=&#8221;on|10px|10px|10px|10px&#8221; border_color_all=&#8221;gcid-fd18f947-01b7-4ce4-88dd-62abac1bacad&#8221; global_colors_info=&#8221;{%22gcid-fd18f947-01b7-4ce4-88dd-62abac1bacad%22:%91%22border_color_all%22%93}&#8221; sticky_enabled=&#8221;0&#8243;]<\/p>\n<h2>Sonra\u00ed ar Leith<\/h2>\n<p>&nbsp;<\/p>\n<p>\u2022 F\u00e1ilte chro\u00ed\u00fail agus cur i l\u00e1thair ar theacht duit chuig Caisle\u00e1n Chill Chainnigh<br \/>\u2022 Cuairt treoraithe t\u00e9amaithe ar na seomra\u00ed taibhseacha le duine de Threoraithe oilte an Chaisle\u00e1in agus rochtain ar thaispe\u00e1ntais iontacha. F\u00e9adfar aird a thabhairt ar \u00e1bhair is m\u00f3 sp\u00e9ise ag cuairteoir\u00ed ach f\u00f3gra a thabhairt roimh r\u00e9.<br \/>\u2022 Radharc eisiach ar ph\u00edosa\u00ed an-speisialta \u00f3 Bhaili\u00fach\u00e1n Urumhan i gCl\u00f3is\u00e9ad na mBandi\u00fac sa sciath\u00e1n thiar.<\/p>\n<p>&nbsp;<\/p>\n<p><em><strong>Roghanna breise:<\/strong><\/em><br \/>\u2022 Carrph\u00e1irce\u00e1il eisiach i dtailte an Chaisle\u00e1in do charr n\u00f3 mionveain amh\u00e1in.<\/p>\n<p>&nbsp;<\/p>\n<p>&nbsp;<\/p>\n<p><em><strong>\u00c1iseanna ar an l\u00e1thair:<\/strong><\/em><br \/>Taispe\u00e1ntais, seomra\u00ed tae, si\u00fal\u00f3id\u00ed taibhseacha sna tailte fearann, an R\u00f3sghaird\u00edn foirmi\u00fail agus an scard\u00e1n uisce.<\/p>\n<p>[\/et_pb_text][et_pb_text _builder_version=&#8221;4.16&#8243; _module_preset=&#8221;default&#8221; global_colors_info=&#8221;{}&#8221;][\/et_pb_text][\/et_pb_column][et_pb_column type=&#8221;2_5&#8243; _builder_version=&#8221;4.16&#8243; _module_preset=&#8221;default&#8221; global_colors_info=&#8221;{}&#8221;][et_pb_image src=&#8221;https:\/\/kilkennycastle.ie\/wp-content\/uploads\/2022\/06\/Library-3-scaled.jpg&#8221; title_text=&#8221;Library (3)&#8221; _builder_version=&#8221;4.17.4&#8243; _module_preset=&#8221;default&#8221; border_radii=&#8221;on|10px|10px|10px|10px&#8221; global_colors_info=&#8221;{}&#8221;][\/et_pb_image][et_pb_image src=&#8221;https:\/\/kilkennycastle.ie\/wp-content\/uploads\/2022\/06\/237238693_4890596914303098_8885610869582495541_n-min.jpg&#8221; title_text=&#8221;237238693_4890596914303098_8885610869582495541_n-min&#8221; _builder_version=&#8221;4.17.4&#8243; _module_preset=&#8221;default&#8221; border_radii=&#8221;on|10px|10px|10px|10px&#8221; global_colors_info=&#8221;{}&#8221;][\/et_pb_image][\/et_pb_column][\/et_pb_row][\/et_pb_section][et_pb_section fb_built=&#8221;1&#8243; _builder_version=&#8221;4.17.4&#8243; background_color=&#8221;gcid-4cb7d1ec-1cee-49be-9524-c7e49435d023&#8243; global_colors_info=&#8221;{%22gcid-4cb7d1ec-1cee-49be-9524-c7e49435d023%22:%91%22background_color%22%93}&#8221;][et_pb_row column_structure=&#8221;3_5,2_5&#8243; _builder_version=&#8221;4.17.4&#8243; _module_preset=&#8221;default&#8221; border_radii=&#8221;on|10px|10px|10px|10px&#8221; border_color_all=&#8221;#FFFFFF&#8221; global_colors_info=&#8221;{}&#8221;][et_pb_column type=&#8221;3_5&#8243; _builder_version=&#8221;4.16&#8243; _module_preset=&#8221;default&#8221; global_colors_info=&#8221;{}&#8221;][et_pb_text _builder_version=&#8221;4.21.0&#8243; _module_preset=&#8221;default&#8221; hover_enabled=&#8221;0&#8243; border_radii=&#8221;on|10px|10px|10px|10px&#8221; border_color_all=&#8221;gcid-fd18f947-01b7-4ce4-88dd-62abac1bacad&#8221; global_colors_info=&#8221;{%22gcid-fd18f947-01b7-4ce4-88dd-62abac1bacad%22:%91%22border_color_all%22%93}&#8221; sticky_enabled=&#8221;0&#8243;]<\/p>\n<h2>Coinn\u00edollacha \u00c1irithinte<\/h2>\n<p>&nbsp;<\/p>\n<h3>Um eolas ar phraghsanna agus \u00e1irithint d\u00e9an teagmh\u00e1il le Anne Teehan<\/h3>\n<h4><a href=\"mailto:anne.teehan@opw.ie\">anne.teehan@opw.ie<\/a> , F\u00f3n: +353 (0)46 942 3481 n\u00f3 +353 (0) 87 6383017.<\/h4>\n<p>Is g\u00e1 \u00e1irithint\u00ed a dheimhni\u00fa tr\u00ed r\u00edomhphost 2 sheachtain roimh r\u00e9.<\/p>\n<p><strong>L\u00edon an ghr\u00fapa:<\/strong> 1 go 8 gcuairteoir<\/p>\n<p><strong>Tr\u00e9imhse :<\/strong> 90 n\u00f3im\u00e9ad<\/p>\n<p><strong>Teanga:<\/strong> B\u00e9arla agus Fraincis<\/p>\n<p><strong>Ar f\u00e1il:<\/strong> Luan go hAoine ar feadh na bliana.<\/p>\n<p><strong>Soghluaisteacht:<\/strong> Soghluaisteacht ioml\u00e1n sa sciath\u00e1n thiar amh\u00e1in<\/p>\n<p><strong>\u00cdoca\u00edocht:<\/strong> Is g\u00e1 \u00edoca\u00edocht ioml\u00e1n a dh\u00e9anamh roimh r\u00e9. N\u00ed thabharfar ais\u00edoc ach amh\u00e1in sa ch\u00e1s go dtugtar f\u00f3gra um cheal\u00fa 48 n-uair roimh r\u00e9.<\/p>\n<p>[\/et_pb_text][et_pb_text _builder_version=&#8221;4.16&#8243; _module_preset=&#8221;default&#8221; global_colors_info=&#8221;{}&#8221;][\/et_pb_text][\/et_pb_column][et_pb_column type=&#8221;2_5&#8243; _builder_version=&#8221;4.16&#8243; _module_preset=&#8221;default&#8221; global_colors_info=&#8221;{}&#8221;][et_pb_image src=&#8221;https:\/\/kilkennycastle.ie\/wp-content\/uploads\/2021\/07\/20210710_165920.jpg&#8221; title_text=&#8221;20210710_165920&#8243; _builder_version=&#8221;4.17.4&#8243; _module_preset=&#8221;default&#8221; border_radii=&#8221;on|10px|10px|10px|10px&#8221; global_colors_info=&#8221;{}&#8221;][\/et_pb_image][et_pb_image src=&#8221;https:\/\/kilkennycastle.ie\/wp-content\/uploads\/2021\/07\/20210725_145512.jpg&#8221; title_text=&#8221;20210725_145512&#8243; _builder_version=&#8221;4.17.4&#8243; _module_preset=&#8221;default&#8221; border_radii=&#8221;on|10px|10px|10px|10px&#8221; global_colors_info=&#8221;{}&#8221;][\/et_pb_image][\/et_pb_column][\/et_pb_row][\/et_pb_section][et_pb_section fb_built=&#8221;1&#8243; _builder_version=&#8221;4.17.4&#8243; background_color=&#8221;#FFFFFF&#8221; global_colors_info=&#8221;{}&#8221;][et_pb_row _builder_version=&#8221;4.17.4&#8243; _module_preset=&#8221;default&#8221; border_radii=&#8221;on|10px|10px|10px|10px&#8221; border_color_all=&#8221;#FFFFFF&#8221; global_colors_info=&#8221;{}&#8221;][et_pb_column type=&#8221;4_4&#8243; _builder_version=&#8221;4.16&#8243; _module_preset=&#8221;default&#8221; global_colors_info=&#8221;{}&#8221;][et_pb_text _builder_version=&#8221;4.21.0&#8243; _module_preset=&#8221;default&#8221; hover_enabled=&#8221;0&#8243; border_radii=&#8221;on|10px|10px|10px|10px&#8221; border_color_all=&#8221;gcid-fd18f947-01b7-4ce4-88dd-62abac1bacad&#8221; global_colors_info=&#8221;{%22gcid-fd18f947-01b7-4ce4-88dd-62abac1bacad%22:%91%22border_color_all%22%93}&#8221; sticky_enabled=&#8221;0&#8243;]<\/p>\n<h2>\u00c1it<\/h2>\n<p>&nbsp;<\/p>\n<p>T\u00e1 Caisle\u00e1n Chill Chainnigh suite ar Bh\u00f3thar an Chaisle\u00e1in i gcro\u00edl\u00e1r Chathair Chill Chainnigh. Beidh carrph\u00e1irce\u00e1il eisiach i dtailte an Chaisle\u00e1in do charr n\u00f3 mionveain amh\u00e1in, le tuirlingt agus baili\u00fa ag pr\u00edomhdhoras an Chaisle\u00e1in sa chl\u00f3s.<br \/>T\u00e1 Mapa \u00c1iseanna do Chuairteoir\u00ed againn freisin \u2013 mapa ar f\u00e1il<a href=\"https:\/\/kilkennycastle.ie\/wp-content\/uploads\/2022\/06\/KK-Castle-Map-Irish-_compressed.pdf\"> anseo.<\/a><br \/>T\u00e1 breis eolais ar Chill Chainnigh ar f\u00e1il \u00f3<a href=\"https:\/\/www.discoverireland.ie\/kilkenny\"> F\u00e1ilte Ireland<\/a> agus <a href=\"https:\/\/visitkilkenny.ie\/\">Visit Kilkenny<\/a><\/p>\n<p>[\/et_pb_text][\/et_pb_column][\/et_pb_row][et_pb_row column_structure=&#8221;1_2,1_2&#8243; _builder_version=&#8221;4.17.4&#8243; _module_preset=&#8221;default&#8221; global_colors_info=&#8221;{}&#8221;][et_pb_column type=&#8221;1_2&#8243; _builder_version=&#8221;4.17.4&#8243; _module_preset=&#8221;default&#8221; global_colors_info=&#8221;{}&#8221;][et_pb_image src=&#8221;https:\/\/kilkennycastle.ie\/wp-content\/uploads\/2022\/06\/Map-Irish.png&#8221; title_text=&#8221;Map Irish&#8221; url=&#8221;https:\/\/kilkennycastle.ie\/wp-content\/uploads\/2022\/06\/KK-Castle-Map-Irish-_compressed.pdf&#8221; _builder_version=&#8221;4.21.0&#8243; _module_preset=&#8221;default&#8221; hover_enabled=&#8221;0&#8243; global_colors_info=&#8221;{}&#8221; sticky_enabled=&#8221;0&#8243;][\/et_pb_image][\/et_pb_column][et_pb_column type=&#8221;1_2&#8243; _builder_version=&#8221;4.17.4&#8243; _module_preset=&#8221;default&#8221; global_colors_info=&#8221;{}&#8221;][et_pb_text _builder_version=&#8221;4.17.4&#8243; _module_preset=&#8221;default&#8221; global_colors_info=&#8221;{}&#8221;]<iframe src=\"https:\/\/www.google.com\/maps\/embed?pb=!1m18!1m12!1m3!1d2420.526582774841!2d-7.251486583733195!3d52.650465634304034!2m3!1f0!2f0!3f0!3m2!1i1024!2i768!4f13.1!3m3!1m2!1s0x485d309fab5b17f1%3A0xc8f26be8f2218948!2sKilkenny%20Castle!5e0!3m2!1sen!2sie!4v1651589291123!5m2!1sen!2sie\" width=\"600\" height=\"450\" style=\"border: 0;\" allowfullscreen=\"\" loading=\"lazy\" referrerpolicy=\"no-referrer-when-downgrade\"><\/iframe><\/p>\n<p>Kilkenny Castle[\/et_pb_text][\/et_pb_column][\/et_pb_row][\/et_pb_section][et_pb_section fb_built=&#8221;1&#8243; _builder_version=&#8221;4.17.4&#8243; background_color=&#8221;gcid-4cb7d1ec-1cee-49be-9524-c7e49435d023&#8243; global_colors_info=&#8221;{%22gcid-4cb7d1ec-1cee-49be-9524-c7e49435d023%22:%91%22background_color%22%93}&#8221;][et_pb_row column_structure=&#8221;3_5,2_5&#8243; _builder_version=&#8221;4.17.4&#8243; _module_preset=&#8221;default&#8221; border_radii=&#8221;on|10px|10px|10px|10px&#8221; border_color_all=&#8221;#FFFFFF&#8221; global_colors_info=&#8221;{}&#8221;][et_pb_column type=&#8221;3_5&#8243; _builder_version=&#8221;4.16&#8243; _module_preset=&#8221;default&#8221; global_colors_info=&#8221;{}&#8221;][et_pb_text _builder_version=&#8221;4.21.0&#8243; _module_preset=&#8221;default&#8221; hover_enabled=&#8221;0&#8243; border_radii=&#8221;on|10px|10px|10px|10px&#8221; border_color_all=&#8221;gcid-fd18f947-01b7-4ce4-88dd-62abac1bacad&#8221; global_colors_info=&#8221;{%22gcid-fd18f947-01b7-4ce4-88dd-62abac1bacad%22:%91%22border_color_all%22%93}&#8221; sticky_enabled=&#8221;0&#8243;]<\/p>\n<h2>Eisp\u00e9iris Leithleacha eile OPW<\/h2>\n<p>&nbsp;<\/p>\n<p>F\u00e9adfar taitneamh a bhaint as eisp\u00e9ireas leithleach ag ceithre l\u00e1thair in \u00c9irinn: Teach Bhaile an Chaisle\u00e1in i Sean-Oirthear \u00c9ireann, Caisle\u00e1n Bhaile \u00c1tha Cliath i gcro\u00edl\u00e1r na hardchathrach, Teach Farmleigh i bP\u00e1irc an Fhionnuisce ( Baile \u00c1tha Cliath) n\u00f3 Caisle\u00e1n Chill Chainnigh i \u2018gcathair an mharmair\u2019. Tugann gach ceann acu turas treoraithe pr\u00edobh\u00e1ideach le saineolaithe agus treoraithe OPW, a thabharfaidh deis duit cuardach a dh\u00e9anamh ar bhaili\u00fach\u00e1in leithleacha de shaothair eala\u00edne, leabhair agus na foirgnimh f\u00e9in.<br \/>Clice\u00e1il <a href=\"https:\/\/heritageireland.ie\/visit\/trade-groups\/plan-your-itinerary\/\">anseo<\/a> um breis eolais<\/p>\n<p>[\/et_pb_text][et_pb_text _builder_version=&#8221;4.16&#8243; _module_preset=&#8221;default&#8221; global_colors_info=&#8221;{}&#8221;][\/et_pb_text][\/et_pb_column][et_pb_column type=&#8221;2_5&#8243; _builder_version=&#8221;4.16&#8243; _module_preset=&#8221;default&#8221; global_colors_info=&#8221;{}&#8221;][et_pb_image src=&#8221;https:\/\/kilkennycastle.ie\/wp-content\/uploads\/2022\/06\/BeFunky-collage-20-scaled.jpg&#8221; title_text=&#8221;BeFunky-collage (20)&#8221; url=&#8221;https:\/\/heritageireland.ie\/assets\/uploads\/2022\/04\/5975-OPW_UniqueExperiences_v17.pdf&#8221; _builder_version=&#8221;4.17.4&#8243; _module_preset=&#8221;default&#8221; global_colors_info=&#8221;{}&#8221;][\/et_pb_image][\/et_pb_column][\/et_pb_row][\/et_pb_section]<\/p>\n","protected":false},"excerpt":{"rendered":"<p>Eisp\u00e9ireas Leithleach S\u00f3-Eisp\u00e9ireas| Turas Treoraithe Pr\u00edobh\u00e1ideach Pearsantaithe |Rochtain eisiach ar Bhaili\u00fach\u00e1in Chaisle\u00e1n Chill Chainnigh Is beag foirgneamh in \u00c9irinn a bhfuil c\u00f3na\u00ed lean\u00fanach ann chomh fada is at\u00e1 i gCaisle\u00e1n [&hellip;]<\/p>\n","protected":false},"author":14,"featured_media":0,"parent":0,"menu_order":0,"comment_status":"closed","ping_status":"closed","template":"","meta":{"_et_pb_use_builder":"on","_et_pb_old_content":"","_et_gb_content_width":"","footnotes":""},"class_list":["post-15230","page","type-page","status-publish","hentry"],"_links":{"self":[{"href":"https:\/\/www.kilkennycastle.ie\/ga\/wp-json\/wp\/v2\/pages\/15230","targetHints":{"allow":["GET"]}}],"collection":[{"href":"https:\/\/www.kilkennycastle.ie\/ga\/wp-json\/wp\/v2\/pages"}],"about":[{"href":"https:\/\/www.kilkennycastle.ie\/ga\/wp-json\/wp\/v2\/types\/page"}],"author":[{"embeddable":true,"href":"https:\/\/www.kilkennycastle.ie\/ga\/wp-json\/wp\/v2\/users\/14"}],"replies":[{"embeddable":true,"href":"https:\/\/www.kilkennycastle.ie\/ga\/wp-json\/wp\/v2\/comments?post=15230"}],"version-history":[{"count":3,"href":"https:\/\/www.kilkennycastle.ie\/ga\/wp-json\/wp\/v2\/pages\/15230\/revisions"}],"predecessor-version":[{"id":15235,"href":"https:\/\/www.kilkennycastle.ie\/ga\/wp-json\/wp\/v2\/pages\/15230\/revisions\/15235"}],"wp:attachment":[{"href":"https:\/\/www.kilkennycastle.ie\/ga\/wp-json\/wp\/v2\/media?parent=15230"}],"curies":[{"name":"wp","href":"https:\/\/api.w.org\/{rel}","templated":true}]}}