{"id":14569,"date":"2023-01-22T14:30:45","date_gmt":"2023-01-22T14:30:45","guid":{"rendered":"https:\/\/kilkennycastle.ie\/litir-l\/"},"modified":"2023-03-29T22:54:56","modified_gmt":"2023-03-29T21:54:56","slug":"litir-l","status":"publish","type":"page","link":"https:\/\/www.kilkennycastle.ie\/ga\/litir-l\/","title":{"rendered":"Litir L"},"content":{"rendered":"<p>[et_pb_section fb_built=&#8221;1&#8243; specialty=&#8221;on&#8221; _builder_version=&#8221;4.19.4&#8243; _module_preset=&#8221;default&#8221; min_height=&#8221;1026.6px&#8221; global_colors_info=&#8221;{}&#8221;][et_pb_column type=&#8221;1_2&#8243; _builder_version=&#8221;4.16&#8243; custom_padding=&#8221;|||&#8221; global_colors_info=&#8221;{}&#8221; custom_padding__hover=&#8221;|||&#8221;][et_pb_text _builder_version=&#8221;4.19.4&#8243; _module_preset=&#8221;default&#8221; custom_margin=&#8221;|-261px||||&#8221; custom_padding=&#8221;|94px||||&#8221; global_colors_info=&#8221;{}&#8221;]<\/p>\n<h2>An 6 Ean\u00e1ir 1683<\/h2>\n<h4>Bandi\u00fac Urumhun \u2013 ag scr\u00edobh le linn di a bheith i Londain seans \u2013 chuig a mac, Iarla \u00c1rann<\/h4>\n<p>&nbsp;<\/p>\n<p>6 of Jan<\/p>\n<p>Tow of your Leters came together to my hands upon wedensday Last the one of the 21 of [Decem]ber the other of the 23 of the Same; with an accompt of My daghter Arrans health and Sattisfaction, and the prudent resolutions shee has takene, which I am infinitlie satisfiede with, as what will make you Both hapie, which I pray God may Continow to the Ende of both your days, and that Evrye yeare of your Liufs, may increase your vallew one of a Nother, your Litell Soon is very well, and grows a Fine stronge Childe, but Betie is Lady Blouse still, you willbee I supose surprised to heare that your Father is become a Purcheser of my Lord St Allbans House which hee gives 9 thowsand pound For but is thay Say a good bargine; for it cost above fiftine thowsand Pound the Buildinge, and will Sett for as much or more then the Intrest of his Mony, I thank you for your good intendment to Mr Ryder which if it may bee by giveinge hime a Senecure it cane noe ways hinder his presant undertakinge but incoridge hime to Continow it, as I find hee is resolvede, and never to Louke for further preferment, if hee may obtane some adistionall healpe to what hee has, for hee is an whoe is a hospitable Man; and much valewed in the Plase where hee Lives, The Mach for Betye Stanope is broke ofe on hir Side, whoe could by noe Menes bee perswaded to Like of the Person, that was proposede to hir, whoe I never saw but is I heare; farr more Considerabell in his understandinge then in his outward Figure and for his Fortune, theris non Now, to bee had that Ecqualls hime, but upon the whole Matter that affare is at an Ende It beinge the Part of hir Frinds to propound; but Not to Compell aganst hir owne inclination, The Lord Belemont Diede 2 days a goe, and Left My Lord of Chesterfilds Second Soon His Ayre of all his Reall and personall Estate<\/p>\n<p>[\/et_pb_text][\/et_pb_column][et_pb_column type=&#8221;1_2&#8243; specialty_columns=&#8221;2&#8243; _builder_version=&#8221;4.16&#8243; custom_padding=&#8221;|||&#8221; global_colors_info=&#8221;{}&#8221; custom_padding__hover=&#8221;|||&#8221;][et_pb_row_inner _builder_version=&#8221;4.19.4&#8243; _module_preset=&#8221;default&#8221; custom_margin=&#8221;|||242px||&#8221; global_colors_info=&#8221;{}&#8221;][et_pb_column_inner saved_specialty_column_type=&#8221;1_2&#8243; _builder_version=&#8221;4.19.4&#8243; _module_preset=&#8221;default&#8221; global_colors_info=&#8221;{}&#8221;][et_pb_slider _builder_version=&#8221;4.19.5&#8243; _module_preset=&#8221;default&#8221; global_colors_info=&#8221;{}&#8221;][et_pb_slide button_text=&#8221;Clice\u00e1il anseo&#8221; button_link=&#8221;https:\/\/kilkennycastle.ie\/wp-content\/uploads\/2022\/12\/ms2427-225_001-min-scaled.jpg&#8221; image=&#8221;https:\/\/kilkennycastle.ie\/wp-content\/uploads\/2022\/12\/ms2427-225_001-min-scaled.jpg&#8221; _builder_version=&#8221;4.19.5&#8243; _module_preset=&#8221;default&#8221; custom_button=&#8221;on&#8221; global_colors_info=&#8221;{}&#8221; sticky_transition=&#8221;on&#8221;]<\/p>\n<p>Bandi\u00fac Urumhun \u2013 ag scr\u00edobh le linn di a bheith i Londain seans \u2013 chuig a mac, Iarla \u00c1rann<br \/>Le caoinchead \u00f3 Leabharlann N\u00e1isi\u00fanta na h\u00c9ireann (NLI, P\u00e1ip\u00e9ir Ormond, 2427, uimh. 7735, lch 225)<\/p>\n<p>[\/et_pb_slide][et_pb_slide button_text=&#8221;Clice\u00e1il anseo&#8221; button_link=&#8221;https:\/\/kilkennycastle.ie\/wp-content\/uploads\/2022\/12\/ms2427-225_001-min-scaled.jpg&#8221; image=&#8221;https:\/\/kilkennycastle.ie\/wp-content\/uploads\/2023\/01\/ms2427-225_002-min-scaled.jpg&#8221; _builder_version=&#8221;4.19.5&#8243; _module_preset=&#8221;default&#8221; custom_button=&#8221;on&#8221; global_colors_info=&#8221;{}&#8221; sticky_transition=&#8221;on&#8221;]<\/p>\n<p>Bandi\u00fac Urumhun \u2013 ag scr\u00edobh le linn di a bheith i Londain seans \u2013 chuig a mac, Iarla \u00c1rann<br \/>Le caoinchead \u00f3 Leabharlann N\u00e1isi\u00fanta na h\u00c9ireann (NLI, P\u00e1ip\u00e9ir Ormond, 2427, uimh. 7735, lch 225)<\/p>\n<p>[\/et_pb_slide][et_pb_slide button_text=&#8221;Clice\u00e1il anseo&#8221; button_link=&#8221;https:\/\/kilkennycastle.ie\/wp-content\/uploads\/2023\/01\/Richard-Earl-of-Arran-min-scaled.jpg&#8221; image=&#8221;https:\/\/kilkennycastle.ie\/wp-content\/uploads\/2023\/01\/Richard-Earl-of-Arran-min-scaled.jpg&#8221; _builder_version=&#8221;4.19.5&#8243; _module_preset=&#8221;default&#8221; global_colors_info=&#8221;{}&#8221; sticky_transition=&#8221;on&#8221;]<\/p>\n<p>Ba \u00e9 Risteard an dara mac ag Eil\u00eds a mhair beo. Ainmn\u00edodh \u00e9 ina Fhear Ionaid an R\u00ed in \u00c9irinn sa bhliain 1682 agus ina Ghobharn\u00f3ir ar Ospid\u00e9al R\u00edoga Chill Mhaighneann sa bhliain 1683. Sa bhliain 1662, ph\u00f3s s\u00e9 M\u00e1ire St\u00edobhard, in\u00edon le di\u00fac Richmond &amp; Lennox. Tar \u00e9is a b\u00e1is sa bhliain 1668, ph\u00f3s s\u00e9 Dorothy Ferrers sa bhliain 1673. Cailleadh Risteard sa bhliain 1686, gan ach in\u00edon amh\u00e1in beo ina dhiaidh, S\u00e9arlait.<\/p>\n<p>Risteard de Buitl\u00e9ir, iarla Arran (1639-1686) le Somhairle C\u00faip\u00e9ir (1609-1672)<\/p>\n<p>Le cead \u00f3 <em>The Portland Collection, Harley Gallery, Welbeck Estate, Nottinghamshire \/ Bridgeman Images<\/em><\/p>\n<p>[\/et_pb_slide][et_pb_slide button_text=&#8221;Clice\u00e1il anseo&#8221; button_link=&#8221;https:\/\/kilkennycastle.ie\/wp-content\/uploads\/2022\/12\/Dorothy-Ferrers-Countess-of-Arran-min.jpg&#8221; image=&#8221;http:\/\/kilkennycastle.ie\/wp-content\/uploads\/2022\/12\/Dorothy-Ferrers-Countess-of-Arran-min.jpg&#8221; _builder_version=&#8221;4.19.5&#8243; _module_preset=&#8221;default&#8221; global_colors_info=&#8221;{}&#8221; sticky_transition=&#8221;on&#8221;]<\/p>\n<p>Ba in\u00edon \u00ed Dorothy le John Ferrers, Caisle\u00e1n Tamworth, agus Anne Carleton. Ph\u00f3s s\u00ed Risteard, iarla Arran sa bhliain 1673.\u00a0 Ph\u00f3s an t-aon leanbh acu a mhair beo, S\u00e9arlait, S\u00e9arlas Cornwallis, 4\u00fa Bar\u00fan Cornwallis.<\/p>\n<p>Dorothy Ferrer, cuntaois Arran (1650-1716) le William Wissing (1656-1687).<\/p>\n<p>Le cead \u00f3 <em>English Heritage, Audley End House and Gardens \u2013 <\/em>grianghraf le Mark Asher.<\/p>\n<p>[\/et_pb_slide][\/et_pb_slider][\/et_pb_column_inner][\/et_pb_row_inner][\/et_pb_column][\/et_pb_section][et_pb_section fb_built=&#8221;1&#8243; specialty=&#8221;on&#8221; _builder_version=&#8221;4.19.4&#8243; _module_preset=&#8221;default&#8221; background_color=&#8221;gcid-4cb7d1ec-1cee-49be-9524-c7e49435d023&#8243; min_height=&#8221;625.9px&#8221; global_colors_info=&#8221;{%22gcid-4cb7d1ec-1cee-49be-9524-c7e49435d023%22:%91%22background_color%22%93}&#8221;][et_pb_column type=&#8221;1_2&#8243; _builder_version=&#8221;4.16&#8243; custom_padding=&#8221;|||&#8221; global_colors_info=&#8221;{}&#8221; custom_padding__hover=&#8221;|||&#8221;][et_pb_button button_text=&#8221;Clice\u00e1il anseo&#8221; _builder_version=&#8221;4.20.2&#8243; _module_preset=&#8221;default&#8221; custom_button=&#8221;on&#8221; button_text_color=&#8221;#000000&#8243; button_bg_color=&#8221;gcid-4cb7d1ec-1cee-49be-9524-c7e49435d023&#8243; button_icon=&#8221;&#x7a;||divi||400&#8243; button_on_hover=&#8221;off&#8221; hover_enabled=&#8221;0&#8243; global_colors_info=&#8221;{%22gcid-4cb7d1ec-1cee-49be-9524-c7e49435d023%22:%91%22button_bg_color%22%93}&#8221; button_url=&#8221;https:\/\/kilkennycastle.ie\/wp-content\/uploads\/2023\/03\/An-Eanair-1683.mp4&#8243; sticky_enabled=&#8221;0&#8243;][\/et_pb_button][et_pb_text _builder_version=&#8221;4.19.4&#8243; _module_preset=&#8221;default&#8221; custom_margin=&#8221;|-862px||||&#8221; global_colors_info=&#8221;{}&#8221;]<\/p>\n<h3>T\u00e1 fianaise le f\u00e1il sna litreacha a seoladh i rith bhlianta deireanacha shaol an bhandi\u00faic gur bhraith s\u00ed n\u00edos suaimhn\u00ed agus n\u00edos s\u00e1sta ach go raibh c\u00fains\u00ed teaghlaigh agus a r\u00f3l f\u00f3s ag d\u00e9anamh imn\u00ed di.<\/h3>\n<p>&nbsp;<\/p>\n<p>Baineann na litreacha a scr\u00edobh an bandi\u00fac chuig Richard, Iarla \u00c1rann \u2013 a mac sa l\u00e1r, agus an t-aon mhac d\u00e1 cuid a bh\u00ed f\u00f3s beo \u2013 leis an eolas is d\u00e9ana\u00ed a roinnt leis maidir lena bhean agus leana\u00ed, a bh\u00ed ina gc\u00f3na\u00ed leis an di\u00fac agus leis an mbaindi\u00fac i Sasana fad is a bh\u00ed Iarla \u00c1rann i mbun seirbh\u00edse in \u00c9irinn. Is l\u00e9ir go raibh s\u00ed an-chean\u00fail ar a garchlann agus tagra\u00edonn s\u00ed d\u2019in\u00edon a mic mar \u2018Bean Blouse\u2019 (cos\u00fail le \u2018bean uasal\u2019 sa l\u00e1 inniu ann). T\u00e1 fianaise ar an m\u00e9id seo le f\u00e1il freisin sa chur s\u00edos a rinne s\u00ed ar dhi\u00falt\u00fa garin\u00edne eile do shuir\u00edoch mar gheall ar an gcuma a bh\u00ed air. Cuireann s\u00ed in i\u00fal go bhfuil s\u00ed s\u00e1sta leis na cinnt\u00ed at\u00e1 d\u00e9anta ag Iarla \u00c1rann agus Dorothy Ferrars, dara bean ch\u00e9ile a mic, chun d\u00e9ile\u00e1il leis na fadhbanna a bh\u00ed acu lena bp\u00f3sadh. N\u00edl aon amhras ach go bhfuil s\u00ed ag smaoineamh ar na fadhbanna a bhain lena p\u00f3sadh f\u00e9in agus t\u00e1 s\u00ed ag s\u00fail go mbeidh siad s\u00e1sta lena ch\u00e9ile amach anseo d\u00edreach mar at\u00e1 s\u00ed f\u00e9in lena fear c\u00e9ile anois. T\u00e1 fianaise le f\u00e1il sna litreacha a scr\u00edobh an bandi\u00fac chuig Iarla \u00c1rann ar ghean nach raibh le tabhairt faoi deara sna litreacha a scr\u00edobh s\u00ed chuig a mic eile. Is eiseaml\u00e1ir eisean den dea-chl\u00fa agus den dualgas a sh\u00edleann s\u00ed at\u00e1 f\u00edorth\u00e1bhachtach.<br \/>\u00c1ir\u00edtear na litreacha a sheol s\u00ed chuig Iarla \u00c1rann i measc na litreacha deireanacha a scr\u00edobh s\u00ed. Cailleadh bandi\u00fac Urumhun maidin D\u00e9 Luain, an 21 I\u00fail 1684, a fear c\u00e9ile lena taobh. Cuireadh \u00ed i Mainistir Westminster sa phlota \u00f3nar d\u00ed-adhlacadh a sean-namhaid, Cromail.<br \/>Scr\u00edobhadh dh\u00e1 mharbhna ar a laghad i ndiaidh a b\u00e1is. Moltar iontu a buanna eiseaml\u00e1ireacha baineanna; d\u00e9antar com\u00f3radh ar a r\u00f3l mar bhean ch\u00e9ile, m\u00e1thair agus seanmh\u00e1thair; agus d\u00e9antar com\u00f3radh ar a st\u00e1das mar ch\u00e9ile di\u00fac Urumhun. Pl\u00e9itear t\u00e9ama ph\u00f3sadh buan, gr\u00e1mhar agus comhbh\u00e1ch na l\u00e1n\u00faine i litir chomhbhr\u00f3in a fuair di\u00fac Urumhun \u00f3na dhl\u00fathchara, Michael Boyle, Ard-Seansail\u00e9ir na h\u00c9ireann agus Ardeaspag Ard Mhacha, i ndiaidh bh\u00e1s Elizabeth:<\/p>\n<p>t\u00e1 an bhearna d\u00fanta; t\u00e1 an deacracht is m\u00f3 i do shaol curtha d\u00edot agat; t\u00e1 an duine is uaisle caillte agat, an bhean is cr\u00edonna, an bhean ch\u00e9ile is fearr a mhair riamh; [\u2026] Mura bhfuil ag teip ar mo [chuimhne] chaith sibh 55 bliain sona s\u00e1sta i dteannta a ch\u00e9ile; t\u00e1 saol ioml\u00e1n caite agaibh i dteannta a ch\u00e9ile? Thacaigh sibh lena ch\u00e9ile le linn r\u00e9 l\u00e1n athruithe agus tr\u00e9imhs\u00ed nuair a bh\u00ed sibh saibhir agus bocht? agus thacaigh sibh lena ch\u00e9ile go comhthoili\u00fail? Bh\u00ed Dia cine\u00e1lta &amp; flaithi\u00fail libh beirt i rith bhlianta deiridh bhur saoil; agus t\u00e1 a fhios agat gur Cr\u00edosta\u00ed d\u00edograiseach \u00ed Grace, agus anois ag deireadh bhur laethanta nach scarfar sibh ar an mbealach a scarann an b\u00e1s daoine \u00f3na ch\u00e9ile.<\/p>\n<p>Cailleadh di\u00fac Urumhun ar an 21 I\u00fail 1688, an l\u00e1 c\u00e9anna ceithre bliana i ndiaidh ar cailleadh a bhean. Cuireadh \u00e9 taobh l\u00e9i i Mainistir Westminster<\/p>\n<p>[\/et_pb_text][\/et_pb_column][et_pb_column type=&#8221;1_2&#8243; specialty_columns=&#8221;2&#8243; _builder_version=&#8221;4.16&#8243; custom_padding=&#8221;|||&#8221; global_colors_info=&#8221;{}&#8221; custom_padding__hover=&#8221;|||&#8221;][\/et_pb_column][\/et_pb_section]<\/p>\n","protected":false},"excerpt":{"rendered":"<p>An 6 Ean\u00e1ir 1683 Bandi\u00fac Urumhun \u2013 ag scr\u00edobh le linn di a bheith i Londain seans \u2013 chuig a mac, Iarla \u00c1rann &nbsp; 6 of Jan Tow of your [&hellip;]<\/p>\n","protected":false},"author":14,"featured_media":0,"parent":0,"menu_order":0,"comment_status":"closed","ping_status":"closed","template":"","meta":{"_et_pb_use_builder":"on","_et_pb_old_content":"","_et_gb_content_width":"","footnotes":""},"class_list":["post-14569","page","type-page","status-publish","hentry"],"_links":{"self":[{"href":"https:\/\/www.kilkennycastle.ie\/ga\/wp-json\/wp\/v2\/pages\/14569","targetHints":{"allow":["GET"]}}],"collection":[{"href":"https:\/\/www.kilkennycastle.ie\/ga\/wp-json\/wp\/v2\/pages"}],"about":[{"href":"https:\/\/www.kilkennycastle.ie\/ga\/wp-json\/wp\/v2\/types\/page"}],"author":[{"embeddable":true,"href":"https:\/\/www.kilkennycastle.ie\/ga\/wp-json\/wp\/v2\/users\/14"}],"replies":[{"embeddable":true,"href":"https:\/\/www.kilkennycastle.ie\/ga\/wp-json\/wp\/v2\/comments?post=14569"}],"version-history":[{"count":2,"href":"https:\/\/www.kilkennycastle.ie\/ga\/wp-json\/wp\/v2\/pages\/14569\/revisions"}],"predecessor-version":[{"id":14948,"href":"https:\/\/www.kilkennycastle.ie\/ga\/wp-json\/wp\/v2\/pages\/14569\/revisions\/14948"}],"wp:attachment":[{"href":"https:\/\/www.kilkennycastle.ie\/ga\/wp-json\/wp\/v2\/media?parent=14569"}],"curies":[{"name":"wp","href":"https:\/\/api.w.org\/{rel}","templated":true}]}}