{"id":14563,"date":"2023-01-22T14:26:45","date_gmt":"2023-01-22T14:26:45","guid":{"rendered":"https:\/\/kilkennycastle.ie\/letter-j\/"},"modified":"2023-03-29T22:51:18","modified_gmt":"2023-03-29T21:51:18","slug":"letter-j","status":"publish","type":"page","link":"https:\/\/www.kilkennycastle.ie\/ga\/letter-j\/","title":{"rendered":"Letter J"},"content":{"rendered":"<p>[et_pb_section fb_built=&#8221;1&#8243; specialty=&#8221;on&#8221; _builder_version=&#8221;4.19.4&#8243; _module_preset=&#8221;default&#8221; min_height=&#8221;1026.6px&#8221; global_colors_info=&#8221;{}&#8221;][et_pb_column type=&#8221;1_2&#8243; _builder_version=&#8221;4.16&#8243; custom_padding=&#8221;|||&#8221; global_colors_info=&#8221;{}&#8221; custom_padding__hover=&#8221;|||&#8221;][et_pb_text _builder_version=&#8221;4.19.4&#8243; _module_preset=&#8221;default&#8221; custom_margin=&#8221;|-261px||||&#8221; custom_padding=&#8221;|94px||||&#8221; global_colors_info=&#8221;{}&#8221;]<\/p>\n<h2>16 Feabhra 1669<\/h2>\n<h4>Bandi\u00fac Ormonde \u2013 ag scr\u00edobh as Londain is d\u00f3cha \u2013 chuig a dearth\u00e1ir c\u00e9ile an Captaen George Mathew<\/h4>\n<p>&nbsp;<\/p>\n<p>Brother The 16 of Feb The 16 of Feb<\/p>\n<p>My Leter to you upon saterday Last did I supose prepare you for what happened on sonday Last; which was My Lords dismiss from the goverment of Ireland, declarede by his Magestye; and the Lord Roberts Namede to suckside hime; with the Tytell of Lord Liftenant, I cannot as yet informe you of the sartane time when his Lordshipp willbee Ther; but soe soune as I doe know; you shall have spidie Nottis sent you, The mene time it willbee Nesesarye to gett Ether the Phenixe or Chapelizard House in a redenes for My Sonn ossory and as many of his Familie as the Plase hee Chusses Cane contane [\/] the rest may Lodge in the Towne; and hee to kiepe but a private Table whilst hee is Ther, and soe dismiss as manye Sarvants of all kinds as may be sparede and give oppertunitie to have our Goods removede out of the Castell unto Dunmore at the Least such soune that as^will take upe the most Rome by resone That House is Emptie; and the best of the[m to] kilkenye;* that Dublin Castell may bee the souner Clearede for the new Governer which will allsoe put our owne affares into a Good forwardnes, aganst I come my selfe which shallbee God willinge about the Midell of the Next Month, I doe beleve that what provistione of Cole Biere [hay] otes wine or the Like will possiblie bee bought by the Person employede by the New Governor For his uss, as allsoe the [Chairs] Bedstids for sarvants Tabells and such Loumber which it may not be amiss to Consider, and sett some vallew upon; all the Locks and keyes I likwise payede For, and perticularlie thous belonginge unto My Lords Closset and my owne Chamber with the Iorne Backes in the Severall Chimnyes, by the Next I shall posiblie know more and then you shall accordinglie heare Furthar From<\/p>\n<p>your affectionat Sister<\/p>\n<p>E:ormonde<\/p>\n<p>I pray remember mee to My Sister to whom I was not willinge to write what I am shure will not please hir<\/p>\n<p>[\/et_pb_text][\/et_pb_column][et_pb_column type=&#8221;1_2&#8243; specialty_columns=&#8221;2&#8243; _builder_version=&#8221;4.16&#8243; custom_padding=&#8221;|||&#8221; global_colors_info=&#8221;{}&#8221; custom_padding__hover=&#8221;|||&#8221;][et_pb_row_inner _builder_version=&#8221;4.19.4&#8243; _module_preset=&#8221;default&#8221; custom_margin=&#8221;|||242px||&#8221; global_colors_info=&#8221;{}&#8221;][et_pb_column_inner saved_specialty_column_type=&#8221;1_2&#8243; _builder_version=&#8221;4.19.4&#8243; _module_preset=&#8221;default&#8221; global_colors_info=&#8221;{}&#8221;][et_pb_slider _builder_version=&#8221;4.19.5&#8243; _module_preset=&#8221;default&#8221; global_colors_info=&#8221;{}&#8221;][et_pb_slide button_text=&#8221;Clice\u00e1il anseo&#8221; button_link=&#8221;https:\/\/kilkennycastle.ie\/wp-content\/uploads\/2023\/01\/ms2503-13_001-min-scaled.jpg&#8221; image=&#8221;https:\/\/kilkennycastle.ie\/wp-content\/uploads\/2023\/01\/ms2503-13_001-min-scaled.jpg&#8221; _builder_version=&#8221;4.19.5&#8243; _module_preset=&#8221;default&#8221; custom_button=&#8221;on&#8221; global_colors_info=&#8221;{}&#8221; sticky_transition=&#8221;on&#8221;]<\/p>\n<p>Bandi\u00fac Ormonde \u2013 ag scr\u00edobh as Londain is d\u00f3cha \u2013 chuig a dearth\u00e1ir c\u00e9ile an Captaen George Mathew<br \/>At\u00e1irgeadh le caoinchead \u00f3 Leabharlann N\u00e1isi\u00fanta na h\u00c9ireann (NLI, Ormond Papers, 2503, uimh. 13)<\/p>\n<p>[\/et_pb_slide][et_pb_slide button_text=&#8221;Clice\u00e1il anseo&#8221; button_link=&#8221;https:\/\/kilkennycastle.ie\/wp-content\/uploads\/2023\/01\/ms2503-13_002-min-scaled.jpg&#8221; image=&#8221;https:\/\/kilkennycastle.ie\/wp-content\/uploads\/2023\/01\/ms2503-13_002-min-scaled.jpg&#8221; _builder_version=&#8221;4.19.5&#8243; _module_preset=&#8221;default&#8221; global_colors_info=&#8221;{}&#8221; sticky_transition=&#8221;on&#8221;]<\/p>\n<p>Bandi\u00fac Ormonde \u2013 ag scr\u00edobh as Londain is d\u00f3cha \u2013 chuig a dearth\u00e1ir c\u00e9ile an Captaen George Mathew<br \/>At\u00e1irgeadh le caoinchead \u00f3 Leabharlann N\u00e1isi\u00fanta na h\u00c9ireann (NLI, Ormond Papers, 2503, uimh. 13)<\/p>\n<p>[\/et_pb_slide][et_pb_slide button_text=&#8221;Clice\u00e1il anseo&#8221; button_link=&#8221;https:\/\/kilkennycastle.ie\/wp-content\/uploads\/2023\/01\/ms2503-13_003-min-scaled.jpg&#8221; image=&#8221;https:\/\/kilkennycastle.ie\/wp-content\/uploads\/2023\/01\/ms2503-13_003-min-scaled.jpg&#8221; _builder_version=&#8221;4.19.5&#8243; _module_preset=&#8221;default&#8221; global_colors_info=&#8221;{}&#8221; sticky_transition=&#8221;on&#8221;]<\/p>\n<p>Bandi\u00fac Ormonde \u2013 ag scr\u00edobh as Londain is d\u00f3cha \u2013 chuig a dearth\u00e1ir c\u00e9ile an Captaen George Mathew<br \/>At\u00e1irgeadh le caoinchead \u00f3 Leabharlann N\u00e1isi\u00fanta na h\u00c9ireann (NLI, Ormond Papers, 2503, uimh. 13)<\/p>\n<p>[\/et_pb_slide][et_pb_slide button_text=&#8221;Clice\u00e1il anseo&#8221; button_link=&#8221;https:\/\/kilkennycastle.ie\/wp-content\/uploads\/2022\/12\/Double-portrait-1st-Duke-min.jpg&#8221; image=&#8221;http:\/\/kilkennycastle.ie\/wp-content\/uploads\/2022\/12\/Double-portrait-1st-Duke-min.jpg&#8221; _builder_version=&#8221;4.19.5&#8243; _module_preset=&#8221;default&#8221; global_colors_info=&#8221;{}&#8221; sticky_transition=&#8221;on&#8221;]<\/p>\n<p>Ba \u00e9 S\u00e9amas de Buitl\u00e9ir, 12\u00fa hiarla agus 1\u00fa di\u00fac Urumhan, an mac ba shine le Tom\u00e1s de Buitl\u00e9ir, B\u00edoc\u00fanta Dhurlais, agus a bhean Eil\u00eds Poyntz. Th\u00e1inig s\u00e9 in oidhreacht dh\u00edreach a sheanathar in aois 9 mbliana nuair a cailleadh a athair sa bhliain 1619. Ph\u00f3s s\u00e9 a chol ceathrar Eil\u00eds Preast\u00fan ar L\u00e1 Nollaig 1629, rud a thug east\u00e1t Urumhan le ch\u00e9ile ar\u00eds. Nuair a athbhuna\u00edodh an mhonarcacht, arda\u00edodh ina dhi\u00fac \u00e9. Cailleadh \u00e9 sa bhliain 1688; cailleadh a chlann mac ar fad roimhe sin, agus ba \u00e9 S\u00e9amas, mac Thom\u00e1is, iarla Osra\u00ed, a th\u00e1inig in oidhreacht air.<\/p>\n<p>S\u00e9amas 1\u00fa Di\u00fac agus a ghiolla coimhdeachta.<\/p>\n<p>N\u00ed fios c\u00e9 dhear.<\/p>\n<p>\u00a9\ufe0f\u00a0Gaileara\u00ed N\u00e1isi\u00fanta na h\u00c9ireann<\/p>\n<p>[\/et_pb_slide][et_pb_slide button_text=&#8221;Clice\u00e1il anseo&#8221; button_link=&#8221;https:\/\/kilkennycastle.ie\/wp-content\/uploads\/2022\/12\/Brooking-Map-1728-min-1-scaled.jpg&#8221; image=&#8221;https:\/\/kilkennycastle.ie\/wp-content\/uploads\/2022\/12\/Brooking-Map-1728-min-1-scaled-e1672844469437.jpg&#8221; _builder_version=&#8221;4.19.5&#8243; _module_preset=&#8221;default&#8221; global_colors_info=&#8221;{}&#8221; sticky_transition=&#8221;on&#8221;]<\/p>\n<p>\u00d3 1204 go 1922, ba \u00e9 Caisle\u00e1n Bhaile \u00c1tha Cliath an \u00e1it ch\u00f3naithe ag ionada\u00ed mhonairc Shasana in \u00c9irinn \u2013 Fear Ionaid an R\u00ed in \u00c9irinn n\u00f3 Ard-Leifteanant \u00c9ireann. Ceapadh S\u00e9amas de Buitl\u00e9ir, 1\u00fa di\u00fac Urumhan, ina Ard-Leifteanant tr\u00ed huaire \u2013 ins na blianta 1662, 1677 &amp; 1684.\u00a0<\/p>\n<p>Caisle\u00e1n Bhaile \u00c1tha Cliath<\/p>\n<p>Mapa Brooking, 1728<\/p>\n<p>Le cead \u00f3 Oifig na nOibreacha Poibl\u00ed, Caisle\u00e1n Bhaile \u00c1tha Cliath.<\/p>\n<p>[\/et_pb_slide][\/et_pb_slider][\/et_pb_column_inner][\/et_pb_row_inner][\/et_pb_column][\/et_pb_section][et_pb_section fb_built=&#8221;1&#8243; specialty=&#8221;on&#8221; _builder_version=&#8221;4.19.4&#8243; _module_preset=&#8221;default&#8221; background_color=&#8221;gcid-4cb7d1ec-1cee-49be-9524-c7e49435d023&#8243; global_colors_info=&#8221;{%22gcid-4cb7d1ec-1cee-49be-9524-c7e49435d023%22:%91%22background_color%22%93}&#8221;][et_pb_column type=&#8221;1_2&#8243; _builder_version=&#8221;4.16&#8243; custom_padding=&#8221;|||&#8221; global_colors_info=&#8221;{}&#8221; custom_padding__hover=&#8221;|||&#8221;][et_pb_button button_text=&#8221;Clice\u00e1il anseo&#8221; _builder_version=&#8221;4.20.2&#8243; _module_preset=&#8221;default&#8221; custom_button=&#8221;on&#8221; button_text_color=&#8221;#000000&#8243; button_bg_color=&#8221;gcid-4cb7d1ec-1cee-49be-9524-c7e49435d023&#8243; button_icon=&#8221;&#x7a;||divi||400&#8243; button_on_hover=&#8221;off&#8221; hover_enabled=&#8221;0&#8243; global_colors_info=&#8221;{%22gcid-4cb7d1ec-1cee-49be-9524-c7e49435d023%22:%91%22button_bg_color%22%93}&#8221; button_url=&#8221;https:\/\/kilkennycastle.ie\/wp-content\/uploads\/2023\/03\/16-Feabhra-1669.mp4&#8243; sticky_enabled=&#8221;0&#8243;][\/et_pb_button][et_pb_text _builder_version=&#8221;4.19.4&#8243; _module_preset=&#8221;default&#8221; custom_margin=&#8221;|-862px||||&#8221; global_colors_info=&#8221;{}&#8221;]<\/p>\n<h3>Tugann an litir seo, a scr\u00edobhadh agus \u00ed ar t\u00ed r\u00f3l na leas-iarna\u00ed \u00c9ireannacha a fh\u00e1g\u00e1il, l\u00e9argas ar thuiscint na mBandi\u00fac Ormonde ar an sc\u00e9al.<\/h3>\n<p>&nbsp;<\/p>\n<p>Deireadh aithnidi\u00fail d\u00e1 dhara t\u00e9arma mar leasr\u00ed ba ea d\u00edfhost\u00fa an di\u00fac Ormonde go luath i 1669. Tugann litreacha a scr\u00edobh a bhean ch\u00e9ile d\u00edreach ina dhiaidh sin fianaise luachmhar ar a thuiscint ar r\u00f3l agus ar fhreagrachta\u00ed bhean ch\u00e9ile an leasathair. Maidir l\u00e9i, ba \u00e9 pr\u00edomhr\u00f3l an leasr\u00edne taca\u00edocht a thabhairt d\u00e1 fear c\u00e9ile agus cuidi\u00fa lena sheasamh polaiti\u00fail a sheasamh. Chonaic an Bhandi\u00f9c an leas-r\u00edogacht mar an seasamh polaiti\u00fail is cumhachta\u00ed in \u00c9irinn \u2013 agus a fear c\u00e9ile an-oiri\u00fanach don r\u00f3l.<br \/>M\u00e1 bh\u00ed an leasr\u00ed freagrach as dea-rialtas na h\u00c9ireann mar ionada\u00ed an r\u00ed, chreid s\u00ed go raibh an leasr\u00ed freagrach as dea-rialtas an teaghlaigh mar ionada\u00ed an leasr\u00ed. Mar sin, nuair a bh\u00ed a mac ba shine ag f\u00f3namh mar thiarna-leas in ionad a athar, d\u2019\u00e1itigh s\u00ed ar na t\u00e9arma\u00ed is l\u00e1idre go raibh a hin\u00edon ch\u00e9ile \u2018bee Consernede [with] the Government of the Familie\u2019. L\u00e9ir\u00edonn an teanga a ghlac s\u00ed a thuiscint ar pholait\u00edocht theaghlach an leasr\u00ed, ina l\u00e9ir\u00edonn rialtas an teaghlaigh agus an teaghlaigh rialtas an St\u00e1it. Thuig an Bandi\u00fac go raibh an poit\u00e9inseal ag teaghlach an leasr\u00ed on\u00f3ir n\u00f3 eason\u00f3ir a thabhairt d\u00f3, agus mar sin tac\u00fa lena sheasamh n\u00f3 an bonn a bhaint as. \u00d3s rud \u00e9 gur chuidigh rialtas maith a muintire le h\u00fadar\u00e1s polaiti\u00fail an leasr\u00ed a neart\u00fa, chonaic an Bandi\u00fac r\u00f3l na leas-r\u00edne mar infhilleadh polaiti\u00fail ar leith.<br \/>Chreid an Bandi\u00fac go raibh an leas-uachtar\u00e1n freagrach as on\u00f3ir agus cuma on\u00f3ra an teaghlaigh a chothabh\u00e1il. Ina comhph\u00e1irt\u00ed f\u00e9in den r\u00f3l, ghlac s\u00ed uirthi f\u00e9in c\u00e1il on\u00f3rach an teaghlaigh a chosaint tr\u00ed mhaoirsi\u00fa a dh\u00e9anamh ar theaghlaigh dea-ordaithe a muintire. Thacaigh athl\u00e9imneacht airgeadais leis an obair seo a l\u00e9ir\u00edodh i mbainist\u00edocht ch\u00faramach fiacha agus chreidmheasa, agus a mhaoinigh, ar a sheal, cothabh\u00e1il na h\u00e1illeachta agus na gl\u00f3ire a theasta\u00edonn chun an sc\u00e9al a choinne\u00e1il.<br \/>Nuair a chaill an di\u00fac an leas-r\u00edogacht, ba \u00ed an Bandi\u00fac a rinne maoirsi\u00fa ar tharraingt siar an teaghlaigh \u00f3 Chaisle\u00e1n Bhaile \u00c1tha Cliath, rud a bhain go m\u00f3r le srianadh discr\u00e9ideach an teaghlaigh agus le hord\u00fa a gcuid maoine a aistri\u00fa \u00f3 Bhaile \u00c1tha Cliath go Cill Chainnigh. De r\u00e9ir mar a d\u2019\u00e9ascaigh s\u00ed an filleadh seo go Caisle\u00e1n Chill Chainnigh \u00f3 na r\u00e9admhaoine leas-r\u00e9altach, chinntigh s\u00ed gur choinnigh an teaghlach tionchar \u00e9igin i mBaile \u00c1tha Cliath tr\u00ed chairde a dh\u00e9anamh leis an leas-leas agus a bhean ch\u00e9ile agus cuidi\u00fa lena n-aistri\u00fa go h\u00c9irinn a \u00e9asc\u00fa tr\u00ed thaca\u00edocht phraitici\u00fail a thabhairt d\u00f3ibh agus iad a chur in aithne do. a l\u00edonra s\u00f3isialta. Ach rinne an Bandi\u00fac iarracht freisin seasamh a muintire f\u00e9in in \u00c9irinn a neart\u00fa tr\u00edna mbonn cumhachta \u00e1iti\u00fail a chomhdhl\u00fath\u00fa i gCill Chainnigh.<br \/>Ar an ioml\u00e1n, taispe\u00e1nann a cuid litreacha gur thuig an Bandi\u00fac r\u00f3l na leas-r\u00edne mar dhuine inscne ar leith inar thacaigh s\u00ed le gairm pholaiti\u00fail a fir ch\u00e9ile tr\u00ed chuidi\u00fa le hon\u00f3ir, tionchar agus athl\u00e9imneacht an teaghlaigh a choinne\u00e1il.<br \/>Is \u00e9 an \u2018deirfi\u00far\u2019 at\u00e1 luaite in iarscr\u00edbhinn na litreach n\u00e1 a deirfi\u00far c\u00e9ile nua, seanchara Elizabeth Anne Hume, a ph\u00f3s le d\u00e9ana\u00ed leathdhearth\u00e1ir an di\u00fac, an Captaen George Mathew, bainisteoir east\u00e1it na l\u00e1n\u00faine, agus an faighteoir. den litir seo.<\/p>\n<p>[\/et_pb_text][\/et_pb_column][et_pb_column type=&#8221;1_2&#8243; specialty_columns=&#8221;2&#8243; _builder_version=&#8221;4.16&#8243; custom_padding=&#8221;|||&#8221; global_colors_info=&#8221;{}&#8221; custom_padding__hover=&#8221;|||&#8221;][\/et_pb_column][\/et_pb_section]<\/p>\n","protected":false},"excerpt":{"rendered":"<p>16 Feabhra 1669 Bandi\u00fac Ormonde \u2013 ag scr\u00edobh as Londain is d\u00f3cha \u2013 chuig a dearth\u00e1ir c\u00e9ile an Captaen George Mathew &nbsp; Brother The 16 of Feb The 16 of [&hellip;]<\/p>\n","protected":false},"author":14,"featured_media":0,"parent":0,"menu_order":0,"comment_status":"closed","ping_status":"closed","template":"","meta":{"_et_pb_use_builder":"on","_et_pb_old_content":"","_et_gb_content_width":"","footnotes":""},"class_list":["post-14563","page","type-page","status-publish","hentry"],"_links":{"self":[{"href":"https:\/\/www.kilkennycastle.ie\/ga\/wp-json\/wp\/v2\/pages\/14563","targetHints":{"allow":["GET"]}}],"collection":[{"href":"https:\/\/www.kilkennycastle.ie\/ga\/wp-json\/wp\/v2\/pages"}],"about":[{"href":"https:\/\/www.kilkennycastle.ie\/ga\/wp-json\/wp\/v2\/types\/page"}],"author":[{"embeddable":true,"href":"https:\/\/www.kilkennycastle.ie\/ga\/wp-json\/wp\/v2\/users\/14"}],"replies":[{"embeddable":true,"href":"https:\/\/www.kilkennycastle.ie\/ga\/wp-json\/wp\/v2\/comments?post=14563"}],"version-history":[{"count":2,"href":"https:\/\/www.kilkennycastle.ie\/ga\/wp-json\/wp\/v2\/pages\/14563\/revisions"}],"predecessor-version":[{"id":14946,"href":"https:\/\/www.kilkennycastle.ie\/ga\/wp-json\/wp\/v2\/pages\/14563\/revisions\/14946"}],"wp:attachment":[{"href":"https:\/\/www.kilkennycastle.ie\/ga\/wp-json\/wp\/v2\/media?parent=14563"}],"curies":[{"name":"wp","href":"https:\/\/api.w.org\/{rel}","templated":true}]}}