{"id":14560,"date":"2023-01-22T14:24:51","date_gmt":"2023-01-22T14:24:51","guid":{"rendered":"https:\/\/kilkennycastle.ie\/litir-i\/"},"modified":"2023-03-29T22:49:09","modified_gmt":"2023-03-29T21:49:09","slug":"litir-i","status":"publish","type":"page","link":"https:\/\/www.kilkennycastle.ie\/ga\/litir-i\/","title":{"rendered":"Litir I"},"content":{"rendered":"<p>[et_pb_section fb_built=&#8221;1&#8243; specialty=&#8221;on&#8221; _builder_version=&#8221;4.20.0&#8243; _module_preset=&#8221;default&#8221; min_height=&#8221;1026.6px&#8221; global_colors_info=&#8221;{}&#8221;][et_pb_column type=&#8221;1_2&#8243; _builder_version=&#8221;4.16&#8243; custom_padding=&#8221;|||&#8221; global_colors_info=&#8221;{}&#8221; custom_padding__hover=&#8221;|||&#8221;][et_pb_text _builder_version=&#8221;4.19.4&#8243; _module_preset=&#8221;default&#8221; custom_margin=&#8221;|-261px||||&#8221; custom_padding=&#8221;|94px||||&#8221; global_colors_info=&#8221;{}&#8221;]<\/p>\n<h2>7 Deireadh F\u00f3mhair [1666]<\/h2>\n<h4>Bandi\u00fac Ormonde \u2013 ag scr\u00edobh \u00f3 Chill Chainnigh \u2013 chuig a gaol Coirn\u00e9al William Legge<\/h4>\n<p>&nbsp;<\/p>\n<p>Cousen kilkeny the 7 of october<\/p>\n<p>The same day that I sent a way my Leter of the 4 of this Month I fortuned to reseve one from you of the 16 of the Last, that Mentions the ressept of Mine by my Nephue Hambelton and that My Sone was gone unto Sir william Portmans from whense Corronell Pigott whoe Came Latlie over tells mee that hee went and was Entertanede twise at Sir John wards House, where thay spent ther time a dansinge and were very Merye but what hopes My Sone John has of the yonge Ladys favour I know not, for I never heard word from hime sense I saw you, but doe beleve well, if hee follow your advise and derections as I doe hope hee will, as to the Mache proposed for your Daghter My Last Leter will with othars that was then sent you, will Sufisentlie satisfie you that theris nothinge my unkell, and all his relations soe much desiers as the Mach may goe on, as will apiere by his owne Leter, to my lord in hopes wherof, hee has broke ofe that treatie that hee was upon when wee came to Bristoll, soe as I referr you to that accompt, which I asshure my selfe is with you or willbee befor this cane come unto your hands and remayne very asshuredlie<\/p>\n<p>your Cousen and Sarvant<\/p>\n<p>E:ormonde<\/p>\n<p>My daghter Arran is Mended beyond Expectatione by the Phisicke shee has takene and Louks beter then Ever I saw hir I pray turne the Leafe<\/p>\n<p>I desier you will remember mee to My Cousen Lege and to My Cousen Mall and Let hir know that My Lord is resolved sense hee Cannot Danse at hir wedinge hee will prepare a Balladt; and send it hir and hee hopes as good a one as that hee Made for hir at Moore Parke<\/p>\n<p>[\/et_pb_text][\/et_pb_column][et_pb_column type=&#8221;1_2&#8243; specialty_columns=&#8221;2&#8243; _builder_version=&#8221;4.16&#8243; custom_padding=&#8221;|||&#8221; global_colors_info=&#8221;{}&#8221; custom_padding__hover=&#8221;|||&#8221;][et_pb_row_inner _builder_version=&#8221;4.19.4&#8243; _module_preset=&#8221;default&#8221; custom_margin=&#8221;|||242px||&#8221; global_colors_info=&#8221;{}&#8221;][et_pb_column_inner saved_specialty_column_type=&#8221;1_2&#8243; _builder_version=&#8221;4.19.4&#8243; _module_preset=&#8221;default&#8221; global_colors_info=&#8221;{}&#8221;][et_pb_slider _builder_version=&#8221;4.19.5&#8243; _module_preset=&#8221;default&#8221; global_colors_info=&#8221;{}&#8221;][et_pb_slide button_text=&#8221;Clice\u00e1il anseo&#8221; button_link=&#8221;https:\/\/kilkennycastle.ie\/wp-content\/uploads\/2022\/12\/Colonel-Legge-NPG-min-scaled.jpg&#8221; image=&#8221;https:\/\/kilkennycastle.ie\/wp-content\/uploads\/2022\/12\/Colonel-Legge-NPG-min-scaled.jpg&#8221; _builder_version=&#8221;4.19.5&#8243; _module_preset=&#8221;default&#8221; custom_button=&#8221;on&#8221; global_colors_info=&#8221;{}&#8221; sticky_transition=&#8221;on&#8221;]<\/p>\n<p>Oifigeach airm de lucht lean\u00fana an r\u00ed ba ea Liam Legge (1608 \u2013 13 Deireadh F\u00f3mhair 1670). Throid s\u00e9 le cl\u00fa i gCogadh Cathartha Shasana faoin Phrionsa Rupert na R\u00e9ine. Nuair a athbhuna\u00edodh an Mhonarcacht, cheap S\u00e9arlas II \u00e9 ina Ghr\u00famaeir an tSeomra Leapa agus M\u00e1istir na nArmlann, agus cheap s\u00e9 freisin \u00e9 ina Lefteanant-Ghinear\u00e1l Ordan\u00e1is.<\/p>\n<p>Portr\u00e1id de Liam Legge (1609-1672) de r\u00e9ir Jacob Huysmans (1633-1696).<br \/>\u00a9 <em>National Portrait Gallery<\/em>, Londain<\/p>\n<p>[\/et_pb_slide][et_pb_slide button_text=&#8221;Clice\u00e1il anseo&#8221; button_link=&#8221;https:\/\/kilkennycastle.ie\/wp-content\/uploads\/2022\/12\/View-of-Kilkenny-Castle-min-scaled.jpg&#8221; image=&#8221;https:\/\/kilkennycastle.ie\/wp-content\/uploads\/2022\/12\/View-of-Kilkenny-Castle-min-scaled.jpg&#8221; _builder_version=&#8221;4.19.5&#8243; _module_preset=&#8221;default&#8221; global_colors_info=&#8221;{}&#8221; sticky_transition=&#8221;on&#8221;]<\/p>\n<p>Cheannaigh S\u00e9amas de Buitl\u00e9ir, 3\u00fa hiarla Urumhan, Caisle\u00e1n Chill Chainnigh \u00f3 mhuintir De Speins\u00e9ir sa bhliain 1391. Bh\u00ed an caisle\u00e1n seo \u00f3n 12\u00fa haois ina phr\u00edomh\u00e1it ch\u00f3naithe ag an teaghlach ar feadh 600 bliain nach m\u00f3r.<\/p>\n<p>Radharc ar Chaisle\u00e1n Chill Chainnigh le S\u00e9amas \u00f3 S\u00e1ndair (1775-1830)<\/p>\n<p>Le cead \u00f3 Leabharlann N\u00e1isi\u00fanta na h\u00c9ireann\u00a0<\/p>\n<p>[\/et_pb_slide][\/et_pb_slider][\/et_pb_column_inner][\/et_pb_row_inner][\/et_pb_column][\/et_pb_section][et_pb_section fb_built=&#8221;1&#8243; specialty=&#8221;on&#8221; _builder_version=&#8221;4.19.4&#8243; _module_preset=&#8221;default&#8221; background_color=&#8221;gcid-4cb7d1ec-1cee-49be-9524-c7e49435d023&#8243; global_colors_info=&#8221;{%22gcid-4cb7d1ec-1cee-49be-9524-c7e49435d023%22:%91%22background_color%22%93}&#8221;][et_pb_column type=&#8221;1_2&#8243; _builder_version=&#8221;4.16&#8243; custom_padding=&#8221;|||&#8221; global_colors_info=&#8221;{}&#8221; custom_padding__hover=&#8221;|||&#8221;][et_pb_button button_text=&#8221;Clice\u00e1il anseo&#8221; _builder_version=&#8221;4.20.2&#8243; _module_preset=&#8221;default&#8221; custom_button=&#8221;on&#8221; button_text_color=&#8221;#000000&#8243; button_bg_color=&#8221;gcid-4cb7d1ec-1cee-49be-9524-c7e49435d023&#8243; button_icon=&#8221;&#x7a;||divi||400&#8243; button_on_hover=&#8221;off&#8221; hover_enabled=&#8221;0&#8243; global_colors_info=&#8221;{%22gcid-4cb7d1ec-1cee-49be-9524-c7e49435d023%22:%91%22button_bg_color%22%93}&#8221; button_url=&#8221;https:\/\/kilkennycastle.ie\/wp-content\/uploads\/2023\/03\/7-Deireadh-Fomhair-1666.mp4&#8243; sticky_enabled=&#8221;0&#8243;][\/et_pb_button][et_pb_text _builder_version=&#8221;4.19.4&#8243; _module_preset=&#8221;default&#8221; custom_margin=&#8221;|-862px||||&#8221; global_colors_info=&#8221;{}&#8221;]<\/p>\n<h3>L\u00e9ir\u00edonn an litir seo r\u00f3l an bhandi\u00faic maidir le maoirseacht a dh\u00e9anamh ar chaibidl\u00edochta\u00ed p\u00f3sta a leana\u00ed agus l\u00e9ir\u00edonn s\u00ed a freagracht as na mn\u00e1 a ph\u00f3sann a mic.<\/h3>\n<p>&nbsp;<\/p>\n<p>D\u00edr\u00edtear i sraith litreach chuig an gCoirn\u00e9al William Legge i 1666 ar na caibidl\u00edochta\u00ed p\u00f3sta a raibh droch-chr\u00edoch leo idir an mac is \u00f3ige a bh\u00ed ag an mBandi\u00fac, an Tiarna John, agus an banoidhre saibhir Elizabeth Malet, a ph\u00f3sfadh an file cl\u00faiteach, iarla Rochester, n\u00edos d\u00e9ana\u00ed. Bh\u00ed aithne fhorleathan ar an bp\u00f3sadh ionchasach i gciorcail ch\u00fairte mar a admha\u00edonn an dialanna\u00ed Samuel Pepys:<\/p>\n<p>Ach ba dheas a fheice\u00e1il mar a d\u2019\u00e9irigh gach duine ina seasamh nuair a th\u00e1inig mo Thiarna John Butler, mac Di\u00fac Ormond, isteach sa log i dreo dheireadh an dr\u00e1ma, a bh\u00ed ina sheirbh\u00edseach do Bhean Uasal Mallet, agus rinne s\u00e9 meangadh g\u00e1ire l\u00e9i, agus rinne sise meangadh g\u00e1ire ar ais leis.<\/p>\n<p>Fear gaolta i bhfad amach ab ea Legge a ghn\u00edomhaigh mar bhr\u00f3ic\u00e9ir p\u00f3sta don teaghlach. Is l\u00e9ir go ndearna an Bandi\u00fac maoirseacht ar a chuid oibre. L\u00e9ir\u00edonn an litir seo an bhaint a bh\u00ed aici le p\u00f3sta\u00ed a dhaingni\u00fa do dhaoine eile i ngr\u00e9as\u00e1n gaolta n\u00edos leithne an teaghlaigh, lena n-\u00e1ir\u00edtear in\u00edonacha Legge f\u00e9in. Agus \u00ed ag s\u00fail le ceili\u00faradh na bp\u00f3sta\u00ed seo, luann an bandi\u00fac gur chum an di\u00fac beag\u00e1n fil\u00edochta \u00e9 f\u00e9in. Tr\u00ed \u2018bail\u00e9id\u2019 a lip\u00e9ad\u00fa ar a chuid fil\u00edochta agus ag tagairt go mag\u00fail d\u00e1 n-iarrachta\u00ed roimhe sin, tugann s\u00ed le fios go mb\u2019fh\u00e9idir go raibh buanna a fir c\u00e9ile i r\u00e9imse eile.<br \/>Tugann an litir l\u00e9argas freisin ar chaidreamh Elizabeth le bean a mic. I 1664 ph\u00f3s a mac sa l\u00e1r, Richard, Iarla Arran, Mary Stuart, in\u00edon an Di\u00faic Richmond agus neacht an Di\u00faic Buckingham. P\u00f3sadh thar a bheith tairbheach a bh\u00ed ann d\u2019Arran agus do mhuintir Ormonde. N\u00ed raibh Mary ach 13 nuair a ph\u00f3s s\u00ed agus mar sin mhair s\u00ed le teaghlach a fir ch\u00e9ile sular bhunaigh s\u00ed a teach f\u00e9in.<br \/>Bh\u00ed gr\u00e1 m\u00f3r ag Elizabeth agus a fear c\u00e9ile do bhean a mic. Fuair Mary b\u00e1s i samhradh na bliana 1668, ceithre bliana tar \u00e9is a p\u00f3sta, agus bh\u00ed neart \u2018Gal\u00e1ntacht agus M\u00f3rgacht\u2019 ag baint lena sochraid dar le duine na linne sin. Luigh a corp faoi ghradam st\u00e1it i mBaile \u00c1tha Cliath agus ansin tugadh go Cill Chainnigh \u00e9 lena adhlacadh. Agus an di\u00fac agus an bandi\u00fac i mbun gn\u00f3 sa ch\u00fairt, ba \u00ed deirfi\u00far ch\u00e9ile Mary, Amelia, an Chuntaois Ossory, a bh\u00ed ina pr\u00edomhchaointeoir.<\/p>\n<p>[\/et_pb_text][\/et_pb_column][et_pb_column type=&#8221;1_2&#8243; specialty_columns=&#8221;2&#8243; _builder_version=&#8221;4.16&#8243; custom_padding=&#8221;|||&#8221; global_colors_info=&#8221;{}&#8221; custom_padding__hover=&#8221;|||&#8221;][\/et_pb_column][\/et_pb_section]<\/p>\n","protected":false},"excerpt":{"rendered":"<p>7 Deireadh F\u00f3mhair [1666] Bandi\u00fac Ormonde \u2013 ag scr\u00edobh \u00f3 Chill Chainnigh \u2013 chuig a gaol Coirn\u00e9al William Legge &nbsp; Cousen kilkeny the 7 of october The same day that [&hellip;]<\/p>\n","protected":false},"author":14,"featured_media":0,"parent":0,"menu_order":0,"comment_status":"closed","ping_status":"closed","template":"","meta":{"_et_pb_use_builder":"on","_et_pb_old_content":"","_et_gb_content_width":"","footnotes":""},"class_list":["post-14560","page","type-page","status-publish","hentry"],"_links":{"self":[{"href":"https:\/\/www.kilkennycastle.ie\/ga\/wp-json\/wp\/v2\/pages\/14560","targetHints":{"allow":["GET"]}}],"collection":[{"href":"https:\/\/www.kilkennycastle.ie\/ga\/wp-json\/wp\/v2\/pages"}],"about":[{"href":"https:\/\/www.kilkennycastle.ie\/ga\/wp-json\/wp\/v2\/types\/page"}],"author":[{"embeddable":true,"href":"https:\/\/www.kilkennycastle.ie\/ga\/wp-json\/wp\/v2\/users\/14"}],"replies":[{"embeddable":true,"href":"https:\/\/www.kilkennycastle.ie\/ga\/wp-json\/wp\/v2\/comments?post=14560"}],"version-history":[{"count":3,"href":"https:\/\/www.kilkennycastle.ie\/ga\/wp-json\/wp\/v2\/pages\/14560\/revisions"}],"predecessor-version":[{"id":14945,"href":"https:\/\/www.kilkennycastle.ie\/ga\/wp-json\/wp\/v2\/pages\/14560\/revisions\/14945"}],"wp:attachment":[{"href":"https:\/\/www.kilkennycastle.ie\/ga\/wp-json\/wp\/v2\/media?parent=14560"}],"curies":[{"name":"wp","href":"https:\/\/api.w.org\/{rel}","templated":true}]}}