{"id":13255,"date":"2022-04-03T11:39:58","date_gmt":"2022-04-03T10:39:58","guid":{"rendered":"https:\/\/kilkennycastle.ie\/cuairt-treoraithe-ar-na-seomrai-treimhse\/"},"modified":"2022-06-06T14:50:04","modified_gmt":"2022-06-06T13:50:04","slug":"cuairt-treoraithe-ar-na-seomrai-treimhse","status":"publish","type":"page","link":"https:\/\/www.kilkennycastle.ie\/ga\/cuairt-treoraithe-ar-na-seomrai-treimhse\/","title":{"rendered":"Cuairt Treoraithe ar na Seomra\u00ed Tr\u00e9imhse"},"content":{"rendered":"<p>[et_pb_section fb_built=&#8221;1&#8243; _builder_version=&#8221;4.16&#8243; global_colors_info=&#8221;{}&#8221;][et_pb_row column_structure=&#8221;3_5,2_5&#8243; _builder_version=&#8221;4.16&#8243; _module_preset=&#8221;default&#8221; global_colors_info=&#8221;{}&#8221;][et_pb_column type=&#8221;3_5&#8243; _builder_version=&#8221;4.16&#8243; _module_preset=&#8221;default&#8221; global_colors_info=&#8221;{}&#8221;][et_pb_text _builder_version=&#8221;4.16.0&#8243; _module_preset=&#8221;default&#8221; global_colors_info=&#8221;{}&#8221;]<\/p>\n<h1><strong>Cuairt Treoraithe ar na Seomra\u00ed Tr\u00e9imhse<\/strong><\/h1>\n<p>thart faoi 50 n\u00f3im\u00e9ad \u2013 as B\u00e9arla amh\u00e1in (uasmh\u00e9id ghr\u00fapa 25 duine)<\/p>\n<p>Tabharfaidh duine de na Treoraithe againn an gr\u00fapa tr\u00ed na Seomra\u00ed Tr\u00e9imhse athch\u00f3irithe i gCaisle\u00e1n Chill Chainnigh agus tabharfar eolas ar dhaoine agus ar iarsma\u00ed stairi\u00fala.<\/p>\n<p>Beidh deis ag an ngr\u00fapa tuilleadh eolais a fh\u00e1il maidir le Caisle\u00e1n Chill Chainnigh agus na Baili\u00fachain at\u00e1 ann. Tabharfar cuairt freisin ar an D\u00fanshraith Me\u00e1naoiseach, an T\u00far Thiar agus Taispe\u00e1ntas Ph\u00e1l\u00e1is an Di\u00faic.<\/p>\n<p>&nbsp;<\/p>\n<p>N\u00d3TA: Ba ch\u00f3ir breis ama a ligean m\u00e1 t\u00e1 do threora\u00ed\/c\u00fair\u00e9ir ag aistri\u00fa \u00f3 Bh\u00e9arla.<\/p>\n<p>[\/et_pb_text][\/et_pb_column][et_pb_column type=&#8221;2_5&#8243; _builder_version=&#8221;4.16&#8243; _module_preset=&#8221;default&#8221; global_colors_info=&#8221;{}&#8221;][et_pb_image src=&#8221;https:\/\/kilkennycastle.ie\/wp-content\/uploads\/2021\/10\/BeFunky-collage-18.jpg&#8221; title_text=&#8221;BeFunky-collage (18)&#8221; _builder_version=&#8221;4.16&#8243; _module_preset=&#8221;default&#8221; border_radii=&#8221;on|10px|10px|10px|10px&#8221; box_shadow_style=&#8221;preset1&#8243; global_colors_info=&#8221;{}&#8221;][\/et_pb_image][\/et_pb_column][\/et_pb_row][\/et_pb_section][et_pb_section fb_built=&#8221;1&#8243; _builder_version=&#8221;4.16&#8243; _module_preset=&#8221;default&#8221; background_color=&#8221;gcid-4cb7d1ec-1cee-49be-9524-c7e49435d023&#8243; global_colors_info=&#8221;{%22gcid-4cb7d1ec-1cee-49be-9524-c7e49435d023%22:%91%22background_color%22%93}&#8221;][et_pb_row column_structure=&#8221;2_3,1_3&#8243; _builder_version=&#8221;4.16&#8243; _module_preset=&#8221;default&#8221; global_colors_info=&#8221;{}&#8221;][et_pb_column type=&#8221;2_3&#8243; _builder_version=&#8221;4.16&#8243; _module_preset=&#8221;default&#8221; global_colors_info=&#8221;{}&#8221;][et_pb_text _builder_version=&#8221;4.16.0&#8243; _module_preset=&#8221;default&#8221; global_colors_info=&#8221;{}&#8221;]<\/p>\n<h2><strong>Conas \u00e1irithint a dh\u00e9anamh<\/strong><\/h2>\n<p>Um chuairt ghr\u00fapa chuig Caisle\u00e1n Chill Channnigh a chur in \u00e1irithe, d\u00e9an teagmh\u00e1il r\u00edomhphoist le <a href=\"mailto:bookingskilkennycastle@opw.ie?Subject=Booking%20Enquiry%20from%20Kilkenny%20Castle%20Website\">bookingskilkennycastle@opw.ie<\/a>\u00a0agus tabhair na sonra\u00ed seo a leanas:<\/p>\n<p>&nbsp;<\/p>\n<ul>\n<li>An d\u00e1ta agus an t-am is rogha leat<\/li>\n<li>An l\u00edon daoine sa ghr\u00fapa, faoi na catag\u00f3ir seo a leanas: Daoine F\u00e1sta, Sean\u00f3ir\u00ed, Micl\u00e9inn L\u00e1naimseartha, Daoine faoi 18<\/li>\n<li>N\u00e1isi\u00fantachta\u00ed na gcuairteoir\u00ed<\/li>\n<li>An bhfuil riachtanais rochtana ag duine ar bith sa ghr\u00fapa<\/li>\n<li>An bealach \u00edoca\u00edochta is rogha leat (Dearbh\u00e1n n\u00f3 c\u00e1rta creidmheasa\/dochair)<\/li>\n<li>An t-eisp\u00e9ireas cuairteoir\u00ed is rogha leat, Turas Treoraithe n\u00f3 F\u00e9intreoraithe<\/li>\n<\/ul>\n<p>&nbsp;<\/p>\n<p>D\u00e9an teagmh\u00e1il linn um \u00e1irithint<\/p>\n<p>L\u00e9igh na t\u00e9arma\u00ed agus coinn\u00edollacha<\/p>\n<p>[\/et_pb_text][\/et_pb_column][et_pb_column type=&#8221;1_3&#8243; _builder_version=&#8221;4.16&#8243; _module_preset=&#8221;default&#8221; global_colors_info=&#8221;{}&#8221;][et_pb_button button_url=&#8221;mailto:bookingskilkennycastle@opw.ie&#8221; button_text=&#8221;D\u00e9an teagmh\u00e1il linn um \u00e1irithint&#8221; _builder_version=&#8221;4.16&#8243; _module_preset=&#8221;default&#8221; custom_button=&#8221;on&#8221; button_bg_color=&#8221;gcid-fd18f947-01b7-4ce4-88dd-62abac1bacad&#8221; button_border_color=&#8221;#FFFFFF&#8221; global_colors_info=&#8221;{%22gcid-fd18f947-01b7-4ce4-88dd-62abac1bacad%22:%91%22button_bg_color%22%93}&#8221;][\/et_pb_button][et_pb_button button_text=&#8221;L\u00e9igh na t\u00e9arma\u00ed agus coinn\u00edollacha&#8221; _builder_version=&#8221;4.16&#8243; _module_preset=&#8221;default&#8221; custom_button=&#8221;on&#8221; button_bg_color=&#8221;gcid-fd18f947-01b7-4ce4-88dd-62abac1bacad&#8221; button_border_color=&#8221;#FFFFFF&#8221; global_colors_info=&#8221;{%22gcid-fd18f947-01b7-4ce4-88dd-62abac1bacad%22:%91%22button_bg_color%22%93}&#8221;][\/et_pb_button][\/et_pb_column][\/et_pb_row][\/et_pb_section][et_pb_section fb_built=&#8221;1&#8243; _builder_version=&#8221;4.16&#8243; _module_preset=&#8221;default&#8221; global_colors_info=&#8221;{}&#8221;][et_pb_row column_structure=&#8221;1_3,1_3,1_3&#8243; _builder_version=&#8221;4.16.0&#8243; _module_preset=&#8221;default&#8221; global_colors_info=&#8221;{}&#8221;][et_pb_column type=&#8221;1_3&#8243; _builder_version=&#8221;4.16&#8243; _module_preset=&#8221;default&#8221; global_colors_info=&#8221;{}&#8221;][et_pb_text _builder_version=&#8221;4.16.0&#8243; _module_preset=&#8221;default&#8221; global_colors_info=&#8221;{}&#8221;]<\/p>\n<h2><strong>Su\u00edomh agus P\u00e1irce\u00e1il<\/strong><\/h2>\n<p>T\u00e1 Caisle\u00e1n Chill Chainnigh suite i l\u00e1r na cathrach i gCill Chainnigh. T\u00e1 p\u00e1irce\u00e1il do ch\u00f3ist\u00ed ar f\u00e1il ar an dtaobh thoir de Bh\u00f3thar an Chaisle\u00e1in. (52\u00b038\u201956.9\u2033N 7\u00b014\u201951.3\u2033W). Ag buaicuaireanta tr\u00e1chta, t\u00e1 p\u00e1irce\u00e1il breise ar f\u00e1il ar an dtaobh theas de Ghort na Lear\u00f3ige (52\u00b038\u201938.7\u2033N 7\u00b014\u201943.2\u2033W)<\/p>\n<p>T\u00e1 Mapa a l\u00e9ir\u00edonn \u00e1iseanna do chuairteoir\u00ed agus point\u00ed rochtana ar f\u00e1il <u>anseo<\/u>.<\/p>\n<p>T\u00e1 tuilleadh eolais faoi Chill Chainnigh ar f\u00e1il \u00f3 <a href=\"https:\/\/www.discoverireland.ie\/kilkenny\">F\u00e1ilte Ireland\u00a0<\/a>agus \u00f3 <a href=\"https:\/\/visitkilkenny.ie\/\">V<\/a><a href=\"https:\/\/visitkilkenny.ie\/\">isit Kilkenny<\/a><\/p>\n<p>[\/et_pb_text][\/et_pb_column][et_pb_column type=&#8221;1_3&#8243; _builder_version=&#8221;4.16&#8243; _module_preset=&#8221;default&#8221; global_colors_info=&#8221;{}&#8221;][et_pb_text _builder_version=&#8221;4.16.0&#8243; _module_preset=&#8221;default&#8221; global_colors_info=&#8221;{}&#8221;]<\/p>\n<p><span contenteditable=\"false\" style=\"border: 0;\" data-mce-object=\"iframe\" class=\"mce-preview-object mce-object-iframe\" data-mce-p-allowfullscreen=\"allowfullscreen\" data-mce-p-src=\"https:\/\/www.google.com\/maps\/embed?pb=!1m18!1m12!1m3!1d2420.59984666845!2d-7.249771983733164!3d52.64914213440222!2m3!1f0!2f0!3f0!3m2!1i1024!2i768!4f13.1!3m3!1m2!1s0x0%3A0x1da34922777bbdb7!2zNTLCsDM4JzU2LjkiTiA3wrAxNCc1MS4zIlc!5e0!3m2!1sen!2sie!4v1644234031855!5m2!1sen!2sie\"><iframe src=\"https:\/\/www.google.com\/maps\/embed?pb=!1m18!1m12!1m3!1d2420.59984666845!2d-7.249771983733164!3d52.64914213440222!2m3!1f0!2f0!3f0!3m2!1i1024!2i768!4f13.1!3m3!1m2!1s0x0%3A0x1da34922777bbdb7!2zNTLCsDM4JzU2LjkiTiA3wrAxNCc1MS4zIlc!5e0!3m2!1sen!2sie!4v1644234031855!5m2!1sen!2sie\" allowfullscreen=\"allowfullscreen\" style=\"border: 0;\" width=\"600\" height=\"450\" frameborder=\"0\"><\/iframe><span class=\"mce-shim\"><\/span><\/span><\/p>\n<p>P\u00e1irce\u00e1il do Ch\u00f3ist\u00ed ar Bh\u00f3thar an Chaisle\u00e1in<\/p>\n<p>&nbsp;<\/p>\n<p>[\/et_pb_text][\/et_pb_column][et_pb_column type=&#8221;1_3&#8243; _builder_version=&#8221;4.16&#8243; _module_preset=&#8221;default&#8221; global_colors_info=&#8221;{}&#8221;][et_pb_text _builder_version=&#8221;4.16.0&#8243; _module_preset=&#8221;default&#8221; link_option_url=&#8221;<iframe src=%22https:\/\/www.google.com\/maps\/embed?pb=!1m18!1m12!1m3!1d2420.8798724924663!2d-7.2453332999999995!3d52.6440833!2m3!1f0!2f0!3f0!3m2!1i1024!2i768!4f13.1!3m3!1m2!1s0x0%3A0x56e1791143e926ff!2zNTLCsDM4JzM4LjciTiA3wrAxNCc0My4yIlc!5e0!3m2!1sen!2sie!4v1644233550265!5m2!1sen!2sie%22 width=%22600%22 height=%22450%22 style=%22border:0;%22 allowfullscreen=%22%22 loading=%22lazy%22><\/iframe>&#8221; global_colors_info=&#8221;{}&#8221;]<\/p>\n<p><span contenteditable=\"false\" style=\"border: 0;\" data-mce-object=\"iframe\" class=\"mce-preview-object mce-object-iframe\" data-mce-p-allowfullscreen=\"allowfullscreen\" data-mce-p-src=\"https:\/\/www.google.com\/maps\/embed?pb=!1m18!1m12!1m3!1d2420.8798724924663!2d-7.2453332999999995!3d52.6440833!2m3!1f0!2f0!3f0!3m2!1i1024!2i768!4f13.1!3m3!1m2!1s0x0%3A0x56e1791143e926ff!2zNTLCsDM4JzM4LjciTiA3wrAxNCc0My4yIlc!5e0!3m2!1sen!2sie!4v1644233550265!5m2!1sen!2sie\"><iframe src=\"https:\/\/www.google.com\/maps\/embed?pb=!1m18!1m12!1m3!1d2420.8798724924663!2d-7.2453332999999995!3d52.6440833!2m3!1f0!2f0!3f0!3m2!1i1024!2i768!4f13.1!3m3!1m2!1s0x0%3A0x56e1791143e926ff!2zNTLCsDM4JzM4LjciTiA3wrAxNCc0My4yIlc!5e0!3m2!1sen!2sie!4v1644233550265!5m2!1sen!2sie\" allowfullscreen=\"allowfullscreen\" style=\"border: 0;\" width=\"600\" height=\"450\" frameborder=\"0\"><\/iframe><span class=\"mce-shim\"><\/span><\/span><\/p>\n<p>P\u00e1irce\u00e1il Breise<\/p>\n<p>&nbsp;<\/p>\n<p>[\/et_pb_text][\/et_pb_column][\/et_pb_row][\/et_pb_section][et_pb_section fb_built=&#8221;1&#8243; _builder_version=&#8221;4.16&#8243; _module_preset=&#8221;default&#8221; background_color=&#8221;gcid-4cb7d1ec-1cee-49be-9524-c7e49435d023&#8243; global_colors_info=&#8221;{%22gcid-4cb7d1ec-1cee-49be-9524-c7e49435d023%22:%91%22background_color%22%93}&#8221;][et_pb_row column_structure=&#8221;1_2,1_2&#8243; _builder_version=&#8221;4.16.0&#8243; _module_preset=&#8221;default&#8221; global_colors_info=&#8221;{}&#8221;][et_pb_column type=&#8221;1_2&#8243; _builder_version=&#8221;4.16&#8243; _module_preset=&#8221;default&#8221; global_colors_info=&#8221;{}&#8221;][et_pb_text _builder_version=&#8221;4.16.0&#8243; _module_preset=&#8221;default&#8221; global_colors_info=&#8221;{}&#8221;]<\/p>\n<h2><strong>\u00cd<\/strong><strong>oca\u00edocht<\/strong><\/h2>\n<p>Is ar l\u00e1 do chuairte amh\u00e1in a ghlactar \u00edocaiocht. N\u00ed f\u00e9idir \u00edoca\u00edocht a dh\u00e9anamh roimh r\u00e9 n\u00e1 d\u00e1 \u00e9is. F\u00e9adfar \u00edoc\u00e1\u00edocht phearsanta a dh\u00e9anamh mar seo a leanas:<\/p>\n<p>&nbsp;<\/p>\n<ul>\n<li>C\u00e1rta dochair n\u00f3 creidmheasa<\/li>\n<li>Airgead Tirim<\/li>\n<li>Dearbh\u00e1n*<\/li>\n<\/ul>\n<p>*T\u00e1 sc\u00e9im dearbh\u00e1n ag Oifig na nOibreacha Poibl\u00ed le haghaidh Tionscn\u00f3ir\u00ed Turas, institi\u00faid\u00ed agus dreamanna eile a thugann cuairt ar l\u00e1ithreacha Oidhreachta ar fud na t\u00edre. T\u00e1 tuilleadh sonra\u00ed ar f\u00e1il <a href=\"https:\/\/heritageireland.ie\/visit\/trade-groups\/group-visit-benefits\/\">anseo.<\/a><\/p>\n<p>[\/et_pb_text][\/et_pb_column][et_pb_column type=&#8221;1_2&#8243; _builder_version=&#8221;4.16&#8243; _module_preset=&#8221;default&#8221; global_colors_info=&#8221;{}&#8221;][et_pb_text _builder_version=&#8221;4.16.0&#8243; _module_preset=&#8221;default&#8221; global_colors_info=&#8221;{}&#8221;]<\/p>\n<h2 style=\"text-align: center;\"><strong>R\u00e1ta\u00ed Gr\u00fapa \u2013 Turas Treoraithe<\/strong><\/h2>\n<table border=\"1\" style=\"width: 99.8682%; border-collapse: collapse; border-style: double; border-color: black; height: 132px;\">\n<tbody>\n<tr style=\"height: 24px;\">\n<td style=\"width: 50%; height: 24px;\"><span>CATAG\u00d3IR<\/span><\/td>\n<td style=\"width: 50%; height: 24px;\"><span>PRAGHAS<\/span><\/td>\n<\/tr>\n<tr style=\"height: 24px;\">\n<td style=\"width: 50%; height: 24px;\"><span>Duine F\u00e1sta 18+<\/span><\/td>\n<td style=\"width: 50%; height: 24px;\">\u00a0\u20ac7.50<\/td>\n<\/tr>\n<tr style=\"height: 24px;\">\n<td style=\"width: 50%; height: 24px;\"><span>Mac L\u00e9inn (le c\u00e1rta bail\u00ed)<\/span><\/td>\n<td style=\"width: 50%; height: 24px;\">\u20ac6<\/td>\n<\/tr>\n<tr style=\"height: 24px;\">\n<td style=\"width: 50%; height: 24px;\"><span>P\u00e1iste (12-17)<\/span><\/td>\n<td style=\"width: 50%; height: 24px;\">\u20ac6<\/td>\n<\/tr>\n<\/tbody>\n<\/table>\n<p>[\/et_pb_text][\/et_pb_column][\/et_pb_row][\/et_pb_section][et_pb_section fb_built=&#8221;1&#8243; _builder_version=&#8221;4.16&#8243; _module_preset=&#8221;default&#8221; global_colors_info=&#8221;{}&#8221;][et_pb_row _builder_version=&#8221;4.16&#8243; _module_preset=&#8221;default&#8221; global_colors_info=&#8221;{}&#8221;][et_pb_column type=&#8221;4_4&#8243; _builder_version=&#8221;4.16&#8243; _module_preset=&#8221;default&#8221; global_colors_info=&#8221;{}&#8221;][et_pb_text _builder_version=&#8221;4.16.0&#8243; _module_preset=&#8221;default&#8221; global_colors_info=&#8221;{}&#8221;]<\/p>\n<h2><strong>Ar Theacht Duit<\/strong><\/h2>\n<p>Molaimid duit bheith ag an gCaisle\u00e1n 15 n\u00f3im\u00e9ad roimh am do chuairte.<\/p>\n<p>Ar theacht duit, le do thoil:<\/p>\n<ul>\n<li>Treoraigh do ghr\u00fapa chuig an l\u00e1thair feithimh do ghr\u00fapa\u00ed sa chl\u00f3s.<\/li>\n<li>T\u00e9igh chuig an <strong><em>Deasc Tic\u00e9ad <\/em><\/strong>(faoin \u00e1irse sa chl\u00f3s), \u00e1it a ghlacfar le dearbh\u00e1n n\u00f3 a ghlacfar \u00edoca\u00edocht le c\u00e1rta dochair\/creidmheasa.<\/li>\n<li>N\u00ed m\u00f3r don ghr\u00fapa bheith ullamh an chuairt a thos\u00fa ag an am at\u00e1 in \u00e1irithe. M\u00e1 dh\u00e9antar moill tharl\u00f3dh go gcaithf\u00ed an chuairt a athshocr\u00fa ag am\/l\u00e1 n\u00edos d\u00e9ana\u00ed.<\/li>\n<li>Tabhair faoi deara gur teoranta iad na Leithris; mar sin, f\u00e1g d\u00f3thain ama sa chl\u00e1r agat m\u00e1 t\u00e1 turas fada i gceist.<\/li>\n<\/ul>\n<p>[\/et_pb_text][\/et_pb_column][\/et_pb_row][\/et_pb_section][et_pb_section fb_built=&#8221;1&#8243; _builder_version=&#8221;4.16&#8243; _module_preset=&#8221;default&#8221; background_color=&#8221;gcid-4cb7d1ec-1cee-49be-9524-c7e49435d023&#8243; global_colors_info=&#8221;{%22gcid-4cb7d1ec-1cee-49be-9524-c7e49435d023%22:%91%22background_color%22%93}&#8221;][et_pb_row _builder_version=&#8221;4.17.4&#8243; _module_preset=&#8221;default&#8221; hover_enabled=&#8221;0&#8243; global_colors_info=&#8221;{}&#8221; column_structure=&#8221;3_5,2_5&#8243; sticky_enabled=&#8221;0&#8243;][et_pb_column type=&#8221;3_5&#8243; _builder_version=&#8221;4.16&#8243; _module_preset=&#8221;default&#8221; global_colors_info=&#8221;{}&#8221;][et_pb_text _builder_version=&#8221;4.17.4&#8243; _module_preset=&#8221;default&#8221; hover_enabled=&#8221;0&#8243; global_colors_info=&#8221;{}&#8221; sticky_enabled=&#8221;0&#8243;]<\/p>\n<h2><strong>Rochtain<\/strong><\/h2>\n<ul>\n<li>D\u2019fh\u00e9\u00e1dfadh go bhfuil \u00e1iteanna sa Chaisle\u00e1n nach bhfuil oiri\u00fanach do dhaoine faoi ghluaiseacht teoranta, ach t\u00e1 seomra\u00ed an bhunurl\u00e1ir inrochtana. T\u00e1 leithreas inrochtana ar f\u00e1il ar iarraidh. Um shonra\u00ed ar rochtain sa Chaisle\u00e1n agus i bP\u00e1irc an Chaisle\u00e1in clice\u00e1il <a href=\"https:\/\/kilkennycastle.ie\/ga\/inrochtaineacht\/\">anseo<\/a>.<\/li>\n<li>T\u00e1 Mapa a l\u00e9ir\u00edonn \u00e1iseanna do chuairteoir\u00ed agus point\u00ed rochtana ar f\u00e1il <a href=\"https:\/\/kilkennycastle.ie\/wp-content\/uploads\/2022\/06\/KK-Castle-Map-Irish-_compressed.pdf\"><u>anseo<\/u>.<\/a><\/li>\n<\/ul>\n<p>[\/et_pb_text][\/et_pb_column][et_pb_column type=&#8221;2_5&#8243; _builder_version=&#8221;4.16&#8243; _module_preset=&#8221;default&#8221; global_colors_info=&#8221;{}&#8221;][et_pb_image src=&#8221;https:\/\/kilkennycastle.ie\/wp-content\/uploads\/2022\/06\/Map-Irish.png&#8221; _builder_version=&#8221;4.17.4&#8243; _module_preset=&#8221;default&#8221; title_text=&#8221;Map Irish&#8221; url=&#8221;https:\/\/kilkennycastle.ie\/wp-content\/uploads\/2022\/06\/KK-Castle-Map-Irish-_compressed.pdf&#8221; hover_enabled=&#8221;0&#8243; sticky_enabled=&#8221;0&#8243;][\/et_pb_image][\/et_pb_column][\/et_pb_row][\/et_pb_section][et_pb_section fb_built=&#8221;1&#8243; _builder_version=&#8221;4.16&#8243; _module_preset=&#8221;default&#8221; global_colors_info=&#8221;{}&#8221;][et_pb_row _builder_version=&#8221;4.16&#8243; _module_preset=&#8221;default&#8221; global_colors_info=&#8221;{}&#8221;][et_pb_column type=&#8221;4_4&#8243; _builder_version=&#8221;4.16&#8243; _module_preset=&#8221;default&#8221; global_colors_info=&#8221;{}&#8221;][et_pb_text _builder_version=&#8221;4.16.0&#8243; _module_preset=&#8221;default&#8221; global_colors_info=&#8221;{}&#8221;]<\/p>\n<h2><strong>Polasa\u00ed maidir le M\u00e1la\u00ed Droma<\/strong><\/h2>\n<p>Um chosaint na mbaili\u00fach\u00e1n iarraimid ar chuairteoir\u00ed ullmh\u00fa don chuairt agus gan m\u00e1la\u00ed droma, m\u00e1la\u00ed m\u00f3ra n\u00e1 m\u00e1la\u00ed siopad\u00f3ireachta a thabhairt isteach sa Chaisle\u00e1n. N\u00ed chead\u00f3far ach m\u00e1la\u00ed beaga nach m\u00f3 n\u00e1 A4 (8.27in\/21cm x 11.7in\/29.7cm). F\u00e9adfar a iarraidh ar chuairteoir\u00ed m\u00e1la\u00ed beaga a iompar chun tosaigh ins na seomra\u00ed tr\u00e9imhse i gCaisle\u00e1n Chill Chainnigh.<\/p>\n<p>*Tabhair faoi deara nach bhfuil aon \u00e1iseanna st\u00f3r\u00e1la ar an l\u00e1thair le haghaidh gr\u00fapa\u00ed.<\/p>\n<p>[\/et_pb_text][\/et_pb_column][\/et_pb_row][\/et_pb_section]<\/p>\n","protected":false},"excerpt":{"rendered":"<p>Cuairt Treoraithe ar na Seomra\u00ed Tr\u00e9imhse thart faoi 50 n\u00f3im\u00e9ad \u2013 as B\u00e9arla amh\u00e1in (uasmh\u00e9id ghr\u00fapa 25 duine) Tabharfaidh duine de na Treoraithe againn an gr\u00fapa tr\u00ed na Seomra\u00ed Tr\u00e9imhse [&hellip;]<\/p>\n","protected":false},"author":14,"featured_media":0,"parent":0,"menu_order":0,"comment_status":"closed","ping_status":"closed","template":"","meta":{"_et_pb_use_builder":"on","_et_pb_old_content":"","_et_gb_content_width":"","footnotes":""},"class_list":["post-13255","page","type-page","status-publish","hentry"],"_links":{"self":[{"href":"https:\/\/www.kilkennycastle.ie\/ga\/wp-json\/wp\/v2\/pages\/13255","targetHints":{"allow":["GET"]}}],"collection":[{"href":"https:\/\/www.kilkennycastle.ie\/ga\/wp-json\/wp\/v2\/pages"}],"about":[{"href":"https:\/\/www.kilkennycastle.ie\/ga\/wp-json\/wp\/v2\/types\/page"}],"author":[{"embeddable":true,"href":"https:\/\/www.kilkennycastle.ie\/ga\/wp-json\/wp\/v2\/users\/14"}],"replies":[{"embeddable":true,"href":"https:\/\/www.kilkennycastle.ie\/ga\/wp-json\/wp\/v2\/comments?post=13255"}],"version-history":[{"count":0,"href":"https:\/\/www.kilkennycastle.ie\/ga\/wp-json\/wp\/v2\/pages\/13255\/revisions"}],"wp:attachment":[{"href":"https:\/\/www.kilkennycastle.ie\/ga\/wp-json\/wp\/v2\/media?parent=13255"}],"curies":[{"name":"wp","href":"https:\/\/api.w.org\/{rel}","templated":true}]}}