{"id":13252,"date":"2022-04-03T11:37:37","date_gmt":"2022-04-03T10:37:37","guid":{"rendered":"https:\/\/kilkennycastle.ie\/cuairt-fheintreoraithe\/"},"modified":"2022-06-06T14:43:03","modified_gmt":"2022-06-06T13:43:03","slug":"cuairt-fheintreoraithe","status":"publish","type":"page","link":"https:\/\/www.kilkennycastle.ie\/ga\/cuairt-fheintreoraithe\/","title":{"rendered":"Cuairt Fh\u00e9intreoraithe"},"content":{"rendered":"<p>[et_pb_section fb_built=&#8221;1&#8243; _builder_version=&#8221;4.16&#8243; global_colors_info=&#8221;{}&#8221;][et_pb_row column_structure=&#8221;3_5,2_5&#8243; _builder_version=&#8221;4.16&#8243; _module_preset=&#8221;default&#8221; global_colors_info=&#8221;{}&#8221;][et_pb_column type=&#8221;3_5&#8243; _builder_version=&#8221;4.16&#8243; _module_preset=&#8221;default&#8221; global_colors_info=&#8221;{}&#8221;][et_pb_text _builder_version=&#8221;4.17.3&#8243; _module_preset=&#8221;default&#8221; global_colors_info=&#8221;{}&#8221;]<\/p>\n<h1><strong>Cuairt Fh\u00e9intreoraithe<\/strong><\/h1>\n<p>thart faoi 35 \u2013 50 n\u00f3im\u00e9ad (uasmh\u00e9id ghr\u00fapa 45 duine)<\/p>\n<p>F\u00e9adfaidh gr\u00fapa\u00ed Seomra\u00ed Tr\u00e9imhse an Chaisle\u00e1in a chuardach tr\u00ed chuairt fh\u00e9intreoraithe. T\u00e1 bileoga eolais ar f\u00e1il do ghr\u00fapa\u00ed ar theacht isteach d\u00f3ibh. Cuirfidh duine de na treoraithe f\u00e1ilte rompu.<\/p>\n<p>Tosa\u00edonn an chuairt ar an mbunurl\u00e1r; cuims\u00edtear na Seomrai Tr\u00e9imhse, na Seomra\u00ed Taispe\u00e1ntais nua ar an bPas\u00e1iste Gorm agus Taispe\u00e1ntas T\u00e1ip\u00e9is an Rosa ar Phas\u00e1iste na Cistine.<\/p>\n<p>N\u00d3TA: Faoin rogha seo n\u00edl cead cante ag treoraithe\/c\u00fair\u00e9ir\u00ed gr\u00fapa.<\/p>\n<p>T\u00e1 Bileog Oibre Scoil Teanga, ceaptha do lucht foghlama B\u00e9arla (12 bhliain +) ar fail ar iarraidh.<\/p>\n<p>[\/et_pb_text][\/et_pb_column][et_pb_column type=&#8221;2_5&#8243; _builder_version=&#8221;4.16&#8243; _module_preset=&#8221;default&#8221; global_colors_info=&#8221;{}&#8221;][et_pb_image src=&#8221;https:\/\/kilkennycastle.ie\/wp-content\/uploads\/2021\/10\/BeFunky-collage-17.jpg&#8221; title_text=&#8221;BeFunky-collage (17)&#8221; _builder_version=&#8221;4.16&#8243; _module_preset=&#8221;default&#8221; border_radii=&#8221;on|10px|10px|10px|10px&#8221; box_shadow_style=&#8221;preset1&#8243; global_colors_info=&#8221;{}&#8221;][\/et_pb_image][\/et_pb_column][\/et_pb_row][et_pb_row column_structure=&#8221;2_3,1_3&#8243; disabled_on=&#8221;on|on|on&#8221; _builder_version=&#8221;4.17.3&#8243; _module_preset=&#8221;default&#8221; disabled=&#8221;on&#8221; global_colors_info=&#8221;{}&#8221;][et_pb_column type=&#8221;2_3&#8243; _builder_version=&#8221;4.17.3&#8243; _module_preset=&#8221;default&#8221; global_colors_info=&#8221;{}&#8221;][et_pb_text _builder_version=&#8221;4.17.3&#8243; _module_preset=&#8221;default&#8221; global_colors_info=&#8221;{}&#8221;]<\/p>\n<h2>T\u00e1 cluastreoir ar f\u00e1il don turas f\u00e9intreoraithe ar na Seomra\u00ed Tr\u00e9imhse<\/h2>\n<p>[\/et_pb_text][\/et_pb_column][et_pb_column type=&#8221;1_3&#8243; _builder_version=&#8221;4.17.3&#8243; _module_preset=&#8221;default&#8221; global_colors_info=&#8221;{}&#8221;][et_pb_button button_text=&#8221;Clice\u00e1il anseo &#8221; _builder_version=&#8221;4.17.3&#8243; _module_preset=&#8221;default&#8221; custom_button=&#8221;on&#8221; button_bg_color=&#8221;gcid-fd18f947-01b7-4ce4-88dd-62abac1bacad&#8221; button_icon=&#8221;&#xe069;||divi||400&#8243; button_on_hover=&#8221;off&#8221; global_colors_info=&#8221;{%22gcid-fd18f947-01b7-4ce4-88dd-62abac1bacad%22:%91%22button_bg_color%22%93}&#8221;][\/et_pb_button][\/et_pb_column][\/et_pb_row][et_pb_row _builder_version=&#8221;4.17.3&#8243; _module_preset=&#8221;default&#8221; global_colors_info=&#8221;{}&#8221;][et_pb_column type=&#8221;4_4&#8243; _builder_version=&#8221;4.17.3&#8243; _module_preset=&#8221;default&#8221; global_colors_info=&#8221;{}&#8221;][et_pb_text _builder_version=&#8221;4.17.3&#8243; _module_preset=&#8221;default&#8221; global_colors_info=&#8221;{}&#8221;]<\/p>\n<h2>T\u00e1 bileoga ar f\u00e1il i dteangacha \u00e9ags\u00fala; f\u00e9adfar iad a \u00edosl\u00f3d\u00e1il agus a phriont\u00e1il don ghr\u00fapa:<\/h2>\n<p><span><a href=\"https:\/\/kilkennycastle.ie\/wp-content\/uploads\/2021\/12\/KKC-A4-leaflet-Irish-version-2022_compressed.pdf\">Gaeilge<\/a><a href=\"https:\/\/kilkennycastle.ie\/wp-content\/uploads\/2021\/12\/KKC-A4-leaflet-English-version-2022_compressed.pdf\">, B\u00e9arla<\/a><\/span>,\u00a0<span><a href=\"https:\/\/kilkennycastle.ie\/wp-content\/uploads\/2021\/12\/Information-leaflet-Arabic-2022-compressed.pdf\">Araibis<\/a><\/span>,\u00a0<span><a href=\"https:\/\/kilkennycastle.ie\/wp-content\/uploads\/2021\/12\/Information-Leaflet-Chinese-January-2022-compressed.pdf\">S\u00ednis<\/a><\/span>,\u00a0<span><a href=\"https:\/\/kilkennycastle.ie\/wp-content\/uploads\/2021\/12\/Information-Leaflet-Dutch-January-2022_compressed.pdf\">Ollannais<\/a><\/span>,\u00a0<span><a href=\"https:\/\/kilkennycastle.ie\/wp-content\/uploads\/2021\/12\/information-leaflet-french-2022_compressed.pdf\">Fraincis<\/a><\/span>,\u00a0<span><a href=\"https:\/\/kilkennycastle.ie\/wp-content\/uploads\/2021\/12\/information-leaflet-german-January-2022_compressed.pdf\">Gearm\u00e1inis<\/a><\/span>,\u00a0<span><a href=\"https:\/\/kilkennycastle.ie\/wp-content\/uploads\/2019\/01\/Information-Leaflet-Hebrew.pdf\">Eabhrais<\/a><\/span>,\u00a0<span><a href=\"https:\/\/kilkennycastle.ie\/wp-content\/uploads\/2021\/12\/Information-Leaflet-Italian-January-2022_compressed.pdf\">Iod\u00e1ilis<\/a><\/span>,\u00a0<span><a href=\"https:\/\/kilkennycastle.ie\/wp-content\/uploads\/2021\/12\/Information-Leaflet-Japanese-January-2022-1.pdf\">Seap\u00e1inis, <\/a><\/span>\u00a0<span><a href=\"https:\/\/kilkennycastle.ie\/wp-content\/uploads\/2021\/12\/information-leaflet-polish-january-2022_compressed.pdf\">Polannais<\/a><\/span>,\u00a0<span><a href=\"https:\/\/kilkennycastle.ie\/wp-content\/uploads\/2019\/01\/Information-Leaflet-Portuguese.pdf\">Portaing\u00e9ilis<\/a><\/span>,\u00a0<span><a href=\"https:\/\/kilkennycastle.ie\/wp-content\/uploads\/2021\/12\/Information-Leaflet-Russian-January-2022_compressed.pdf\">R\u00faisis,<\/a><\/span>\u00a0<span><a href=\"https:\/\/kilkennycastle.ie\/wp-content\/uploads\/2022\/04\/KKC-leaflet-Ukrainian.pdf\">Ucr\u00e1inis<\/a><\/span>\u00a0&amp;\u00a0<span><a href=\"https:\/\/kilkennycastle.ie\/wp-content\/uploads\/2021\/12\/Information-Leaflet-Spanish-January-2022_compressed.pdf\">Sp\u00e1inis<\/a><\/span>.<\/p>\n<p>[\/et_pb_text][\/et_pb_column][\/et_pb_row][\/et_pb_section][et_pb_section fb_built=&#8221;1&#8243; _builder_version=&#8221;4.16&#8243; _module_preset=&#8221;default&#8221; background_color=&#8221;gcid-4cb7d1ec-1cee-49be-9524-c7e49435d023&#8243; global_colors_info=&#8221;{%22gcid-4cb7d1ec-1cee-49be-9524-c7e49435d023%22:%91%22background_color%22%93}&#8221;][et_pb_row column_structure=&#8221;2_3,1_3&#8243; _builder_version=&#8221;4.16&#8243; _module_preset=&#8221;default&#8221; global_colors_info=&#8221;{}&#8221;][et_pb_column type=&#8221;2_3&#8243; _builder_version=&#8221;4.16&#8243; _module_preset=&#8221;default&#8221; global_colors_info=&#8221;{}&#8221;][et_pb_text _builder_version=&#8221;4.16.0&#8243; _module_preset=&#8221;default&#8221; global_colors_info=&#8221;{}&#8221;]<\/p>\n<h2><strong>Conas \u00e1irithint a dh\u00e9anamh<\/strong><\/h2>\n<p>Um chuairt ghr\u00fapa chuig Caisle\u00e1n Chill Channnigh a chur in \u00e1irithe, d\u00e9an teagmh\u00e1il r\u00edomhphoist le <a href=\"mailto:bookingskilkennycastle@opw.ie?Subject=Booking%20Enquiry%20from%20Kilkenny%20Castle%20Website\">bookingskilkennycastle@opw.ie<\/a>\u00a0agus tabhair na sonra\u00ed seo a leanas:<\/p>\n<p>&nbsp;<\/p>\n<ul>\n<li>An d\u00e1ta agus an t-am is rogha leat<\/li>\n<li>An l\u00edon daoine sa ghr\u00fapa, faoi na catag\u00f3ir seo a leanas: Daoine F\u00e1sta, Sean\u00f3ir\u00ed, Micl\u00e9inn L\u00e1naimseartha, Daoine faoi 18<\/li>\n<li>N\u00e1isi\u00fantachta\u00ed na gcuairteoir\u00ed<\/li>\n<li>An bhfuil riachtanais rochtana ag duine ar bith sa ghr\u00fapa<\/li>\n<li>An bealach \u00edoca\u00edochta is rogha leat (Dearbh\u00e1n n\u00f3 c\u00e1rta creidmheasa\/dochair)<\/li>\n<li>An t-eisp\u00e9ireas cuairteoir\u00ed is rogha leat, Turas Treoraithe n\u00f3 F\u00e9intreoraithe<\/li>\n<\/ul>\n<p>[\/et_pb_text][\/et_pb_column][et_pb_column type=&#8221;1_3&#8243; _builder_version=&#8221;4.16&#8243; _module_preset=&#8221;default&#8221; global_colors_info=&#8221;{}&#8221;][et_pb_button button_url=&#8221;mailto:bookingskilkennycastle@opw.ie&#8221; button_text=&#8221;D\u00e9an teagmh\u00e1il linn um \u00e1irithint&#8221; _builder_version=&#8221;4.16&#8243; _module_preset=&#8221;default&#8221; custom_button=&#8221;on&#8221; button_bg_color=&#8221;gcid-fd18f947-01b7-4ce4-88dd-62abac1bacad&#8221; button_border_color=&#8221;#FFFFFF&#8221; global_colors_info=&#8221;{%22gcid-fd18f947-01b7-4ce4-88dd-62abac1bacad%22:%91%22button_bg_color%22%93}&#8221;][\/et_pb_button][et_pb_button button_url=&#8221;https:\/\/kilkennycastle.ie\/terms-conditions\/&#8221; button_text=&#8221;L\u00e9igh na t\u00e9arma\u00ed agus coinn\u00edollacha&#8221; _builder_version=&#8221;4.16&#8243; _module_preset=&#8221;default&#8221; custom_button=&#8221;on&#8221; button_bg_color=&#8221;gcid-fd18f947-01b7-4ce4-88dd-62abac1bacad&#8221; button_border_color=&#8221;#FFFFFF&#8221; global_colors_info=&#8221;{%22gcid-fd18f947-01b7-4ce4-88dd-62abac1bacad%22:%91%22button_bg_color%22%93}&#8221;][\/et_pb_button][\/et_pb_column][\/et_pb_row][\/et_pb_section][et_pb_section fb_built=&#8221;1&#8243; _builder_version=&#8221;4.16&#8243; _module_preset=&#8221;default&#8221; global_colors_info=&#8221;{}&#8221;][et_pb_row column_structure=&#8221;1_3,1_3,1_3&#8243; _builder_version=&#8221;4.16&#8243; _module_preset=&#8221;default&#8221; global_colors_info=&#8221;{}&#8221;][et_pb_column type=&#8221;1_3&#8243; _builder_version=&#8221;4.16&#8243; _module_preset=&#8221;default&#8221; global_colors_info=&#8221;{}&#8221;][et_pb_text _builder_version=&#8221;4.16.0&#8243; _module_preset=&#8221;default&#8221; global_colors_info=&#8221;{}&#8221;]<\/p>\n<h2><strong>Su\u00edomh agus P\u00e1irce\u00e1il<\/strong><\/h2>\n<p>T\u00e1 Caisle\u00e1n Chill Chainnigh suite i l\u00e1r na cathrach i gCill Chainnigh. T\u00e1 p\u00e1irce\u00e1il do ch\u00f3ist\u00ed ar f\u00e1il ar an dtaobh thoir de Bh\u00f3thar an Chaisle\u00e1in. (52\u00b038\u201956.9\u2033N 7\u00b014\u201951.3\u2033W). Ag buaicuaireanta tr\u00e1chta, t\u00e1 p\u00e1irce\u00e1il breise ar f\u00e1il ar an dtaobh theas de Ghort na Lear\u00f3ige (52\u00b038\u201938.7\u2033N 7\u00b014\u201943.2\u2033W)<\/p>\n<p>T\u00e1 Mapa a l\u00e9ir\u00edonn \u00e1iseanna do chuairteoir\u00ed agus point\u00ed rochtana ar f\u00e1il <u>anseo<\/u>.<\/p>\n<p>T\u00e1 tuilleadh eolais faoi Chill Chainnigh ar f\u00e1il \u00f3 <a href=\"https:\/\/www.discoverireland.ie\/kilkenny\">F\u00e1ilte Ireland\u00a0<\/a>agus \u00f3 <a href=\"https:\/\/visitkilkenny.ie\/\">V<\/a><a href=\"https:\/\/visitkilkenny.ie\/\">isit Kilkenny<\/a><\/p>\n<p>[\/et_pb_text][\/et_pb_column][et_pb_column type=&#8221;1_3&#8243; _builder_version=&#8221;4.16&#8243; _module_preset=&#8221;default&#8221; global_colors_info=&#8221;{}&#8221;][et_pb_text _builder_version=&#8221;4.16.0&#8243; _module_preset=&#8221;default&#8221; global_colors_info=&#8221;{}&#8221;]<\/p>\n<p><iframe src=\"https:\/\/www.google.com\/maps\/embed?pb=!1m18!1m12!1m3!1d2420.59984666845!2d-7.249771983733164!3d52.64914213440222!2m3!1f0!2f0!3f0!3m2!1i1024!2i768!4f13.1!3m3!1m2!1s0x0%3A0x1da34922777bbdb7!2zNTLCsDM4JzU2LjkiTiA3wrAxNCc1MS4zIlc!5e0!3m2!1sen!2sie!4v1644234031855!5m2!1sen!2sie\" width=\"600\" height=\"450\" style=\"border: 0;\" allowfullscreen=\"\" loading=\"lazy\"><\/iframe><\/p>\n<p>P\u00e1irce\u00e1il do Ch\u00f3ist\u00ed ar Bh\u00f3thar an Chaisle\u00e1in<\/p>\n<p>[\/et_pb_text][\/et_pb_column][et_pb_column type=&#8221;1_3&#8243; _builder_version=&#8221;4.16&#8243; _module_preset=&#8221;default&#8221; global_colors_info=&#8221;{}&#8221;][et_pb_text _builder_version=&#8221;4.16.0&#8243; _module_preset=&#8221;default&#8221; link_option_url=&#8221;<iframe src=%22https:\/\/www.google.com\/maps\/embed?pb=!1m18!1m12!1m3!1d2420.8798724924663!2d-7.2453332999999995!3d52.6440833!2m3!1f0!2f0!3f0!3m2!1i1024!2i768!4f13.1!3m3!1m2!1s0x0%3A0x56e1791143e926ff!2zNTLCsDM4JzM4LjciTiA3wrAxNCc0My4yIlc!5e0!3m2!1sen!2sie!4v1644233550265!5m2!1sen!2sie%22 width=%22600%22 height=%22450%22 style=%22border:0;%22 allowfullscreen=%22%22 loading=%22lazy%22><\/iframe>&#8221; global_colors_info=&#8221;{}&#8221;]<\/p>\n<p><iframe src=\"https:\/\/www.google.com\/maps\/embed?pb=!1m18!1m12!1m3!1d2420.8798724924663!2d-7.2453332999999995!3d52.6440833!2m3!1f0!2f0!3f0!3m2!1i1024!2i768!4f13.1!3m3!1m2!1s0x0%3A0x56e1791143e926ff!2zNTLCsDM4JzM4LjciTiA3wrAxNCc0My4yIlc!5e0!3m2!1sen!2sie!4v1644233550265!5m2!1sen!2sie\" width=\"600\" height=\"450\" style=\"border: 0;\" allowfullscreen=\"\" loading=\"lazy\"><\/iframe><\/p>\n<p>P\u00e1irce\u00e1il Breise<\/p>\n<p>[\/et_pb_text][\/et_pb_column][\/et_pb_row][\/et_pb_section][et_pb_section fb_built=&#8221;1&#8243; _builder_version=&#8221;4.16&#8243; _module_preset=&#8221;default&#8221; background_color=&#8221;gcid-4cb7d1ec-1cee-49be-9524-c7e49435d023&#8243; global_colors_info=&#8221;{%22gcid-4cb7d1ec-1cee-49be-9524-c7e49435d023%22:%91%22background_color%22%93}&#8221;][et_pb_row column_structure=&#8221;1_2,1_2&#8243; _builder_version=&#8221;4.16&#8243; _module_preset=&#8221;default&#8221; global_colors_info=&#8221;{}&#8221;][et_pb_column type=&#8221;1_2&#8243; _builder_version=&#8221;4.16&#8243; _module_preset=&#8221;default&#8221; global_colors_info=&#8221;{}&#8221;][et_pb_text _builder_version=&#8221;4.16.0&#8243; _module_preset=&#8221;default&#8221; global_colors_info=&#8221;{}&#8221;]<\/p>\n<h2><strong>\u00cdoca\u00edocht<\/strong><\/h2>\n<p>Is ar l\u00e1 do chuairte amh\u00e1in a ghlactar \u00edocaiocht. N\u00ed f\u00e9idir \u00edoca\u00edocht a dh\u00e9anamh roimh r\u00e9 n\u00e1 d\u00e1 \u00e9is. F\u00e9adfar \u00edoc\u00e1\u00edocht phearsanta a dh\u00e9anamh mar seo a leanas:<\/p>\n<p>&nbsp;<\/p>\n<ul>\n<li>C\u00e1rta dochair n\u00f3 creidmheasa<\/li>\n<li>Airgead Tirim<\/li>\n<li>Dearbh\u00e1n*<\/li>\n<\/ul>\n<p>*T\u00e1 sc\u00e9im dearbh\u00e1n ag Oifig na nOibreacha Poibl\u00ed le haghaidh Tionscn\u00f3ir\u00ed Turas, institi\u00faid\u00ed agus dreamanna eile a thugann cuairt ar l\u00e1ithreacha Oidhreachta ar fud na t\u00edre. T\u00e1 tuilleadh sonra\u00ed ar f\u00e1il <a href=\"https:\/\/heritageireland.ie\/visit\/trade-groups\/group-visit-benefits\/\">anseo.<\/a><\/p>\n<p>[\/et_pb_text][\/et_pb_column][et_pb_column type=&#8221;1_2&#8243; _builder_version=&#8221;4.16&#8243; _module_preset=&#8221;default&#8221; global_colors_info=&#8221;{}&#8221;][et_pb_text _builder_version=&#8221;4.16.0&#8243; _module_preset=&#8221;default&#8221; global_colors_info=&#8221;{}&#8221;]<\/p>\n<h2 style=\"text-align: center;\"><\/h2>\n<h2 style=\"text-align: center;\"><\/h2>\n<p>&nbsp;<\/p>\n<h2 style=\"text-align: center;\"><strong>R\u00e1ta\u00ed Gr\u00fapa \u2013 Turas F\u00e9intreoraithe<\/strong><\/h2>\n<table border=\"1\" style=\"width: 99.8682%; border-collapse: collapse; border-style: double; border-color: black; height: 132px;\">\n<tbody>\n<tr style=\"height: 24px;\">\n<td style=\"width: 50%; height: 24px;\"><span>CATAG\u00d3IR<\/span><\/td>\n<td style=\"width: 50%; height: 24px;\"><span>PRAGHAS<\/span><\/td>\n<\/tr>\n<tr style=\"height: 24px;\">\n<td style=\"width: 50%; height: 24px;\"><span>Duine F\u00e1sta 18+<\/span><\/td>\n<td style=\"width: 50%; height: 24px;\">\u00a0\u20ac6<\/td>\n<\/tr>\n<tr style=\"height: 24px;\">\n<td style=\"width: 50%; height: 24px;\"><span>Mac L\u00e9inn (le c\u00e1rta bail\u00ed)<\/span><\/td>\n<td style=\"width: 50%; height: 24px;\">\u20ac4<\/td>\n<\/tr>\n<tr style=\"height: 24px;\">\n<td style=\"width: 50%; height: 24px;\"><span>P\u00e1iste (12-17)<\/span><\/td>\n<td style=\"width: 50%; height: 24px;\">\u20ac4<\/td>\n<\/tr>\n<\/tbody>\n<\/table>\n<p>[\/et_pb_text][\/et_pb_column][\/et_pb_row][\/et_pb_section][et_pb_section fb_built=&#8221;1&#8243; _builder_version=&#8221;4.16&#8243; _module_preset=&#8221;default&#8221; global_colors_info=&#8221;{}&#8221;][et_pb_row _builder_version=&#8221;4.16&#8243; _module_preset=&#8221;default&#8221; global_colors_info=&#8221;{}&#8221;][et_pb_column type=&#8221;4_4&#8243; _builder_version=&#8221;4.16&#8243; _module_preset=&#8221;default&#8221; global_colors_info=&#8221;{}&#8221;][et_pb_text _builder_version=&#8221;4.16.0&#8243; _module_preset=&#8221;default&#8221; global_colors_info=&#8221;{}&#8221;]<\/p>\n<h2><strong>Ar Theacht Duit<\/strong><\/h2>\n<p>Molaimid duit bheith ag an gCaisle\u00e1n 15 n\u00f3im\u00e9ad roimh am do chuairte.<\/p>\n<p>Ar theacht duit, le do thoil:<\/p>\n<ul>\n<li>Treoraigh do ghr\u00fapa chuig an l\u00e1thair feithimh do ghr\u00fapa\u00ed sa chl\u00f3s.<\/li>\n<li>T\u00e9igh chuig an <strong><em>Deasc Tic\u00e9ad <\/em><\/strong>(faoin \u00e1irse sa chl\u00f3s), \u00e1it a ghlacfar le dearbh\u00e1n n\u00f3 a ghlacfar \u00edoca\u00edocht le c\u00e1rta dochair\/creidmheasa.<\/li>\n<li>N\u00ed m\u00f3r don ghr\u00fapa bheith ullamh an chuairt a thos\u00fa ag an am at\u00e1 in \u00e1irithe. M\u00e1 dh\u00e9antar moill tharl\u00f3dh go gcaithf\u00ed an chuairt a athshocr\u00fa ag am\/l\u00e1 n\u00edos d\u00e9ana\u00ed.<\/li>\n<li>Tabhair faoi deara gur teoranta iad na Leithris; mar sin, f\u00e1g d\u00f3thain ama sa chl\u00e1r agat m\u00e1 t\u00e1 turas fada i gceist.<\/li>\n<\/ul>\n<p>[\/et_pb_text][\/et_pb_column][\/et_pb_row][\/et_pb_section][et_pb_section fb_built=&#8221;1&#8243; _builder_version=&#8221;4.16&#8243; _module_preset=&#8221;default&#8221; background_color=&#8221;gcid-4cb7d1ec-1cee-49be-9524-c7e49435d023&#8243; global_colors_info=&#8221;{%22gcid-4cb7d1ec-1cee-49be-9524-c7e49435d023%22:%91%22background_color%22%93}&#8221;][et_pb_row _builder_version=&#8221;4.17.4&#8243; _module_preset=&#8221;default&#8221; hover_enabled=&#8221;0&#8243; global_colors_info=&#8221;{}&#8221; column_structure=&#8221;2_3,1_3&#8243; sticky_enabled=&#8221;0&#8243;][et_pb_column type=&#8221;2_3&#8243; _builder_version=&#8221;4.16&#8243; _module_preset=&#8221;default&#8221; global_colors_info=&#8221;{}&#8221;][et_pb_text _builder_version=&#8221;4.17.4&#8243; _module_preset=&#8221;default&#8221; hover_enabled=&#8221;0&#8243; global_colors_info=&#8221;{}&#8221; sticky_enabled=&#8221;0&#8243;]<\/p>\n<h2>\u00b7\u00a0\u00a0\u00a0\u00a0\u00a0\u00a0\u00a0\u00a0 <strong>Rochtain<\/strong><\/h2>\n<ul>\n<li>D\u2019fh\u00e9\u00e1dfadh go bhfuil \u00e1iteanna sa Chaisle\u00e1n nach bhfuil oiri\u00fanach do dhaoine faoi ghluaiseacht teoranta, ach t\u00e1 seomra\u00ed an bhunurl\u00e1ir inrochtana. T\u00e1 leithreas inrochtana ar f\u00e1il ar iarraidh. Um shonra\u00ed ar rochtain sa Chaisle\u00e1n agus i bP\u00e1irc an Chaisle\u00e1in clice\u00e1il <a href=\"https:\/\/kilkennycastle.ie\/ga\/inrochtaineacht\/\">anseo<\/a>.<\/li>\n<li>T\u00e1 Mapa a l\u00e9ir\u00edonn \u00e1iseanna do chuairteoir\u00ed agus point\u00ed rochtana ar f\u00e1il <a href=\"https:\/\/kilkennycastle.ie\/wp-content\/uploads\/2022\/06\/KK-Castle-Map-Irish-_compressed.pdf\"><u>anseo<\/u>.<\/a><\/li>\n<\/ul>\n<p>[\/et_pb_text][\/et_pb_column][et_pb_column type=&#8221;1_3&#8243; _builder_version=&#8221;4.16&#8243; _module_preset=&#8221;default&#8221; global_colors_info=&#8221;{}&#8221;][et_pb_image src=&#8221;https:\/\/kilkennycastle.ie\/wp-content\/uploads\/2022\/06\/Map-Irish.png&#8221; _builder_version=&#8221;4.17.4&#8243; _module_preset=&#8221;default&#8221; title_text=&#8221;Map Irish&#8221; hover_enabled=&#8221;0&#8243; sticky_enabled=&#8221;0&#8243; url=&#8221;https:\/\/kilkennycastle.ie\/wp-content\/uploads\/2022\/06\/KK-Castle-Map-Irish-_compressed.pdf&#8221;][\/et_pb_image][\/et_pb_column][\/et_pb_row][\/et_pb_section][et_pb_section fb_built=&#8221;1&#8243; _builder_version=&#8221;4.16&#8243; _module_preset=&#8221;default&#8221; global_colors_info=&#8221;{}&#8221;][et_pb_row _builder_version=&#8221;4.16&#8243; _module_preset=&#8221;default&#8221; global_colors_info=&#8221;{}&#8221;][et_pb_column type=&#8221;4_4&#8243; _builder_version=&#8221;4.16&#8243; _module_preset=&#8221;default&#8221; global_colors_info=&#8221;{}&#8221;][et_pb_text _builder_version=&#8221;4.16.0&#8243; _module_preset=&#8221;default&#8221; global_colors_info=&#8221;{}&#8221;]<\/p>\n<h2><strong>Polasa\u00ed maidir le M\u00e1la\u00ed Droma<\/strong><\/h2>\n<p>Um chosaint na mbaili\u00fach\u00e1n iarraimid ar chuairteoir\u00ed ullmh\u00fa don chuairt agus gan m\u00e1la\u00ed droma, m\u00e1la\u00ed m\u00f3ra n\u00e1 m\u00e1la\u00ed siopad\u00f3ireachta a thabhairt isteach sa Chaisle\u00e1n. N\u00ed chead\u00f3far ach m\u00e1la\u00ed beaga nach m\u00f3 n\u00e1 A4 (8.27in\/21cm x 11.7in\/29.7cm). F\u00e9adfar a iarraidh ar chuairteoir\u00ed m\u00e1la\u00ed beaga a iompar chun tosaigh ins na seomra\u00ed tr\u00e9imhse i gCaisle\u00e1n Chill Chainnigh.<\/p>\n<p>*Tabhair faoi deara nach bhfuil aon \u00e1iseanna st\u00f3r\u00e1la ar an l\u00e1thair le haghaidh gr\u00fapa\u00ed.<\/p>\n<p>[\/et_pb_text][\/et_pb_column][\/et_pb_row][\/et_pb_section]<\/p>\n","protected":false},"excerpt":{"rendered":"<p>Cuairt Fh\u00e9intreoraithe thart faoi 35 \u2013 50 n\u00f3im\u00e9ad (uasmh\u00e9id ghr\u00fapa 45 duine) F\u00e9adfaidh gr\u00fapa\u00ed Seomra\u00ed Tr\u00e9imhse an Chaisle\u00e1in a chuardach tr\u00ed chuairt fh\u00e9intreoraithe. T\u00e1 bileoga eolais ar f\u00e1il do ghr\u00fapa\u00ed [&hellip;]<\/p>\n","protected":false},"author":14,"featured_media":0,"parent":0,"menu_order":0,"comment_status":"closed","ping_status":"closed","template":"","meta":{"_et_pb_use_builder":"on","_et_pb_old_content":"","_et_gb_content_width":"","footnotes":""},"class_list":["post-13252","page","type-page","status-publish","hentry"],"_links":{"self":[{"href":"https:\/\/www.kilkennycastle.ie\/ga\/wp-json\/wp\/v2\/pages\/13252","targetHints":{"allow":["GET"]}}],"collection":[{"href":"https:\/\/www.kilkennycastle.ie\/ga\/wp-json\/wp\/v2\/pages"}],"about":[{"href":"https:\/\/www.kilkennycastle.ie\/ga\/wp-json\/wp\/v2\/types\/page"}],"author":[{"embeddable":true,"href":"https:\/\/www.kilkennycastle.ie\/ga\/wp-json\/wp\/v2\/users\/14"}],"replies":[{"embeddable":true,"href":"https:\/\/www.kilkennycastle.ie\/ga\/wp-json\/wp\/v2\/comments?post=13252"}],"version-history":[{"count":0,"href":"https:\/\/www.kilkennycastle.ie\/ga\/wp-json\/wp\/v2\/pages\/13252\/revisions"}],"wp:attachment":[{"href":"https:\/\/www.kilkennycastle.ie\/ga\/wp-json\/wp\/v2\/media?parent=13252"}],"curies":[{"name":"wp","href":"https:\/\/api.w.org\/{rel}","templated":true}]}}