{"id":12639,"date":"2021-12-16T09:58:42","date_gmt":"2021-12-16T09:58:42","guid":{"rendered":"https:\/\/kilkennycastle.ie\/uaitear-de-buitleir-1770-1820-priomh-bhuitleir-eireann-18u-iarla-urumhan-iarla-osrai-agus-biochunta-durlais-1u-mharcas-urumhan-an-dara-cruthu\/"},"modified":"2021-12-16T14:51:38","modified_gmt":"2021-12-16T14:51:38","slug":"uaitear-de-buitleir-1770-1820-priomh-bhuitleir-eireann-18u-iarla-urumhan-iarla-osrai-agus-biochunta-durlais-1u-mharcas-urumhan-an-dara-cruthu","status":"publish","type":"page","link":"https:\/\/www.kilkennycastle.ie\/ga\/uaitear-de-buitleir-1770-1820-priomh-bhuitleir-eireann-18u-iarla-urumhan-iarla-osrai-agus-biochunta-durlais-1u-mharcas-urumhan-an-dara-cruthu\/","title":{"rendered":"Uait\u00e9ar de Buitl\u00e9ir (1770\u20131820) Pr\u00edomh-Bhuitl\u00e9ir \u00c9ireann, 18\u00fa Iarla Urumhan, Iarla Osra\u00ed agus Bioch\u00fanta Durlais, 1\u00fa Mharcas Urumhan (an dara cruth\u00fa)"},"content":{"rendered":"<p>[et_pb_section fb_built=&#8221;1&#8243; _builder_version=&#8221;3.22&#8243; global_colors_info=&#8221;{}&#8221;][et_pb_row _builder_version=&#8221;4.14.2&#8243; background_size=&#8221;initial&#8221; background_position=&#8221;top_left&#8221; background_repeat=&#8221;repeat&#8221; global_colors_info=&#8221;{}&#8221;][et_pb_column type=&#8221;4_4&#8243; _builder_version=&#8221;3.25&#8243; custom_padding=&#8221;|||&#8221; global_colors_info=&#8221;{}&#8221; custom_padding__hover=&#8221;|||&#8221;][et_pb_text _builder_version=&#8221;4.14.2&#8243; _module_preset=&#8221;default&#8221; hover_enabled=&#8221;0&#8243; global_colors_info=&#8221;{}&#8221; sticky_enabled=&#8221;0&#8243;]<\/p>\n<h2><strong>Uait\u00e9ar de Buitl\u00e9ir (1770\u20131820)<\/strong><\/h2>\n<h2><strong>Pr\u00edomh-Bhuitl\u00e9ir \u00c9ireann, 18\u00fa Iarla Urumhan, Iarla Osra\u00ed agus Bioch\u00fanta Durlais<\/strong><strong>, <\/strong><strong>1\u00fa Mharcas Urumhan (an dara cruth\u00fa) <\/strong><\/h2>\n<p>Ba \u00e9 Uait\u00e9ar mac agus oidhre Eoin de Buitl\u00e9ir, 17\u00fa Iarla Urumhan agus Proins\u00e9as \u2013 darb aithin \u00c1ine \u2013 in\u00edon Iarla Wandesford. Fuair s\u00e9 oideachas ag Eton agus, in 1798, crutha\u00edodh \u00e9 ina Ridire in Ord Naomh P\u00e1draig. Tar \u00e9is d\u00f3 a v\u00f3ta a chaitheamh ar son Acht an Aontaithe in 1800, ghlac s\u00e9 a shu\u00edoch\u00e1n i dTeach na dTiarna\u00ed agus crutha\u00edodh \u00e9 ina Bhar\u00fan de Buitl\u00e9ir ar Lanthony, i gContae Monmouth, in 1801. Bh\u00ed s\u00e9 m\u00f3r leis an Leasr\u00ed (Seoirse IV ina dhiaidh sin) agus deirtear gur chaith s\u00e9 a chuid airgid go fl\u00fairseach. In <em>Personal Sketches of his own Time<\/em>, d\u00fairt Jonah Barrington gur scaoileadh Uait\u00e9ar le n\u00f3sanna faiseanta agus \u00eddi\u00fa socmhainn\u00ed go luath ina shaol; roimhe sin bh\u00ed s\u00e9 uasal, gn\u00edomhach, c\u00e1il\u00edochta\u00ed feara\u00fala ag baint leis, agus saol d\u00f3ch\u00fail intleacht\u00fail os a chomhair.<\/p>\n<p>&nbsp;<\/p>\n<p>In 1799 measadh go raibh luach \u00a322,000 sa bhliain ar east\u00e1it Urumhan. In 1811, bhronn an Parlaimint \u00a3216,000 air mar ch\u00faiteamh nuair a ghlac an Chor\u00f3in ar ais an dleacht ar iomp\u00f3rt\u00e1il f\u00edona ar bronnadh ar shinsear leis in 1327. In 1816, crutha\u00edodh \u00e9 ina Mharcas Urumhan ach ar fh\u00e1il b\u00e1is d\u00f3 chuaigh s\u00e9 seo agus Bar\u00fantacht Bhuitl\u00e9ir in \u00e9ag.<\/p>\n<p>&nbsp;<\/p>\n<p>In 1805 ph\u00f3s Uait\u00e9ar an bhanoidhre shaibhir Anna Maria Catherine Price-Clarke (1789\u20131817). Rinneadh an phortr\u00e1id ioml\u00e1n taibhseach seo tr\u00e1th a ph\u00f3sta agus taispe\u00e1ntar an tIArla ina r\u00f3ba\u00ed parlaiminte agus coil\u00e9ar Ord Naomh P\u00e1draig. T\u00e1 admh\u00e1il ar an saothar seo, dar d\u00e1ta 30 Bealtaine 1805 a sh\u00ednigh an t-eala\u00edont\u00f3ir, Sir William Beechey (1753\u20131839), ach n\u00edl phraghas luaite.<\/p>\n<p>&nbsp;<\/p>\n<p>&nbsp;<\/p>\n<p>&nbsp;<\/p>\n<p>William Beechey,<strong> <em>Portrait of Walter Butler<\/em>, <\/strong>1805,<\/p>\n<p>Ola ar chanbh\u00e1s , 261 x 183 cm<\/p>\n<p>Baili\u00fach\u00e1n Chaisle\u00e1n Chill Chainnigh (KKC.00322)<\/p>\n<p>[\/et_pb_text][\/et_pb_column][\/et_pb_row][\/et_pb_section]<\/p>\n","protected":false},"excerpt":{"rendered":"<p>Uait\u00e9ar de Buitl\u00e9ir (1770\u20131820) Pr\u00edomh-Bhuitl\u00e9ir \u00c9ireann, 18\u00fa Iarla Urumhan, Iarla Osra\u00ed agus Bioch\u00fanta Durlais, 1\u00fa Mharcas Urumhan (an dara cruth\u00fa) Ba \u00e9 Uait\u00e9ar mac agus oidhre Eoin de Buitl\u00e9ir, 17\u00fa [&hellip;]<\/p>\n","protected":false},"author":14,"featured_media":0,"parent":0,"menu_order":0,"comment_status":"closed","ping_status":"closed","template":"","meta":{"_et_pb_use_builder":"on","_et_pb_old_content":"","_et_gb_content_width":"","footnotes":""},"class_list":["post-12639","page","type-page","status-publish","hentry"],"_links":{"self":[{"href":"https:\/\/www.kilkennycastle.ie\/ga\/wp-json\/wp\/v2\/pages\/12639","targetHints":{"allow":["GET"]}}],"collection":[{"href":"https:\/\/www.kilkennycastle.ie\/ga\/wp-json\/wp\/v2\/pages"}],"about":[{"href":"https:\/\/www.kilkennycastle.ie\/ga\/wp-json\/wp\/v2\/types\/page"}],"author":[{"embeddable":true,"href":"https:\/\/www.kilkennycastle.ie\/ga\/wp-json\/wp\/v2\/users\/14"}],"replies":[{"embeddable":true,"href":"https:\/\/www.kilkennycastle.ie\/ga\/wp-json\/wp\/v2\/comments?post=12639"}],"version-history":[{"count":0,"href":"https:\/\/www.kilkennycastle.ie\/ga\/wp-json\/wp\/v2\/pages\/12639\/revisions"}],"wp:attachment":[{"href":"https:\/\/www.kilkennycastle.ie\/ga\/wp-json\/wp\/v2\/media?parent=12639"}],"curies":[{"name":"wp","href":"https:\/\/api.w.org\/{rel}","templated":true}]}}