{"id":12318,"date":"2021-10-17T13:58:23","date_gmt":"2021-10-17T12:58:23","guid":{"rendered":"https:\/\/kilkennycastle.ie\/laithreacha-speisiula-eile-sa-cheantar\/"},"modified":"2023-02-07T13:05:06","modified_gmt":"2023-02-07T13:05:06","slug":"laithreacha-speisiula-eile-sa-cheantar","status":"publish","type":"page","link":"https:\/\/www.kilkennycastle.ie\/ga\/laithreacha-speisiula-eile-sa-cheantar\/","title":{"rendered":"L\u00e1ithreacha sp\u00e9isi\u00fala eile sa cheantar"},"content":{"rendered":"<p>[et_pb_section fb_built=&#8221;1&#8243; fullwidth=&#8221;on&#8221; _builder_version=&#8221;4.16&#8243; global_colors_info=&#8221;{}&#8221;][et_pb_fullwidth_header title=&#8221;L\u00e1ithreacha sp\u00e9isi\u00fala eile sa cheantar&#8221; subhead=&#8221;N\u00edl na l\u00e1ithreacha iontacha a leanas ach si\u00fal\u00f3id ghearr \u00f3n gCaisle\u00e1n.&#8221; text_orientation=&#8221;center&#8221; header_fullscreen=&#8221;on&#8221; header_scroll_down=&#8221;on&#8221; scroll_down_icon=&#8221;%%0%%&#8221; scroll_down_icon_size=&#8221;25px&#8221; background_overlay_color=&#8221;rgba(0,0,0,0.33)&#8221; _builder_version=&#8221;4.16&#8243; title_font_size=&#8221;50px&#8221; subhead_font_size=&#8221;23px&#8221; background_color=&#8221;rgba(255, 255, 255, 0)&#8221; background_image=&#8221;http:\/\/kilkennycastle.ie\/wp-content\/uploads\/2021\/10\/Kilkenny_Web-Size.jpg&#8221; global_colors_info=&#8221;{}&#8221; button_one_text_size__hover_enabled=&#8221;off&#8221; button_one_text_size__hover=&#8221;null&#8221; button_two_text_size__hover_enabled=&#8221;off&#8221; button_two_text_size__hover=&#8221;null&#8221; button_one_text_color__hover_enabled=&#8221;off&#8221; button_one_text_color__hover=&#8221;null&#8221; button_two_text_color__hover_enabled=&#8221;off&#8221; button_two_text_color__hover=&#8221;null&#8221; button_one_border_width__hover_enabled=&#8221;off&#8221; button_one_border_width__hover=&#8221;null&#8221; button_two_border_width__hover_enabled=&#8221;off&#8221; button_two_border_width__hover=&#8221;null&#8221; button_one_border_color__hover_enabled=&#8221;off&#8221; button_one_border_color__hover=&#8221;null&#8221; button_two_border_color__hover_enabled=&#8221;off&#8221; button_two_border_color__hover=&#8221;null&#8221; button_one_border_radius__hover_enabled=&#8221;off&#8221; button_one_border_radius__hover=&#8221;null&#8221; button_two_border_radius__hover_enabled=&#8221;off&#8221; button_two_border_radius__hover=&#8221;null&#8221; button_one_letter_spacing__hover_enabled=&#8221;on&#8221; button_one_letter_spacing__hover=&#8221;0&#8243; button_two_letter_spacing__hover_enabled=&#8221;on&#8221; button_two_letter_spacing__hover=&#8221;0&#8243; button_one_bg_color__hover_enabled=&#8221;off&#8221; button_one_bg_color__hover=&#8221;null&#8221; button_two_bg_color__hover_enabled=&#8221;off&#8221; button_two_bg_color__hover=&#8221;null&#8221;][\/et_pb_fullwidth_header][\/et_pb_section][et_pb_section fb_built=&#8221;1&#8243; _builder_version=&#8221;4.16&#8243; global_colors_info=&#8221;{}&#8221;][et_pb_row _builder_version=&#8221;4.16&#8243; background_size=&#8221;initial&#8221; background_position=&#8221;top_left&#8221; background_repeat=&#8221;repeat&#8221; global_colors_info=&#8221;{}&#8221;][et_pb_column type=&#8221;4_4&#8243; _builder_version=&#8221;4.16&#8243; custom_padding=&#8221;|||&#8221; global_colors_info=&#8221;{}&#8221; custom_padding__hover=&#8221;|||&#8221;][et_pb_text admin_label=&#8221;You Might Also Like To Visit Text&#8221; _builder_version=&#8221;4.16&#8243; module_alignment=&#8221;left&#8221; global_colors_info=&#8221;{}&#8221;]<\/p>\n<h2>L\u00e1ithreacha sp\u00e9isi\u00fala eile sa cheantar<\/h2>\n<p>N\u00edl na l\u00e1ithreacha iontacha a leanas ach si\u00fal\u00f3id ghearr \u00f3n gCaisle\u00e1n.<\/p>\n<p>[\/et_pb_text][\/et_pb_column][\/et_pb_row][et_pb_row _builder_version=&#8221;4.19.5&#8243; _module_preset=&#8221;default&#8221; hover_enabled=&#8221;0&#8243; global_colors_info=&#8221;{}&#8221; sticky_enabled=&#8221;0&#8243;][et_pb_column type=&#8221;4_4&#8243; _builder_version=&#8221;4.16&#8243; _module_preset=&#8221;default&#8221; global_colors_info=&#8221;{}&#8221;][et_pb_image src=&#8221;http:\/\/kilkennycastle.ie\/wp-content\/uploads\/2022\/12\/Medieval-Mile-Map.jpg&#8221; alt=&#8221;Map of Kilkenny City&#8221; title_text=&#8221;Medieval Mile Map&#8221; url=&#8221;https:\/\/visitkilkenny.ie\/wp-content\/uploads\/2022\/04\/Kilkenny_City_Map_Legend.pdf&#8221; _builder_version=&#8221;4.19.5&#8243; _module_preset=&#8221;default&#8221; global_colors_info=&#8221;{}&#8221;][\/et_pb_image][\/et_pb_column][\/et_pb_row][et_pb_row column_structure=&#8221;1_3,1_3,1_3&#8243; _builder_version=&#8221;4.19.5&#8243; _module_preset=&#8221;default&#8221; global_colors_info=&#8221;{}&#8221;][et_pb_column type=&#8221;1_3&#8243; _builder_version=&#8221;4.16&#8243; _module_preset=&#8221;default&#8221; global_colors_info=&#8221;{}&#8221;][et_pb_image src=&#8221;http:\/\/kilkennycastle.ie\/wp-content\/uploads\/2021\/10\/Medieval-Mile-Museum-Kilkenny-City-Co-Kilkenny_Web-Size.jpg&#8221; title_text=&#8221;St. Mary\u2019s Medieval Mile Museum 1&#8243; url=&#8221;https:\/\/www.medievalmilemuseum.ie\/&#8221; url_new_window=&#8221;on&#8221; align_tablet=&#8221;center&#8221; align_phone=&#8221;&#8221; align_last_edited=&#8221;on|desktop&#8221; admin_label=&#8221;Medieval Mile Museum&#8221; _builder_version=&#8221;4.16&#8243; height=&#8221;300px&#8221; border_radii=&#8221;on|10px|10px|10px|10px&#8221; box_shadow_style=&#8221;preset1&#8243; sticky=&#8221;off&#8221; global_colors_info=&#8221;{}&#8221;][\/et_pb_image][et_pb_text _builder_version=&#8221;4.19.5&#8243; module_alignment=&#8221;left&#8221; link_option_url=&#8221;https:\/\/www.medievalmilemuseum.ie\/&#8221; link_option_url_new_window=&#8221;on&#8221; global_colors_info=&#8221;{}&#8221;]<\/p>\n<h4>M\u00fasaem an Mh\u00edle Mhe\u00e1naoisigh (300m)<\/h4>\n<p>Foghlaim faoi 800 bliain de stair Mhe\u00e1naoiseach na Cathrach.<\/p>\n<p>[\/et_pb_text][\/et_pb_column][et_pb_column type=&#8221;1_3&#8243; _builder_version=&#8221;4.16&#8243; _module_preset=&#8221;default&#8221; global_colors_info=&#8221;{}&#8221;][et_pb_image src=&#8221;http:\/\/kilkennycastle.ie\/wp-content\/uploads\/2021\/10\/Butler-Gallery-Co-Kilkenny_master.jpg&#8221; title_text=&#8221;Butler Gallery, Co Kilkenny_master&#8221; url=&#8221;https:\/\/www.butlergallery.ie\/&#8221; url_new_window=&#8221;on&#8221; align_tablet=&#8221;center&#8221; align_phone=&#8221;&#8221; align_last_edited=&#8221;on|desktop&#8221; admin_label=&#8221;St. Canice&#8217;s Cathedral&#8221; _builder_version=&#8221;4.16&#8243; height=&#8221;300px&#8221; border_radii=&#8221;on|10px|10px|10px|10px&#8221; box_shadow_style=&#8221;preset1&#8243; global_colors_info=&#8221;{}&#8221;][\/et_pb_image][et_pb_text _builder_version=&#8221;4.19.5&#8243; module_alignment=&#8221;left&#8221; link_option_url=&#8221;https:\/\/www.butlergallery.ie\/&#8221; link_option_url_new_window=&#8221;on&#8221; global_colors_info=&#8221;{}&#8221;]<\/p>\n<h4>D\u00e1nlann an Bhuitl\u00e9irigh (600m)<\/h4>\n<p>Is gaileara\u00ed eala\u00edne comhaimseartha agus m\u00fasaem den scoth \u00e9 Gaileara\u00ed na mBuitl\u00e9arach le buanbhaili\u00fach\u00e1n in Oir-Dheisceart \u00c9ireann.<\/p>\n<p>[\/et_pb_text][\/et_pb_column][et_pb_column type=&#8221;1_3&#8243; _builder_version=&#8221;4.16&#8243; _module_preset=&#8221;default&#8221; global_colors_info=&#8221;{}&#8221;][et_pb_image src=&#8221;http:\/\/kilkennycastle.ie\/wp-content\/uploads\/2021\/10\/Kilkenny_Web-Size-1.jpg&#8221; title_text=&#8221;Kilkenny_Web Size&#8221; url=&#8221;http:\/\/rothehouse.com\/&#8221; url_new_window=&#8221;on&#8221; align_tablet=&#8221;center&#8221; align_phone=&#8221;&#8221; align_last_edited=&#8221;on|desktop&#8221; admin_label=&#8221;Rothe House &#038; Gardens&#8221; _builder_version=&#8221;4.16&#8243; height=&#8221;300px&#8221; border_radii=&#8221;on|10px|10px|10px|10px&#8221; box_shadow_style=&#8221;preset1&#8243; global_colors_info=&#8221;{}&#8221;][\/et_pb_image][et_pb_text _builder_version=&#8221;4.19.5&#8243; module_alignment=&#8221;left&#8221; link_option_url=&#8221;http:\/\/rothehouse.com\/&#8221; link_option_url_new_window=&#8221;on&#8221; global_colors_info=&#8221;{}&#8221;]<\/p>\n<h4>Teach agus Gaird\u00edn Rothe (650m)<\/h4>\n<p>Neadaithe i gceartl\u00e1r an Mh\u00edle Mhe\u00e1naoisigh, is \u00e9 seo seoid T\u00fadarach Chill Chainnigh.<\/p>\n<p>[\/et_pb_text][\/et_pb_column][\/et_pb_row][et_pb_row column_structure=&#8221;1_3,1_3,1_3&#8243; _builder_version=&#8221;4.19.5&#8243; _module_preset=&#8221;default&#8221; global_colors_info=&#8221;{}&#8221;][et_pb_column type=&#8221;1_3&#8243; _builder_version=&#8221;4.16&#8243; _module_preset=&#8221;default&#8221; global_colors_info=&#8221;{}&#8221;][et_pb_image src=&#8221;https:\/\/kilkennycastle.ie\/wp-content\/uploads\/2018\/11\/smithwicks-experience.jpg&#8221; url=&#8221;https:\/\/www.smithwicksexperience.com\/&#8221; url_new_window=&#8221;on&#8221; align_tablet=&#8221;center&#8221; align_phone=&#8221;&#8221; align_last_edited=&#8221;on|desktop&#8221; disabled_on=&#8221;off|off|off&#8221; admin_label=&#8221;Smithwicks Experience&#8221; _builder_version=&#8221;4.19.5&#8243; height=&#8221;300px&#8221; border_radii=&#8221;on|10px|10px|10px|10px&#8221; global_colors_info=&#8221;{}&#8221;][\/et_pb_image][et_pb_text disabled_on=&#8221;off|off|off&#8221; _builder_version=&#8221;4.19.5&#8243; module_alignment=&#8221;left&#8221; link_option_url=&#8221;https:\/\/www.smithwicksexperience.com\/&#8221; link_option_url_new_window=&#8221;on&#8221; global_colors_info=&#8221;{}&#8221;]<\/p>\n<h4><strong>Eisp\u00e9ireas <em>Smithwick\u2019s<\/em> i gCill Chainnigh <\/strong>(650m)<\/h4>\n<p>Tum t\u00fa f\u00e9in i sc\u00e9al <em>Smithwick\u2019s<\/em>, \u00e1 insint mar is eol \u00e9 ag muintir na h\u00e1ite. Nascann oidhreacht 300 bliain le nu\u00e1la\u00edocht gr\u00fadaireacht den scoth chun turas <em>Smithwick\u2019s<\/em> a chruth\u00fa \u2013 eisp\u00e9ireas nach bhfuil a sh\u00e1r\u00fa le f\u00e1il.<\/p>\n<p>[\/et_pb_text][\/et_pb_column][et_pb_column type=&#8221;1_3&#8243; _builder_version=&#8221;4.16&#8243; _module_preset=&#8221;default&#8221; global_colors_info=&#8221;{}&#8221;][et_pb_image src=&#8221;http:\/\/kilkennycastle.ie\/wp-content\/uploads\/2021\/10\/St-Canices-Cathedral-and-Round-Tower-Kilkenny-City_Web-Size.jpg&#8221; title_text=&#8221;St Canice&#8217;s Cathedral 2&#8243; url=&#8221;http:\/\/www.stcanicescathedral.ie\/&#8221; url_new_window=&#8221;on&#8221; align_tablet=&#8221;center&#8221; align_phone=&#8221;&#8221; align_last_edited=&#8221;on|desktop&#8221; admin_label=&#8221;St. Canice&#8217;s Cathedral&#8221; _builder_version=&#8221;4.16&#8243; height=&#8221;296px&#8221; border_radii=&#8221;on|10px|10px|10px|10px&#8221; box_shadow_style=&#8221;preset1&#8243; global_colors_info=&#8221;{}&#8221;][\/et_pb_image][et_pb_text _builder_version=&#8221;4.19.5&#8243; module_alignment=&#8221;left&#8221; link_option_url=&#8221;http:\/\/www.stcanicescathedral.ie\/&#8221; link_option_url_new_window=&#8221;on&#8221; global_colors_info=&#8221;{}&#8221;]<\/p>\n<h4>Ardeaglais agus Cloigtheach Chainnigh (1km)<\/h4>\n<p>T\u00e1 Ardeaglais Chainnigh ar ceann de na radhairc is suntasa\u00ed i gCill Chainnigh, \u00ed lonnaithe ar l\u00e1thair eaglasta \u00f3n 6\u00fa haois.<\/p>\n<p>[\/et_pb_text][\/et_pb_column][et_pb_column type=&#8221;1_3&#8243; _builder_version=&#8221;4.16&#8243; _module_preset=&#8221;default&#8221; global_colors_info=&#8221;{}&#8221;][et_pb_image src=&#8221;http:\/\/kilkennycastle.ie\/wp-content\/uploads\/2021\/10\/KILKENNY-FAMINE-EXPERIENCE-003-1024&#215;683-1.jpg&#8221; title_text=&#8221;KILKENNY-FAMINE-EXPERIENCE-003-1024&#215;683&#8243; url=&#8221;https:\/\/kilkennyfamineexperience.com\/&#8221; _builder_version=&#8221;4.16&#8243; _module_preset=&#8221;default&#8221; height=&#8221;300px&#8221; border_radii=&#8221;on|10px|10px|10px|10px&#8221; box_shadow_style=&#8221;preset1&#8243; global_colors_info=&#8221;{}&#8221;][\/et_pb_image][et_pb_text _builder_version=&#8221;4.19.5&#8243; _module_preset=&#8221;default&#8221; link_option_url=&#8221;https:\/\/kilkennyfamineexperience.com\/&#8221; global_colors_info=&#8221;{}&#8221;]<\/p>\n<h4><strong>Bealach an Ghorta Chill Chainnigh <\/strong>(2kms)<\/h4>\n<p>Tabharfaidh an turas AV seo th\u00fa timpeall foirgnimh theach na mbocht chun sc\u00e9alta daonna na bpr\u00edos\u00fanach a raibh ina gc\u00f3na\u00ed agus a fuair b\u00e1s ann a insint.<\/p>\n<p>[\/et_pb_text][\/et_pb_column][\/et_pb_row][et_pb_row column_structure=&#8221;1_3,1_3,1_3&#8243; _builder_version=&#8221;4.19.5&#8243; _module_preset=&#8221;default&#8221; global_colors_info=&#8221;{}&#8221;][et_pb_column type=&#8221;1_3&#8243; _builder_version=&#8221;4.16&#8243; _module_preset=&#8221;default&#8221; global_colors_info=&#8221;{}&#8221;][et_pb_image src=&#8221;http:\/\/kilkennycastle.ie\/wp-content\/uploads\/2021\/05\/NRZ.jpg&#8221; title_text=&#8221;NRZ&#8221; url=&#8221;https:\/\/www.nationalreptilezoo.ie\/&#8221; url_new_window=&#8221;on&#8221; align_tablet=&#8221;center&#8221; align_phone=&#8221;&#8221; align_last_edited=&#8221;on|desktop&#8221; admin_label=&#8221;St. Canice&#8217;s Cathedral&#8221; _builder_version=&#8221;4.16&#8243; height=&#8221;300px&#8221; border_radii=&#8221;on|10px|10px|10px|10px&#8221; box_shadow_style=&#8221;preset1&#8243; global_colors_info=&#8221;{}&#8221;][\/et_pb_image][et_pb_text _builder_version=&#8221;4.19.5&#8243; _module_preset=&#8221;default&#8221; link_option_url=&#8221;https:\/\/www.nationalreptilezoo.ie\/&#8221; global_colors_info=&#8221;{}&#8221;]<\/p>\n<h4>Z\u00fa Reipt\u00edl N\u00e1isi\u00fanta (4km)<\/h4>\n<p>Is \u00e9 an Z\u00fa N\u00e1isi\u00fanta Reipt\u00edle an t-aon z\u00fa reipt\u00edle in \u00c9irinn.<\/p>\n<p>[\/et_pb_text][\/et_pb_column][et_pb_column type=&#8221;1_3&#8243; _builder_version=&#8221;4.16&#8243; _module_preset=&#8221;default&#8221; global_colors_info=&#8221;{}&#8221;][\/et_pb_column][et_pb_column type=&#8221;1_3&#8243; _builder_version=&#8221;4.16&#8243; _module_preset=&#8221;default&#8221; global_colors_info=&#8221;{}&#8221;][\/et_pb_column][\/et_pb_row][\/et_pb_section]<\/p>\n","protected":false},"excerpt":{"rendered":"<p>L\u00e1ithreacha sp\u00e9isi\u00fala eile sa cheantar N\u00edl na l\u00e1ithreacha iontacha a leanas ach si\u00fal\u00f3id ghearr \u00f3n gCaisle\u00e1n.M\u00fasaem an Mh\u00edle Mhe\u00e1naoisigh (300m) Foghlaim faoi 800 bliain de stair Mhe\u00e1naoiseach na Cathrach.D\u00e1nlann an [&hellip;]<\/p>\n","protected":false},"author":14,"featured_media":0,"parent":0,"menu_order":0,"comment_status":"closed","ping_status":"closed","template":"","meta":{"_et_pb_use_builder":"on","_et_pb_old_content":"","_et_gb_content_width":"","footnotes":""},"class_list":["post-12318","page","type-page","status-publish","hentry"],"_links":{"self":[{"href":"https:\/\/www.kilkennycastle.ie\/ga\/wp-json\/wp\/v2\/pages\/12318","targetHints":{"allow":["GET"]}}],"collection":[{"href":"https:\/\/www.kilkennycastle.ie\/ga\/wp-json\/wp\/v2\/pages"}],"about":[{"href":"https:\/\/www.kilkennycastle.ie\/ga\/wp-json\/wp\/v2\/types\/page"}],"author":[{"embeddable":true,"href":"https:\/\/www.kilkennycastle.ie\/ga\/wp-json\/wp\/v2\/users\/14"}],"replies":[{"embeddable":true,"href":"https:\/\/www.kilkennycastle.ie\/ga\/wp-json\/wp\/v2\/comments?post=12318"}],"version-history":[{"count":0,"href":"https:\/\/www.kilkennycastle.ie\/ga\/wp-json\/wp\/v2\/pages\/12318\/revisions"}],"wp:attachment":[{"href":"https:\/\/www.kilkennycastle.ie\/ga\/wp-json\/wp\/v2\/media?parent=12318"}],"curies":[{"name":"wp","href":"https:\/\/api.w.org\/{rel}","templated":true}]}}