{"id":12289,"date":"2021-10-17T13:01:26","date_gmt":"2021-10-17T12:01:26","guid":{"rendered":"https:\/\/kilkennycastle.ie\/bunscoil\/"},"modified":"2024-03-07T15:28:51","modified_gmt":"2024-03-07T15:28:51","slug":"bunscoil","status":"publish","type":"page","link":"https:\/\/www.kilkennycastle.ie\/ga\/bunscoil\/","title":{"rendered":"Bunscoil"},"content":{"rendered":"<p>[et_pb_section fb_built=&#8221;1&#8243; fullwidth=&#8221;on&#8221; _builder_version=&#8221;4.16&#8243; global_colors_info=&#8221;{}&#8221;][et_pb_fullwidth_header title=&#8221;Bunscoil&#8221; text_orientation=&#8221;center&#8221; header_fullscreen=&#8221;on&#8221; header_scroll_down=&#8221;on&#8221; scroll_down_icon=&#8221;%%0%%&#8221; scroll_down_icon_size=&#8221;25px&#8221; background_overlay_color=&#8221;rgba(0,0,0,0.33)&#8221; _builder_version=&#8221;4.16&#8243; title_font_size=&#8221;50px&#8221; subhead_font_size=&#8221;23px&#8221; background_color=&#8221;rgba(255, 255, 255, 0)&#8221; background_image=&#8221;https:\/\/kilkennycastle.ie\/wp-content\/uploads\/2021\/10\/20211007_093632_resized.jpg&#8221; max_width_tablet=&#8221;50px&#8221; global_colors_info=&#8221;{}&#8221; button_one_text_size__hover_enabled=&#8221;off&#8221; button_one_text_size__hover=&#8221;null&#8221; button_two_text_size__hover_enabled=&#8221;off&#8221; button_two_text_size__hover=&#8221;null&#8221; button_one_text_color__hover_enabled=&#8221;off&#8221; button_one_text_color__hover=&#8221;null&#8221; button_two_text_color__hover_enabled=&#8221;off&#8221; button_two_text_color__hover=&#8221;null&#8221; button_one_border_width__hover_enabled=&#8221;off&#8221; button_one_border_width__hover=&#8221;null&#8221; button_two_border_width__hover_enabled=&#8221;off&#8221; button_two_border_width__hover=&#8221;null&#8221; button_one_border_color__hover_enabled=&#8221;off&#8221; button_one_border_color__hover=&#8221;null&#8221; button_two_border_color__hover_enabled=&#8221;off&#8221; button_two_border_color__hover=&#8221;null&#8221; button_one_border_radius__hover_enabled=&#8221;off&#8221; button_one_border_radius__hover=&#8221;null&#8221; button_two_border_radius__hover_enabled=&#8221;off&#8221; button_two_border_radius__hover=&#8221;null&#8221; button_one_letter_spacing__hover_enabled=&#8221;on&#8221; button_one_letter_spacing__hover=&#8221;0&#8243; button_two_letter_spacing__hover_enabled=&#8221;on&#8221; button_two_letter_spacing__hover=&#8221;0&#8243; button_one_bg_color__hover_enabled=&#8221;off&#8221; button_one_bg_color__hover=&#8221;null&#8221; button_two_bg_color__hover_enabled=&#8221;off&#8221; button_two_bg_color__hover=&#8221;null&#8221;][\/et_pb_fullwidth_header][\/et_pb_section][et_pb_section fb_built=&#8221;1&#8243; _builder_version=&#8221;4.16&#8243; global_colors_info=&#8221;{}&#8221;][et_pb_row column_structure=&#8221;3_5,2_5&#8243; _builder_version=&#8221;4.16&#8243; background_size=&#8221;initial&#8221; background_position=&#8221;top_left&#8221; background_repeat=&#8221;repeat&#8221; custom_padding=&#8221;2px|||||&#8221; global_colors_info=&#8221;{}&#8221;][et_pb_column type=&#8221;3_5&#8243; _builder_version=&#8221;4.16&#8243; custom_padding=&#8221;|||&#8221; global_colors_info=&#8221;{}&#8221; custom_padding__hover=&#8221;|||&#8221;][et_pb_text admin_label=&#8221;Schools&#8221; _builder_version=&#8221;4.16&#8243; background_size=&#8221;initial&#8221; background_position=&#8221;top_left&#8221; background_repeat=&#8221;repeat&#8221; vertical_offset_tablet=&#8221;0&#8243; horizontal_offset_tablet=&#8221;0&#8243; z_index_tablet=&#8221;0&#8243; text_text_shadow_horizontal_length_tablet=&#8221;0px&#8221; text_text_shadow_vertical_length_tablet=&#8221;0px&#8221; text_text_shadow_blur_strength_tablet=&#8221;1px&#8221; link_text_shadow_horizontal_length_tablet=&#8221;0px&#8221; link_text_shadow_vertical_length_tablet=&#8221;0px&#8221; link_text_shadow_blur_strength_tablet=&#8221;1px&#8221; ul_text_shadow_horizontal_length_tablet=&#8221;0px&#8221; ul_text_shadow_vertical_length_tablet=&#8221;0px&#8221; ul_text_shadow_blur_strength_tablet=&#8221;1px&#8221; ol_text_shadow_horizontal_length_tablet=&#8221;0px&#8221; ol_text_shadow_vertical_length_tablet=&#8221;0px&#8221; ol_text_shadow_blur_strength_tablet=&#8221;1px&#8221; quote_text_shadow_horizontal_length_tablet=&#8221;0px&#8221; quote_text_shadow_vertical_length_tablet=&#8221;0px&#8221; quote_text_shadow_blur_strength_tablet=&#8221;1px&#8221; header_text_shadow_horizontal_length_tablet=&#8221;0px&#8221; header_text_shadow_vertical_length_tablet=&#8221;0px&#8221; header_text_shadow_blur_strength_tablet=&#8221;1px&#8221; header_2_text_shadow_horizontal_length_tablet=&#8221;0px&#8221; header_2_text_shadow_vertical_length_tablet=&#8221;0px&#8221; header_2_text_shadow_blur_strength_tablet=&#8221;1px&#8221; header_3_text_shadow_horizontal_length_tablet=&#8221;0px&#8221; header_3_text_shadow_vertical_length_tablet=&#8221;0px&#8221; header_3_text_shadow_blur_strength_tablet=&#8221;1px&#8221; header_4_text_shadow_horizontal_length_tablet=&#8221;0px&#8221; header_4_text_shadow_vertical_length_tablet=&#8221;0px&#8221; header_4_text_shadow_blur_strength_tablet=&#8221;1px&#8221; header_5_text_shadow_horizontal_length_tablet=&#8221;0px&#8221; header_5_text_shadow_vertical_length_tablet=&#8221;0px&#8221; header_5_text_shadow_blur_strength_tablet=&#8221;1px&#8221; header_6_text_shadow_horizontal_length_tablet=&#8221;0px&#8221; header_6_text_shadow_vertical_length_tablet=&#8221;0px&#8221; header_6_text_shadow_blur_strength_tablet=&#8221;1px&#8221; box_shadow_horizontal_tablet=&#8221;0px&#8221; box_shadow_vertical_tablet=&#8221;0px&#8221; box_shadow_blur_tablet=&#8221;40px&#8221; box_shadow_spread_tablet=&#8221;0px&#8221; use_border_color=&#8221;off&#8221; global_colors_info=&#8221;{}&#8221;]<\/p>\n<h2>Cuairteanna<\/h2>\n<p>Faoi Sc\u00e9im um Chuairteanna Oideachais Saor in Aisce do Scoileanna an OOP cuirimid cuairteanna ar Chaisle\u00e1n Chill Chainnigh ar f\u00e1il saor in aisce do bhunscoileanna agus iarbhunscoileanna. (R\u00e9amh\u00e1irithint riachtanach).<\/p>\n<p>Chun cuairt a chur in \u00e1irithe n\u00f3 le haghaidh tuilleadh eolais, b\u00ed i dteagmh\u00e1il le h\u00c1irithint\u00ed Gr\u00fapa<\/p>\n<p>Teil. 056 770 4106<\/p>\n<p>Rphost: bookingskilkennycastle@opw.ie<\/p>\n<p>Eolas sa bhreis ar an Sc\u00e9im um Chuairteanna Oideachais Saor in Aisce do Scoileanna:<\/p>\n<p><a href=\"https:\/\/heritageireland.ie\/\">www.heritageireland.ie<\/a><\/p>\n<p>[\/et_pb_text][\/et_pb_column][et_pb_column type=&#8221;2_5&#8243; _builder_version=&#8221;4.16&#8243; custom_padding=&#8221;|||&#8221; global_colors_info=&#8221;{}&#8221; custom_padding__hover=&#8221;|||&#8221;][et_pb_image src=&#8221;https:\/\/kilkennycastle.ie\/wp-content\/uploads\/2021\/10\/20211007_121150_resized.jpg&#8221; title_text=&#8221;20211007_121150_resized&#8221; _builder_version=&#8221;4.16&#8243; _module_preset=&#8221;default&#8221; border_radii=&#8221;on|10px|10px|10px|10px&#8221; box_shadow_style=&#8221;preset1&#8243; global_colors_info=&#8221;{}&#8221;][\/et_pb_image][\/et_pb_column][\/et_pb_row][et_pb_row _builder_version=&#8221;4.16&#8243; _module_preset=&#8221;default&#8221; global_colors_info=&#8221;{}&#8221;][et_pb_column type=&#8221;4_4&#8243; _builder_version=&#8221;4.16&#8243; _module_preset=&#8221;default&#8221; global_colors_info=&#8221;{}&#8221;][et_pb_text _builder_version=&#8221;4.16&#8243; _module_preset=&#8221;default&#8221; global_colors_info=&#8221;{}&#8221;]<\/p>\n<h2>Acmhainn\u00ed don Seomra Ranga<\/h2>\n<p>T\u00e1 na hacmhainn\u00ed seo a leanas ar f\u00e1il le h\u00edosl\u00f3d\u00e1il saor in aisce \u00f3n \u00e1r su\u00edomh gr\u00e9as\u00e1in:<\/p>\n<p>[\/et_pb_text][\/et_pb_column][\/et_pb_row][et_pb_row column_structure=&#8221;1_3,1_3,1_3&#8243; _builder_version=&#8221;4.16&#8243; _module_preset=&#8221;default&#8221; global_colors_info=&#8221;{}&#8221;][et_pb_column type=&#8221;1_3&#8243; _builder_version=&#8221;4.16&#8243; _module_preset=&#8221;default&#8221; global_colors_info=&#8221;{}&#8221;][et_pb_image src=&#8221;https:\/\/kilkennycastle.ie\/wp-content\/uploads\/2021\/10\/Cathair.png&#8221; title_text=&#8221;Cathair&#8221; url=&#8221;https:\/\/kilkennycastle.ie\/wp-content\/uploads\/2018\/11\/caislean-chill-chainnigh-treoir-do-chuairteoiri.pdf&#8221; _builder_version=&#8221;4.16&#8243; _module_preset=&#8221;default&#8221; border_radii=&#8221;on|10px|10px|10px|10px&#8221; box_shadow_style=&#8221;preset1&#8243; global_colors_info=&#8221;{}&#8221;][\/et_pb_image][et_pb_text _builder_version=&#8221;4.16&#8243; _module_preset=&#8221;default&#8221; link_option_url=&#8221;https:\/\/kilkennycastle.ie\/wp-content\/uploads\/2018\/11\/caislean-chill-chainnigh-treoir-do-chuairteoiri.pdf&#8221; global_colors_info=&#8221;{}&#8221;]<\/p>\n<h3><span>Caisle\u00e1n Chill Chainnigh Treoir do Chuairteoir\u00ed (PDF)<\/span><\/h3>\n<p>[\/et_pb_text][\/et_pb_column][et_pb_column type=&#8221;1_3&#8243; _builder_version=&#8221;4.16&#8243; _module_preset=&#8221;default&#8221; global_colors_info=&#8221;{}&#8221;][et_pb_image src=&#8221;https:\/\/kilkennycastle.ie\/wp-content\/uploads\/2021\/10\/Visitor-guide.png&#8221; title_text=&#8221;Visitor guide&#8221; url=&#8221;https:\/\/kilkennycastle.ie\/wp-content\/uploads\/2018\/11\/kilkenny-castle-visitor-guide-english.pdf&#8221; _builder_version=&#8221;4.16&#8243; _module_preset=&#8221;default&#8221; border_radii=&#8221;on|10px|10px|10px|10px&#8221; box_shadow_style=&#8221;preset1&#8243; global_colors_info=&#8221;{}&#8221;][\/et_pb_image][et_pb_text _builder_version=&#8221;4.16&#8243; _module_preset=&#8221;default&#8221; global_colors_info=&#8221;{}&#8221;]<\/p>\n<h3>Kilkenny Castle Visitor guide (PDF)<\/h3>\n<p>[\/et_pb_text][\/et_pb_column][et_pb_column type=&#8221;1_3&#8243; _builder_version=&#8221;4.16&#8243; _module_preset=&#8221;default&#8221; global_colors_info=&#8221;{}&#8221;][\/et_pb_column][\/et_pb_row][et_pb_row _builder_version=&#8221;4.16&#8243; _module_preset=&#8221;default&#8221; global_colors_info=&#8221;{}&#8221;][et_pb_column type=&#8221;4_4&#8243; _builder_version=&#8221;4.16&#8243; _module_preset=&#8221;default&#8221; global_colors_info=&#8221;{}&#8221;][et_pb_text _builder_version=&#8221;4.16&#8243; _module_preset=&#8221;default&#8221; global_colors_info=&#8221;{}&#8221;]<\/p>\n<h2>Paca Oideachais le h\u00cdosl\u00f3d\u00e1il \u2013 3\u00fa agus 4\u00fa Ranganna Bunscoile<\/h2>\n<p>F\u00e9adfar an paca seo a \u00fas\u00e1id mar chuidi\u00fa le foghlaim ranga agus i gcomhar le cuairt ar an l\u00e1thair.<\/p>\n<p><span style=\"text-decoration: underline;\">Aonad Sraithe: Saol, socha\u00ed, saothar agus cult\u00far san am at\u00e1 thart<\/span><\/p>\n<p>An saol in \u00c9irinn le linn r\u00e9 na Normannach<br \/>Saol na me\u00e1naoise i mbailte, faoin dtuath agus san Eoraip<\/p>\n<p><span style=\"text-decoration: underline;\">CAISLE\u00c1IN PowerPoint<\/span><\/p>\n<p>Cur i l\u00e1thair a chuideoidh le m\u00fainteoir\u00ed um fhoghlaim faoin Saol in \u00c9irinn le linn r\u00e9 na Normannach agus faoin Saol i mBaile Me\u00e1naoiseach.<\/p>\n<p>F\u00e9adfaidh scol\u00e1ir\u00ed eolas a chur ar thithe, \u00e9ada\u00ed agus c\u00f3caireacht na Normannach \u2013 t\u00e1 d\u00edri\u00fa l\u00e1rnach ar Chaisle\u00e1n Chill Chainnigh agus Liam Marascal.<\/p>\n<p>Seol r\u00edomhphost chuig <span><a href=\"about:blank\">kilkennycastleinfo@opw.ie<\/a><\/span> chun an PowerPoint saor in aisce a fh\u00e1il.<\/p>\n<p><span style=\"text-decoration: underline;\">CAISLE\u00c1IN \u2013 paimfl\u00e9ad an scol\u00e1ire<\/span><\/p>\n<p>Paimfl\u00e9ad d\u00e9thaobhach sochl\u00f3ite mar chuidi\u00fa leis an cur i l\u00e1thair PowerPoint.<\/p>\n<p><span style=\"text-decoration: underline;\">CAISLE\u00c1IN \u2013 bileog oibre an scol\u00e1ire<\/span><\/p>\n<p>Bileog oibre le r\u00e9imse gn\u00edomha\u00edochta\u00ed:<\/p>\n<p>Focail agus br\u00ed a mhaitse\u00e1il<br \/>Inis an sc\u00e9al<br \/>Ceisteanna &amp; freagra\u00ed ilroghnacha<br \/>Tarraing do chaisle\u00e1n f\u00e9in<\/p>\n<p>[\/et_pb_text][\/et_pb_column][\/et_pb_row][et_pb_row column_structure=&#8221;1_2,1_2&#8243; _builder_version=&#8221;4.16&#8243; _module_preset=&#8221;default&#8221; global_colors_info=&#8221;{}&#8221;][et_pb_column type=&#8221;1_2&#8243; _builder_version=&#8221;4.16&#8243; _module_preset=&#8221;default&#8221; global_colors_info=&#8221;{}&#8221;][et_pb_image src=&#8221;https:\/\/kilkennycastle.ie\/wp-content\/uploads\/2021\/10\/caisleain.png&#8221; title_text=&#8221;caisle\u00e1in&#8221; url=&#8221;https:\/\/kilkennycastle.ie\/wp-content\/uploads\/2021\/06\/Castle-Fact-Sheet-Irish.pdf&#8221; _builder_version=&#8221;4.16&#8243; _module_preset=&#8221;default&#8221; border_radii=&#8221;on|10px|10px|10px|10px&#8221; box_shadow_style=&#8221;preset1&#8243; global_colors_info=&#8221;{}&#8221;][\/et_pb_image][et_pb_text _builder_version=&#8221;4.16&#8243; _module_preset=&#8221;default&#8221; link_option_url=&#8221;https:\/\/kilkennycastle.ie\/wp-content\/uploads\/2021\/06\/Castle-Fact-Sheet-Irish.pdf&#8221; global_colors_info=&#8221;{}&#8221;]<\/p>\n<h3>Bileog Eolais (PDF)<\/h3>\n<p>[\/et_pb_text][\/et_pb_column][et_pb_column type=&#8221;1_2&#8243; _builder_version=&#8221;4.16&#8243; _module_preset=&#8221;default&#8221; global_colors_info=&#8221;{}&#8221;][et_pb_image src=&#8221;https:\/\/kilkennycastle.ie\/wp-content\/uploads\/2021\/10\/Bileog-Oibre.png&#8221; title_text=&#8221;Bileog Oibre&#8221; url=&#8221;https:\/\/kilkennycastle.ie\/wp-content\/uploads\/2021\/06\/PP-Work-Sheet-Irish.pdf&#8221; _builder_version=&#8221;4.16&#8243; _module_preset=&#8221;default&#8221; border_radii=&#8221;on|10px|10px|10px|10px&#8221; box_shadow_style=&#8221;preset1&#8243; global_colors_info=&#8221;{}&#8221;][\/et_pb_image][et_pb_text _builder_version=&#8221;4.16&#8243; _module_preset=&#8221;default&#8221; link_option_url=&#8221;https:\/\/kilkennycastle.ie\/wp-content\/uploads\/2021\/06\/PP-Work-Sheet-Irish.pdf&#8221; global_colors_info=&#8221;{}&#8221;]<\/p>\n<h3>Bileog Oibre (PDF)<\/h3>\n<p>[\/et_pb_text][\/et_pb_column][\/et_pb_row][et_pb_row _builder_version=&#8221;4.16&#8243; _module_preset=&#8221;default&#8221; global_colors_info=&#8221;{}&#8221;][et_pb_column type=&#8221;4_4&#8243; _builder_version=&#8221;4.16&#8243; _module_preset=&#8221;default&#8221; global_colors_info=&#8221;{}&#8221;][et_pb_text _builder_version=&#8221;4.16&#8243; _module_preset=&#8221;default&#8221; global_colors_info=&#8221;{}&#8221;]<\/p>\n<h2>M\u00edreanna breise le haghaidh scol\u00e1ir\u00ed\u00a0<\/h2>\n<p>[\/et_pb_text][\/et_pb_column][\/et_pb_row][et_pb_row column_structure=&#8221;1_3,1_3,1_3&#8243; _builder_version=&#8221;4.16&#8243; _module_preset=&#8221;default&#8221; global_colors_info=&#8221;{}&#8221;][et_pb_column type=&#8221;1_3&#8243; _builder_version=&#8221;4.16&#8243; _module_preset=&#8221;default&#8221; global_colors_info=&#8221;{}&#8221;][et_pb_image src=&#8221;https:\/\/kilkennycastle.ie\/wp-content\/uploads\/2024\/03\/Buzzy-bees-Irish.png&#8221; title_text=&#8221;Buzzy bees Irish&#8221; url=&#8221;https:\/\/kilkennycastle.ie\/wp-content\/uploads\/2024\/03\/Busy-buzzing-Bees-IRISH-FINAL_compressed.pdf&#8221; _builder_version=&#8221;4.24.2&#8243; _module_preset=&#8221;default&#8221; border_radii=&#8221;on|10px|10px|10px|10px&#8221; box_shadow_style=&#8221;preset1&#8243; global_colors_info=&#8221;{}&#8221;][\/et_pb_image][et_pb_text _builder_version=&#8221;4.24.2&#8243; _module_preset=&#8221;default&#8221; text_font=&#8221;Verdana||||||||&#8221; text_font_size=&#8221;18px&#8221; header_font=&#8221;Verdana||||||||&#8221; link_option_url=&#8221;https:\/\/kilkennycastle.ie\/wp-content\/uploads\/2021\/04\/Crosfhocal.pdf&#8221; global_colors_info=&#8221;{}&#8221;]<\/p>\n<p>BEACHA BROIDI\u00daLA DORD\u00c1NACHA!<\/p>\n<p>[\/et_pb_text][\/et_pb_column][et_pb_column type=&#8221;1_3&#8243; _builder_version=&#8221;4.16&#8243; _module_preset=&#8221;default&#8221; global_colors_info=&#8221;{}&#8221;][et_pb_image src=&#8221;https:\/\/kilkennycastle.ie\/wp-content\/uploads\/2024\/03\/Spring-into-sprintime-Irish.png&#8221; title_text=&#8221;Spring into sprintime Irish&#8221; url=&#8221;https:\/\/kilkennycastle.ie\/wp-content\/uploads\/2024\/03\/Spring-into-Springtime-IRISH-FINAL_compressed.pdf&#8221; _builder_version=&#8221;4.24.2&#8243; _module_preset=&#8221;default&#8221; border_radii=&#8221;on|10px|10px|10px|10px&#8221; box_shadow_style=&#8221;preset1&#8243; global_colors_info=&#8221;{}&#8221;][\/et_pb_image][et_pb_text _builder_version=&#8221;4.24.2&#8243; _module_preset=&#8221;default&#8221; text_font=&#8221;Verdana||||||||&#8221; text_font_size=&#8221;18px&#8221; header_font=&#8221;Verdana||||||||&#8221; link_option_url=&#8221;https:\/\/kilkennycastle.ie\/wp-content\/uploads\/2024\/03\/Spring-into-Springtime-IRISH-FINAL_compressed.pdf&#8221; global_colors_info=&#8221;{}&#8221;]<\/p>\n<p>PREAB ISTEACH SAN EARRACH!<\/p>\n<p>[\/et_pb_text][\/et_pb_column][et_pb_column type=&#8221;1_3&#8243; _builder_version=&#8221;4.16&#8243; _module_preset=&#8221;default&#8221; global_colors_info=&#8221;{}&#8221;][et_pb_image src=&#8221;https:\/\/kilkennycastle.ie\/wp-content\/uploads\/2024\/03\/park-trail.png&#8221; title_text=&#8221;park trail&#8221; url=&#8221;https:\/\/kilkennycastle.ie\/wp-content\/uploads\/2024\/03\/KK-Castle-Nature-Trail-irish_compressed.pdf&#8221; _builder_version=&#8221;4.24.2&#8243; _module_preset=&#8221;default&#8221; hover_enabled=&#8221;0&#8243; border_radii=&#8221;on|10px|10px|10px|10px&#8221; box_shadow_style=&#8221;preset1&#8243; global_colors_info=&#8221;{}&#8221; sticky_enabled=&#8221;0&#8243;][\/et_pb_image][et_pb_text _builder_version=&#8221;4.24.2&#8243; _module_preset=&#8221;default&#8221; text_font=&#8221;Verdana||||||||&#8221; text_font_size=&#8221;18px&#8221; header_font=&#8221;Verdana||||||||&#8221; link_option_url=&#8221;https:\/\/kilkennycastle.ie\/wp-content\/uploads\/2024\/03\/KK-Castle-Nature-Trail-irish_compressed.pdf&#8221; hover_enabled=&#8221;0&#8243; global_colors_info=&#8221;{}&#8221; sticky_enabled=&#8221;0&#8243;]<\/p>\n<p>CONAIR AN D\u00daLRA<\/p>\n<p>[\/et_pb_text][\/et_pb_column][\/et_pb_row][et_pb_row column_structure=&#8221;1_3,1_3,1_3&#8243; _builder_version=&#8221;4.16&#8243; _module_preset=&#8221;default&#8221; global_colors_info=&#8221;{}&#8221;][et_pb_column type=&#8221;1_3&#8243; _builder_version=&#8221;4.16&#8243; _module_preset=&#8221;default&#8221; global_colors_info=&#8221;{}&#8221;][et_pb_image src=&#8221;https:\/\/kilkennycastle.ie\/wp-content\/uploads\/2021\/10\/Crossfhocal.png&#8221; title_text=&#8221;Crossfhocal&#8221; url=&#8221;https:\/\/kilkennycastle.ie\/wp-content\/uploads\/2021\/04\/Crosfhocal.pdf&#8221; _builder_version=&#8221;4.16&#8243; _module_preset=&#8221;default&#8221; border_radii=&#8221;on|10px|10px|10px|10px&#8221; box_shadow_style=&#8221;preset1&#8243; global_colors_info=&#8221;{}&#8221;][\/et_pb_image][et_pb_text _builder_version=&#8221;4.16&#8243; _module_preset=&#8221;default&#8221; link_option_url=&#8221;https:\/\/kilkennycastle.ie\/wp-content\/uploads\/2021\/04\/Crosfhocal.pdf&#8221; global_colors_info=&#8221;{}&#8221;]<\/p>\n<h3>Crosfhocal (PDF)<\/h3>\n<p>[\/et_pb_text][\/et_pb_column][et_pb_column type=&#8221;1_3&#8243; _builder_version=&#8221;4.16&#8243; _module_preset=&#8221;default&#8221; global_colors_info=&#8221;{}&#8221;][et_pb_image src=&#8221;https:\/\/kilkennycastle.ie\/wp-content\/uploads\/2021\/10\/Cuardach-Focal.png&#8221; title_text=&#8221;Cuardach Focal&#8221; url=&#8221;https:\/\/kilkennycastle.ie\/wp-content\/uploads\/2021\/04\/Cuardach-Focal.pdf&#8221; _builder_version=&#8221;4.16&#8243; _module_preset=&#8221;default&#8221; border_radii=&#8221;on|10px|10px|10px|10px&#8221; box_shadow_style=&#8221;preset1&#8243; global_colors_info=&#8221;{}&#8221;][\/et_pb_image][et_pb_text _builder_version=&#8221;4.16&#8243; _module_preset=&#8221;default&#8221; link_option_url=&#8221;https:\/\/kilkennycastle.ie\/wp-content\/uploads\/2021\/04\/Cuardach-Focal.pdf&#8221; global_colors_info=&#8221;{}&#8221;]<\/p>\n<h3><span>Cuardach Focal <\/span>(PDF)<\/h3>\n<p>[\/et_pb_text][\/et_pb_column][et_pb_column type=&#8221;1_3&#8243; _builder_version=&#8221;4.16&#8243; _module_preset=&#8221;default&#8221; global_colors_info=&#8221;{}&#8221;][et_pb_image src=&#8221;https:\/\/kilkennycastle.ie\/wp-content\/uploads\/2022\/03\/Tree-Trail.png&#8221; title_text=&#8221;Tree Trail&#8221; url=&#8221;https:\/\/kilkennycastle.ie\/wp-content\/uploads\/2022\/03\/Tree-Trail-converted-compressed.pdf&#8221; _builder_version=&#8221;4.16&#8243; _module_preset=&#8221;default&#8221; border_radii=&#8221;on|10px|10px|10px|10px&#8221; box_shadow_style=&#8221;preset1&#8243; global_colors_info=&#8221;{}&#8221;][\/et_pb_image][et_pb_text _builder_version=&#8221;4.17.3&#8243; _module_preset=&#8221;default&#8221; link_option_url=&#8221;https:\/\/kilkennycastle.ie\/wp-content\/uploads\/2022\/03\/Tree-Trail-converted-compressed.pdf&#8221; global_colors_info=&#8221;{}&#8221;]<\/p>\n<h2>Conair na gCrann (PDF)<\/h2>\n<p>[\/et_pb_text][\/et_pb_column][\/et_pb_row][et_pb_row column_structure=&#8221;1_3,1_3,1_3&#8243; _builder_version=&#8221;4.16&#8243; _module_preset=&#8221;default&#8221; global_colors_info=&#8221;{}&#8221;][et_pb_column type=&#8221;1_3&#8243; _builder_version=&#8221;4.16&#8243; _module_preset=&#8221;default&#8221; global_colors_info=&#8221;{}&#8221;][et_pb_image src=&#8221;https:\/\/kilkennycastle.ie\/wp-content\/uploads\/2022\/05\/Build-your-own-Castle-Irish.png&#8221; title_text=&#8221;Build your own Castle Irish&#8221; url=&#8221;https:\/\/kilkennycastle.ie\/wp-content\/uploads\/2022\/05\/Tog-Caislean-Duit-Fein.pdf&#8221; _builder_version=&#8221;4.17.3&#8243; _module_preset=&#8221;default&#8221; border_radii=&#8221;on|10px|10px|10px|10px&#8221; box_shadow_style=&#8221;preset1&#8243; global_colors_info=&#8221;{}&#8221;][\/et_pb_image][et_pb_text _builder_version=&#8221;4.17.3&#8243; _module_preset=&#8221;default&#8221; link_option_url=&#8221;https:\/\/kilkennycastle.ie\/wp-content\/uploads\/2022\/05\/Tog-Caislean-Duit-Fein.pdf&#8221; global_colors_info=&#8221;{}&#8221;]<\/p>\n<h2>T\u00f3g Caisle\u00e1n Duit F\u00e9in (PDF)<\/h2>\n<p>[\/et_pb_text][\/et_pb_column][et_pb_column type=&#8221;1_3&#8243; _builder_version=&#8221;4.16&#8243; _module_preset=&#8221;default&#8221; global_colors_info=&#8221;{}&#8221;][et_pb_image src=&#8221;https:\/\/kilkennycastle.ie\/wp-content\/uploads\/2022\/06\/Crainn.png&#8221; title_text=&#8221;Crainn&#8221; url=&#8221;https:\/\/kilkennycastle.ie\/wp-content\/uploads\/2022\/06\/CRAINN.pdf&#8221; _builder_version=&#8221;4.17.4&#8243; _module_preset=&#8221;default&#8221; border_radii=&#8221;on|10px|10px|10px|10px&#8221; box_shadow_style=&#8221;preset1&#8243; global_colors_info=&#8221;{}&#8221;][\/et_pb_image][et_pb_text _builder_version=&#8221;4.17.4&#8243; _module_preset=&#8221;default&#8221; link_option_url=&#8221;https:\/\/kilkennycastle.ie\/wp-content\/uploads\/2022\/06\/CRAINN.pdf&#8221; global_colors_info=&#8221;{}&#8221;]<\/p>\n<h2>Crainn (PDF)<\/h2>\n<p>[\/et_pb_text][\/et_pb_column][et_pb_column type=&#8221;1_3&#8243; _builder_version=&#8221;4.16&#8243; _module_preset=&#8221;default&#8221; global_colors_info=&#8221;{}&#8221;][et_pb_image src=&#8221;https:\/\/kilkennycastle.ie\/wp-content\/uploads\/2022\/10\/holly-tree.png&#8221; title_text=&#8221;holly tree&#8221; url=&#8221;https:\/\/kilkennycastle.ie\/wp-content\/uploads\/2022\/10\/Holly-Nat-Tree-Day-22-Irish.pdf&#8221; _builder_version=&#8221;4.18.0&#8243; _module_preset=&#8221;default&#8221; border_radii=&#8221;on|10px|10px|10px|10px&#8221; box_shadow_style=&#8221;preset1&#8243; global_colors_info=&#8221;{}&#8221;][\/et_pb_image][et_pb_text _builder_version=&#8221;4.18.0&#8243; _module_preset=&#8221;default&#8221; link_option_url=&#8221;https:\/\/kilkennycastle.ie\/wp-content\/uploads\/2022\/06\/CRAINN.pdf&#8221; global_colors_info=&#8221;{}&#8221;]<\/p>\n<h2>Cuileann (PDF)<\/h2>\n<p>[\/et_pb_text][\/et_pb_column][\/et_pb_row][\/et_pb_section]<\/p>\n","protected":false},"excerpt":{"rendered":"<p>Cuairteanna Faoi Sc\u00e9im um Chuairteanna Oideachais Saor in Aisce do Scoileanna an OOP cuirimid cuairteanna ar Chaisle\u00e1n Chill Chainnigh ar f\u00e1il saor in aisce do bhunscoileanna agus iarbhunscoileanna. (R\u00e9amh\u00e1irithint riachtanach). [&hellip;]<\/p>\n","protected":false},"author":14,"featured_media":0,"parent":0,"menu_order":0,"comment_status":"closed","ping_status":"closed","template":"","meta":{"_et_pb_use_builder":"on","_et_pb_old_content":"","_et_gb_content_width":"","footnotes":""},"class_list":["post-12289","page","type-page","status-publish","hentry"],"_links":{"self":[{"href":"https:\/\/www.kilkennycastle.ie\/ga\/wp-json\/wp\/v2\/pages\/12289","targetHints":{"allow":["GET"]}}],"collection":[{"href":"https:\/\/www.kilkennycastle.ie\/ga\/wp-json\/wp\/v2\/pages"}],"about":[{"href":"https:\/\/www.kilkennycastle.ie\/ga\/wp-json\/wp\/v2\/types\/page"}],"author":[{"embeddable":true,"href":"https:\/\/www.kilkennycastle.ie\/ga\/wp-json\/wp\/v2\/users\/14"}],"replies":[{"embeddable":true,"href":"https:\/\/www.kilkennycastle.ie\/ga\/wp-json\/wp\/v2\/comments?post=12289"}],"version-history":[{"count":2,"href":"https:\/\/www.kilkennycastle.ie\/ga\/wp-json\/wp\/v2\/pages\/12289\/revisions"}],"predecessor-version":[{"id":15980,"href":"https:\/\/www.kilkennycastle.ie\/ga\/wp-json\/wp\/v2\/pages\/12289\/revisions\/15980"}],"wp:attachment":[{"href":"https:\/\/www.kilkennycastle.ie\/ga\/wp-json\/wp\/v2\/media?parent=12289"}],"curies":[{"name":"wp","href":"https:\/\/api.w.org\/{rel}","templated":true}]}}