{"id":12266,"date":"2021-10-17T12:18:06","date_gmt":"2021-10-17T11:18:06","guid":{"rendered":"https:\/\/kilkennycastle.ie\/an-teallach-marmair\/"},"modified":"2021-12-23T17:36:07","modified_gmt":"2021-12-23T17:36:07","slug":"an-teallach-marmair","status":"publish","type":"page","link":"https:\/\/www.kilkennycastle.ie\/ga\/an-teallach-marmair\/","title":{"rendered":"An Teallach Marmair"},"content":{"rendered":"<p>[et_pb_section fb_built=&#8221;1&#8243; admin_label=&#8221;section&#8221; _builder_version=&#8221;4.9.7&#8243; global_colors_info=&#8221;{}&#8221;][et_pb_row column_structure=&#8221;1_2,1_2&#8243; _builder_version=&#8221;4.14.2&#8243; _module_preset=&#8221;default&#8221; hover_enabled=&#8221;0&#8243; global_colors_info=&#8221;{}&#8221; sticky_enabled=&#8221;0&#8243;][et_pb_column type=&#8221;1_2&#8243; _builder_version=&#8221;4.9.7&#8243; _module_preset=&#8221;default&#8221; global_colors_info=&#8221;{}&#8221;][et_pb_text _builder_version=&#8221;4.14.2&#8243; _module_preset=&#8221;default&#8221; hover_enabled=&#8221;0&#8243; global_colors_info=&#8221;{}&#8221; sticky_enabled=&#8221;0&#8243;]<\/p>\n<h1>An Teallach Marmair<\/h1>\n<p>T\u00e1 an Teallach Marmair d\u00e9anta as marmar Carrara agus dhear J. H. Pollen \u00e9 i st\u00edl gar-mhe\u00e1naoiseach. Ba \u00e9 an gn\u00f3lacht Ballyntyne as Dorset Street, Baile \u00c1tha Cliath, a chuir ar f\u00e1il \u00e9. Cl\u00fada\u00edonn sno\u00edod\u00f3ireacht duilli\u00far a chuirtear i leith Charles Harrison an siml\u00e9ar agus t\u00e1 fr\u00edos th\u00edos maisithe le seacht bpain\u00e9al, a thaispe\u00e1nann c\u00f3ta airm an teaghlaigh agus eipeas\u00f3id shuntasacha \u00f3 stair fhada an teaghlaigh.<\/p>\n<p>[\/et_pb_text][\/et_pb_column][et_pb_column type=&#8221;1_2&#8243; _builder_version=&#8221;4.9.7&#8243; _module_preset=&#8221;default&#8221; global_colors_info=&#8221;{}&#8221;][et_pb_image src=&#8221;https:\/\/kilkennycastle.ie\/wp-content\/uploads\/2021\/03\/Marble-Fireplace-scaled.jpg&#8221; title_text=&#8221;An Teallach Marmair&#8221; _builder_version=&#8221;4.14.2&#8243; _module_preset=&#8221;default&#8221; width=&#8221;87.7%&#8221; height=&#8221;400px&#8221; hover_enabled=&#8221;0&#8243; global_colors_info=&#8221;{}&#8221; border_radii=&#8221;on|10px|10px|10px|10px&#8221; box_shadow_style=&#8221;preset1&#8243; sticky_enabled=&#8221;0&#8243;][\/et_pb_image][\/et_pb_column][\/et_pb_row][et_pb_row column_structure=&#8221;1_3,1_3,1_3&#8243; _builder_version=&#8221;4.9.7&#8243; _module_preset=&#8221;default&#8221; global_colors_info=&#8221;{}&#8221;][et_pb_column type=&#8221;1_3&#8243; _builder_version=&#8221;4.9.7&#8243; _module_preset=&#8221;default&#8221; global_colors_info=&#8221;{}&#8221;][et_pb_image src=&#8221;https:\/\/kilkennycastle.ie\/wp-content\/uploads\/2021\/06\/20210625_125617-scaled-e1624880884604.jpg&#8221; title_text=&#8221;20210625_125617&#8243; _builder_version=&#8221;4.14.2&#8243; _module_preset=&#8221;default&#8221; height=&#8221;300px&#8221; hover_enabled=&#8221;0&#8243; global_colors_info=&#8221;{}&#8221; border_radii=&#8221;on|10px|10px|10px|10px&#8221; box_shadow_style=&#8221;preset1&#8243; sticky_enabled=&#8221;0&#8243;][\/et_pb_image][et_pb_text _builder_version=&#8221;4.9.7&#8243; _module_preset=&#8221;default&#8221; global_colors_info=&#8221;{}&#8221;]Ag tos\u00fa ar thaobh na l\u00e1imhe cl\u00e9, taispe\u00e1nann an ch\u00e9ad phain\u00e9al gur cheannaigh an ch\u00e9ad Iarla Ormond an caisle\u00e1n i 1391 \u00f3n teaghlach Despenser &#8211; taispe\u00e1ntar airgead ag athr\u00fa l\u00e1mha.[\/et_pb_text][\/et_pb_column][et_pb_column type=&#8221;1_3&#8243; _builder_version=&#8221;4.9.7&#8243; _module_preset=&#8221;default&#8221; global_colors_info=&#8221;{}&#8221;][et_pb_image src=&#8221;https:\/\/kilkennycastle.ie\/wp-content\/uploads\/2021\/06\/20210625_125608-scaled-e1624881574177.jpg&#8221; title_text=&#8221;20210625_125608&#8243; _builder_version=&#8221;4.14.2&#8243; _module_preset=&#8221;default&#8221; height=&#8221;300px&#8221; hover_enabled=&#8221;0&#8243; global_colors_info=&#8221;{}&#8221; border_radii=&#8221;on|10px|10px|10px|10px&#8221; box_shadow_style=&#8221;preset1&#8243; sticky_enabled=&#8221;0&#8243;][\/et_pb_image][et_pb_text _builder_version=&#8221;4.9.7&#8243; _module_preset=&#8221;default&#8221; global_colors_info=&#8221;{}&#8221;]Taispe\u00e1nann an dara pain\u00e9al Theobald Fitzwalter ag gn\u00edomh\u00fa mar Phr\u00edomh-Buitl\u00e9ir do R\u00ed Shasana nua-chor\u00f3inithe ag cur b\u00e9ime ar a bpribhl\u00e9id r\u00edoga \u00e1rsa agus ar a bhfuil a sloinne Butler bunaithe.[\/et_pb_text][\/et_pb_column][et_pb_column type=&#8221;1_3&#8243; _builder_version=&#8221;4.9.7&#8243; _module_preset=&#8221;default&#8221; global_colors_info=&#8221;{}&#8221;][et_pb_image src=&#8221;https:\/\/kilkennycastle.ie\/wp-content\/uploads\/2021\/06\/20210625_125600-scaled-e1624881722664.jpg&#8221; title_text=&#8221;20210625_125600&#8243; _builder_version=&#8221;4.14.2&#8243; _module_preset=&#8221;default&#8221; height=&#8221;300px&#8221; hover_enabled=&#8221;0&#8243; global_colors_info=&#8221;{}&#8221; border_radii=&#8221;on|15px|15px|15px|15px&#8221; box_shadow_style=&#8221;preset1&#8243; sticky_enabled=&#8221;0&#8243;][\/et_pb_image][et_pb_text _builder_version=&#8221;4.9.7&#8243; _module_preset=&#8221;default&#8221; global_colors_info=&#8221;{}&#8221;]Ar an tr\u00ed\u00fa pain\u00e9al, feiceann t\u00fa an R\u00ed Richard an Dara ag gn\u00edomh\u00fa mar athair baiste do dhuine de na\u00edon\u00e1in de theaghlach Butler i 1391.[\/et_pb_text][\/et_pb_column][\/et_pb_row][et_pb_row column_structure=&#8221;1_3,1_3,1_3&#8243; _builder_version=&#8221;4.9.7&#8243; _module_preset=&#8221;default&#8221; global_colors_info=&#8221;{}&#8221;][et_pb_column type=&#8221;1_3&#8243; _builder_version=&#8221;4.9.7&#8243; _module_preset=&#8221;default&#8221; global_colors_info=&#8221;{}&#8221;][et_pb_image src=&#8221;https:\/\/kilkennycastle.ie\/wp-content\/uploads\/2021\/06\/20210625_125551-scaled-e1624881862179.jpg&#8221; title_text=&#8221;20210625_125551&#8243; _builder_version=&#8221;4.14.2&#8243; _module_preset=&#8221;default&#8221; height=&#8221;300px&#8221; hover_enabled=&#8221;0&#8243; global_colors_info=&#8221;{}&#8221; border_radii=&#8221;on|10px|10px|10px|10px&#8221; box_shadow_style=&#8221;preset1&#8243; sticky_enabled=&#8221;0&#8243;][\/et_pb_image][et_pb_text _builder_version=&#8221;4.9.9&#8243; _module_preset=&#8221;default&#8221; global_colors_info=&#8221;{}&#8221;]Is \u00e9 gr\u00e9ag\u00e1n an suaitheantas teaghlaigh at\u00e1 le feice\u00e1il freisin os cionn an \u00e1irse agus an gheata, le mana an teaghlaigh \u201ccomme je trouve\u201d &#8211; \u201cmar a fhaighim\u201d, chomh maith leis an sciath araltach cosanta, an fabhc\u00fan, an griffin (cr\u00e9at\u00far finsc\u00e9alta le corp leon agus ceann agus sciath\u00e1in iolair) agus an cor\u00f3in ducal.[\/et_pb_text][\/et_pb_column][et_pb_column type=&#8221;1_3&#8243; _builder_version=&#8221;4.9.7&#8243; _module_preset=&#8221;default&#8221; global_colors_info=&#8221;{}&#8221;][et_pb_image src=&#8221;https:\/\/kilkennycastle.ie\/wp-content\/uploads\/2021\/06\/20210625_125539-scaled-e1624882267476.jpg&#8221; title_text=&#8221;20210625_125539&#8243; _builder_version=&#8221;4.14.2&#8243; _module_preset=&#8221;default&#8221; height=&#8221;300px&#8221; hover_enabled=&#8221;0&#8243; global_colors_info=&#8221;{}&#8221; border_radii=&#8221;on|10px|10px|10px|10px&#8221; box_shadow_style=&#8221;preset1&#8243; sticky_enabled=&#8221;0&#8243;][\/et_pb_image][et_pb_text _builder_version=&#8221;4.9.7&#8243; _module_preset=&#8221;default&#8221; global_colors_info=&#8221;{}&#8221;]Sa ch\u00faigi\u00fa pain\u00e9al, is f\u00e9idir an 1\u00fa Di\u00fac Ormond a fheice\u00e1il ag dul isteach i dTeach Tiarna\u00ed na h\u00c9ireann agus a chla\u00edomh f\u00f3s air. Go deimhin, dhi\u00faltaigh s\u00e9 a arm a thabhairt ar l\u00e1imh, mar aon leis na pr\u00f3tacail ar eagla go n-\u00fas\u00e1idf\u00ed \u00e9 le linn arg\u00f3int; tugadh an tAcht um Chosaint air seo.[\/et_pb_text][\/et_pb_column][et_pb_column type=&#8221;1_3&#8243; _builder_version=&#8221;4.9.7&#8243; _module_preset=&#8221;default&#8221; global_colors_info=&#8221;{}&#8221;][et_pb_image src=&#8221;https:\/\/kilkennycastle.ie\/wp-content\/uploads\/2021\/06\/20210625_125530-scaled-e1624882432137.jpg&#8221; title_text=&#8221;20210625_125530&#8243; _builder_version=&#8221;4.14.2&#8243; _module_preset=&#8221;default&#8221; height=&#8221;300px&#8221; hover_enabled=&#8221;0&#8243; global_colors_info=&#8221;{}&#8221; border_radii=&#8221;on|10px|10px|10px|10px&#8221; box_shadow_style=&#8221;preset1&#8243; sticky_enabled=&#8221;0&#8243;][\/et_pb_image][et_pb_text _builder_version=&#8221;4.9.7&#8243; _module_preset=&#8221;default&#8221; global_colors_info=&#8221;{}&#8221;]Siombail\u00edonn an s\u00e9\u00fa pain\u00e9al in aice leis seo carthanas an teaghlaigh Butler ag taispe\u00e1int Bantiarna Ormonde ag tabhairt d\u00e9irce do na boicht.[\/et_pb_text][\/et_pb_column][\/et_pb_row][et_pb_row column_structure=&#8221;1_3,1_3,1_3&#8243; _builder_version=&#8221;4.9.7&#8243; _module_preset=&#8221;default&#8221; global_colors_info=&#8221;{}&#8221;][et_pb_column type=&#8221;1_3&#8243; _builder_version=&#8221;4.9.7&#8243; _module_preset=&#8221;default&#8221; global_colors_info=&#8221;{}&#8221;][et_pb_image src=&#8221;https:\/\/kilkennycastle.ie\/wp-content\/uploads\/2021\/06\/20210625_125520-scaled-e1624882585483.jpg&#8221; title_text=&#8221;20210625_125520&#8243; _builder_version=&#8221;4.14.2&#8243; _module_preset=&#8221;default&#8221; height=&#8221;300px&#8221; hover_enabled=&#8221;0&#8243; global_colors_info=&#8221;{}&#8221; border_radii=&#8221;on|10px|10px|10px|10px&#8221; box_shadow_style=&#8221;preset1&#8243; sticky_enabled=&#8221;0&#8243;][\/et_pb_image][et_pb_text _builder_version=&#8221;4.9.7&#8243; _module_preset=&#8221;default&#8221; global_colors_info=&#8221;{}&#8221;]Faoi dheireadh, l\u00e9ir\u00edonn an s\u00e9\u00fa pain\u00e9al agus an pain\u00e9al deireanach filleadh rath\u00fail an Ch\u00e9ad Di\u00fac Ormond ar Bhaile \u00c1tha Cliath ar deora\u00edocht ar Athch\u00f3iri\u00fa Charles the Second i 1662, nuair a bhunaigh s\u00e9 an tOspid\u00e9al R\u00edoga i gCill Mhaighneann agus bhunaigh s\u00e9 P\u00e1irc an Fhionnuisce.[\/et_pb_text][\/et_pb_column][et_pb_column type=&#8221;1_3&#8243; _builder_version=&#8221;4.9.7&#8243; _module_preset=&#8221;default&#8221; global_colors_info=&#8221;{}&#8221;][\/et_pb_column][et_pb_column type=&#8221;1_3&#8243; _builder_version=&#8221;4.9.7&#8243; _module_preset=&#8221;default&#8221; global_colors_info=&#8221;{}&#8221;][\/et_pb_column][\/et_pb_row][\/et_pb_section]<\/p>\n","protected":false},"excerpt":{"rendered":"<p>An Teallach Marmair T\u00e1 an Teallach Marmair d\u00e9anta as marmar Carrara agus dhear J. H. Pollen \u00e9 i st\u00edl gar-mhe\u00e1naoiseach. Ba \u00e9 an gn\u00f3lacht Ballyntyne as Dorset Street, Baile \u00c1tha [&hellip;]<\/p>\n","protected":false},"author":14,"featured_media":0,"parent":0,"menu_order":0,"comment_status":"closed","ping_status":"closed","template":"","meta":{"_et_pb_use_builder":"on","_et_pb_old_content":"","_et_gb_content_width":"","footnotes":""},"class_list":["post-12266","page","type-page","status-publish","hentry"],"_links":{"self":[{"href":"https:\/\/www.kilkennycastle.ie\/ga\/wp-json\/wp\/v2\/pages\/12266","targetHints":{"allow":["GET"]}}],"collection":[{"href":"https:\/\/www.kilkennycastle.ie\/ga\/wp-json\/wp\/v2\/pages"}],"about":[{"href":"https:\/\/www.kilkennycastle.ie\/ga\/wp-json\/wp\/v2\/types\/page"}],"author":[{"embeddable":true,"href":"https:\/\/www.kilkennycastle.ie\/ga\/wp-json\/wp\/v2\/users\/14"}],"replies":[{"embeddable":true,"href":"https:\/\/www.kilkennycastle.ie\/ga\/wp-json\/wp\/v2\/comments?post=12266"}],"version-history":[{"count":0,"href":"https:\/\/www.kilkennycastle.ie\/ga\/wp-json\/wp\/v2\/pages\/12266\/revisions"}],"wp:attachment":[{"href":"https:\/\/www.kilkennycastle.ie\/ga\/wp-json\/wp\/v2\/media?parent=12266"}],"curies":[{"name":"wp","href":"https:\/\/api.w.org\/{rel}","templated":true}]}}