{"id":12260,"date":"2021-10-17T12:12:03","date_gmt":"2021-10-17T11:12:03","guid":{"rendered":"https:\/\/kilkennycastle.ie\/seomra-leapa-na-sine\/"},"modified":"2021-10-18T18:25:06","modified_gmt":"2021-10-18T17:25:06","slug":"seomra-leapa-na-sine","status":"publish","type":"page","link":"https:\/\/www.kilkennycastle.ie\/ga\/seomra-leapa-na-sine\/","title":{"rendered":"Seomra Leapa na S\u00edne"},"content":{"rendered":"<p>[et_pb_section fb_built=&#8221;1&#8243; admin_label=&#8221;section&#8221; _builder_version=&#8221;3.22&#8243; global_colors_info=&#8221;{}&#8221;][et_pb_row column_structure=&#8221;2_5,3_5&#8243; admin_label=&#8221;row&#8221; _builder_version=&#8221;4.9.10&#8243; background_size=&#8221;initial&#8221; background_position=&#8221;top_left&#8221; background_repeat=&#8221;repeat&#8221; global_colors_info=&#8221;{}&#8221;][et_pb_column type=&#8221;2_5&#8243; _builder_version=&#8221;3.25&#8243; custom_padding=&#8221;|||&#8221; global_colors_info=&#8221;{}&#8221; custom_padding__hover=&#8221;|||&#8221;][et_pb_text admin_label=&#8221;Text&#8221; _builder_version=&#8221;4.11.3&#8243; background_size=&#8221;initial&#8221; background_position=&#8221;top_left&#8221; background_repeat=&#8221;repeat&#8221; hover_enabled=&#8221;0&#8243; global_colors_info=&#8221;{}&#8221; sticky_enabled=&#8221;0&#8243;]<\/p>\n<h2>Seomra Leapa na S\u00edne<\/h2>\n<p>T\u00e1 Seomra Leapa na S\u00edne ceangailte leis an seomra leapa gorm le doirse d\u00fabailte. T\u00e1 an seomra leapa seo maisithe le at\u00e1irgeadh nua-aimseartha de ph\u00e1ip\u00e9ar balla S\u00edneach p\u00e9inte\u00e1ilte de l\u00e1mh, cuid de th\u00e9ama Chinoiserie an tseomra. Bh\u00ed an p\u00e1ip\u00e9ar balla bunaithe ar dhearadh \u00f3 Theach Lissan i gContae Th\u00edr Eoghain, ar leis an teaghlach Staples \u00e9; Th\u00e1inig Grace Louisa Staples mar Banmharcas Ormonde nuair a ph\u00f3s s\u00ed James Butler, 19\u00fa Iarla, 1\u00fa Marcas Ormonde i 1807.<\/p>\n<p>[\/et_pb_text][\/et_pb_column][et_pb_column type=&#8221;3_5&#8243; _builder_version=&#8221;3.25&#8243; custom_padding=&#8221;|||&#8221; global_colors_info=&#8221;{}&#8221; custom_padding__hover=&#8221;|||&#8221;][et_pb_image src=&#8221;https:\/\/kilkennycastle.ie\/wp-content\/uploads\/2021\/08\/20210805_113319.jpg&#8221; title_text=&#8221;20210805_113319&#8243; _builder_version=&#8221;4.9.10&#8243; _module_preset=&#8221;default&#8221; global_colors_info=&#8221;{}&#8221;][\/et_pb_image][\/et_pb_column][\/et_pb_row][et_pb_row _builder_version=&#8221;4.9.10&#8243; _module_preset=&#8221;default&#8221; global_colors_info=&#8221;{}&#8221;][et_pb_column type=&#8221;4_4&#8243; _builder_version=&#8221;4.9.10&#8243; _module_preset=&#8221;default&#8221; global_colors_info=&#8221;{}&#8221;][et_pb_text _builder_version=&#8221;4.11.3&#8243; _module_preset=&#8221;default&#8221; hover_enabled=&#8221;0&#8243; global_colors_info=&#8221;{}&#8221; sticky_enabled=&#8221;0&#8243;]<\/p>\n<h3>Buaicphoint\u00ed<\/h3>\n<p>[\/et_pb_text][\/et_pb_column][\/et_pb_row][et_pb_row column_structure=&#8221;1_3,1_3,1_3&#8243; _builder_version=&#8221;4.9.10&#8243; _module_preset=&#8221;default&#8221; global_colors_info=&#8221;{}&#8221;][et_pb_column type=&#8221;1_3&#8243; _builder_version=&#8221;4.9.10&#8243; _module_preset=&#8221;default&#8221; global_colors_info=&#8221;{}&#8221;][et_pb_image src=&#8221;https:\/\/kilkennycastle.ie\/wp-content\/uploads\/2021\/08\/20210725_1508301.jpg&#8221; title_text=&#8221;20210725_150830%911%93&#8243; _builder_version=&#8221;4.9.10&#8243; _module_preset=&#8221;default&#8221; height=&#8221;300px&#8221; global_colors_info=&#8221;{}&#8221;][\/et_pb_image][et_pb_text _builder_version=&#8221;4.11.3&#8243; _module_preset=&#8221;default&#8221; hover_enabled=&#8221;0&#8243; global_colors_info=&#8221;{}&#8221; sticky_enabled=&#8221;0&#8243;]<\/p>\n<h4>C\u00f3fra<\/h4>\n<p>Seo c\u00f3fra marquetry Iod\u00e1lach \u00f3n seacht\u00fa haois d\u00e9ag. Is tacar tarraice\u00e1n \u00e9 an c\u00f3fra i nd\u00e1ir\u00edre at\u00e1 ina lu\u00ed ar sheast\u00e1n le ceithre chos.<br \/>Seast\u00e1n<br \/>Seast\u00e1n \u00e1lainn Oirthearach laicearaithe \u00e9 seo \u00f3 dheireadh an 18\u00fa haois.<\/p>\n<p>[\/et_pb_text][\/et_pb_column][et_pb_column type=&#8221;1_3&#8243; _builder_version=&#8221;4.9.10&#8243; _module_preset=&#8221;default&#8221; global_colors_info=&#8221;{}&#8221;][et_pb_image src=&#8221;https:\/\/kilkennycastle.ie\/wp-content\/uploads\/2021\/08\/20210725_1506181.jpg&#8221; title_text=&#8221;20210725_150618%911%93&#8243; _builder_version=&#8221;4.9.10&#8243; _module_preset=&#8221;default&#8221; height=&#8221;300px&#8221; global_colors_info=&#8221;{}&#8221;][\/et_pb_image][et_pb_text _builder_version=&#8221;4.11.3&#8243; _module_preset=&#8221;default&#8221; hover_enabled=&#8221;0&#8243; global_colors_info=&#8221;{}&#8221; sticky_enabled=&#8221;0&#8243;]<\/p>\n<h4>Seast\u00e1n<\/h4>\n<p>Seast\u00e1n \u00e1lainn Oirthearach laicearaithe \u00e9 seo \u00f3 dheireadh an 18\u00fa haois.<\/p>\n<p>[\/et_pb_text][\/et_pb_column][et_pb_column type=&#8221;1_3&#8243; _builder_version=&#8221;4.9.10&#8243; _module_preset=&#8221;default&#8221; global_colors_info=&#8221;{}&#8221;][et_pb_image src=&#8221;https:\/\/kilkennycastle.ie\/wp-content\/uploads\/2021\/08\/20210725_1505411.jpg&#8221; title_text=&#8221;20210725_150541%911%93&#8243; _builder_version=&#8221;4.9.10&#8243; _module_preset=&#8221;default&#8221; height=&#8221;300px&#8221; global_colors_info=&#8221;{}&#8221;][\/et_pb_image][et_pb_text _builder_version=&#8221;4.11.3&#8243; _module_preset=&#8221;default&#8221; hover_enabled=&#8221;0&#8243; global_colors_info=&#8221;{}&#8221; sticky_enabled=&#8221;0&#8243;]<\/p>\n<h4>C\u00f3fra<\/h4>\n<p>Caibin\u00e9ad S\u00edneach maisithe laicearaithe agus chinoiserie m\u00f3r dubh luath agus dh\u00e1 dhoras le gairis greanta miotail \u00f3raithe ag cl\u00fadach socr\u00fa de dheich dtarraice\u00e1n, ar sheast\u00e1n le cosa cabriole agus cosa scrolla.<\/p>\n<p>[\/et_pb_text][\/et_pb_column][\/et_pb_row][et_pb_row column_structure=&#8221;1_3,1_3,1_3&#8243; _builder_version=&#8221;4.9.10&#8243; _module_preset=&#8221;default&#8221; global_colors_info=&#8221;{}&#8221;][et_pb_column type=&#8221;1_3&#8243; _builder_version=&#8221;4.9.10&#8243; _module_preset=&#8221;default&#8221; global_colors_info=&#8221;{}&#8221;][et_pb_image src=&#8221;https:\/\/kilkennycastle.ie\/wp-content\/uploads\/2021\/08\/20210725_1504581.jpg&#8221; title_text=&#8221;20210725_150458%911%93&#8243; _builder_version=&#8221;4.9.10&#8243; _module_preset=&#8221;default&#8221; height=&#8221;300px&#8221; global_colors_info=&#8221;{}&#8221;][\/et_pb_image][et_pb_text _builder_version=&#8221;4.11.3&#8243; _module_preset=&#8221;default&#8221; hover_enabled=&#8221;0&#8243; global_colors_info=&#8221;{}&#8221; sticky_enabled=&#8221;0&#8243;]<\/p>\n<h4>Sc\u00e1ile\u00e1n<\/h4>\n<p>Sc\u00e1ile\u00e1n laicearaithe ocht n-uaire an-annamh S\u00edneach, snoite go maisi\u00fail agus maisithe le figi\u00fair\u00ed ag pailli\u00fain, ainmhithe miotasacha agus t\u00ed \u00e9ags\u00fala, \u00e9in, bl\u00e1thanna agus suaitheantais ar thaobh amh\u00e1in, agus an taobh eile inscr\u00edofa ar fud na h\u00e1ite<\/p>\n<p>[\/et_pb_text][\/et_pb_column][et_pb_column type=&#8221;1_3&#8243; _builder_version=&#8221;4.9.10&#8243; _module_preset=&#8221;default&#8221; global_colors_info=&#8221;{}&#8221;][\/et_pb_column][et_pb_column type=&#8221;1_3&#8243; _builder_version=&#8221;4.9.10&#8243; _module_preset=&#8221;default&#8221; global_colors_info=&#8221;{}&#8221;][\/et_pb_column][\/et_pb_row][\/et_pb_section]<\/p>\n","protected":false},"excerpt":{"rendered":"<p>Seomra Leapa na S\u00edne T\u00e1 Seomra Leapa na S\u00edne ceangailte leis an seomra leapa gorm le doirse d\u00fabailte. T\u00e1 an seomra leapa seo maisithe le at\u00e1irgeadh nua-aimseartha de ph\u00e1ip\u00e9ar balla [&hellip;]<\/p>\n","protected":false},"author":14,"featured_media":0,"parent":0,"menu_order":0,"comment_status":"closed","ping_status":"closed","template":"","meta":{"_et_pb_use_builder":"on","_et_pb_old_content":"","_et_gb_content_width":"","footnotes":""},"class_list":["post-12260","page","type-page","status-publish","hentry"],"_links":{"self":[{"href":"https:\/\/www.kilkennycastle.ie\/ga\/wp-json\/wp\/v2\/pages\/12260","targetHints":{"allow":["GET"]}}],"collection":[{"href":"https:\/\/www.kilkennycastle.ie\/ga\/wp-json\/wp\/v2\/pages"}],"about":[{"href":"https:\/\/www.kilkennycastle.ie\/ga\/wp-json\/wp\/v2\/types\/page"}],"author":[{"embeddable":true,"href":"https:\/\/www.kilkennycastle.ie\/ga\/wp-json\/wp\/v2\/users\/14"}],"replies":[{"embeddable":true,"href":"https:\/\/www.kilkennycastle.ie\/ga\/wp-json\/wp\/v2\/comments?post=12260"}],"version-history":[{"count":0,"href":"https:\/\/www.kilkennycastle.ie\/ga\/wp-json\/wp\/v2\/pages\/12260\/revisions"}],"wp:attachment":[{"href":"https:\/\/www.kilkennycastle.ie\/ga\/wp-json\/wp\/v2\/media?parent=12260"}],"curies":[{"name":"wp","href":"https:\/\/api.w.org\/{rel}","templated":true}]}}