{"id":12256,"date":"2021-10-17T12:02:30","date_gmt":"2021-10-17T11:02:30","guid":{"rendered":"https:\/\/kilkennycastle.ie\/an-staighre-priobhaideach\/"},"modified":"2021-10-17T12:02:30","modified_gmt":"2021-10-17T11:02:30","slug":"an-staighre-priobhaideach","status":"publish","type":"page","link":"https:\/\/www.kilkennycastle.ie\/ga\/an-staighre-priobhaideach\/","title":{"rendered":"An Staighre Pr\u00edobh\u00e1ideach"},"content":{"rendered":"<p>Na Staighre Cantilevered<br \/>\nT\u00e9ann an staighre gal\u00e1nta st\u00edl Seoirseach d\u00e9anach \u00f3 na 1800\u00ed luatha go conair an tseomra leapa den tr\u00e9imhse ch\u00e9anna. T\u00e1 na poill ina slata an staighre pr\u00e1is chun an cairp\u00e9ad a choinne\u00e1il le feice\u00e1il f\u00f3s in \u00e1iteanna. Thuas t\u00e1 an obair phl\u00e1stair maisi\u00fail athch\u00f3irithe \u00f3n t\u00far \u00f3 dheas.<\/p>\n","protected":false},"excerpt":{"rendered":"<p>Na Staighre Cantilevered T\u00e9ann an staighre gal\u00e1nta st\u00edl Seoirseach d\u00e9anach \u00f3 na 1800\u00ed luatha go conair an tseomra leapa den tr\u00e9imhse ch\u00e9anna. T\u00e1 na poill ina slata an staighre pr\u00e1is [&hellip;]<\/p>\n","protected":false},"author":14,"featured_media":0,"parent":0,"menu_order":0,"comment_status":"closed","ping_status":"closed","template":"","meta":{"_et_pb_use_builder":"on","_et_pb_old_content":"","_et_gb_content_width":"","footnotes":""},"class_list":["post-12256","page","type-page","status-publish","hentry"],"_links":{"self":[{"href":"https:\/\/www.kilkennycastle.ie\/ga\/wp-json\/wp\/v2\/pages\/12256","targetHints":{"allow":["GET"]}}],"collection":[{"href":"https:\/\/www.kilkennycastle.ie\/ga\/wp-json\/wp\/v2\/pages"}],"about":[{"href":"https:\/\/www.kilkennycastle.ie\/ga\/wp-json\/wp\/v2\/types\/page"}],"author":[{"embeddable":true,"href":"https:\/\/www.kilkennycastle.ie\/ga\/wp-json\/wp\/v2\/users\/14"}],"replies":[{"embeddable":true,"href":"https:\/\/www.kilkennycastle.ie\/ga\/wp-json\/wp\/v2\/comments?post=12256"}],"version-history":[{"count":0,"href":"https:\/\/www.kilkennycastle.ie\/ga\/wp-json\/wp\/v2\/pages\/12256\/revisions"}],"wp:attachment":[{"href":"https:\/\/www.kilkennycastle.ie\/ga\/wp-json\/wp\/v2\/media?parent=12256"}],"curies":[{"name":"wp","href":"https:\/\/api.w.org\/{rel}","templated":true}]}}