{"id":12230,"date":"2021-10-17T10:49:24","date_gmt":"2021-10-17T09:49:24","guid":{"rendered":"https:\/\/kilkennycastle.ie\/an-seomra-tarraingthe-sin\/"},"modified":"2021-12-23T17:28:13","modified_gmt":"2021-12-23T17:28:13","slug":"an-seomra-tarraingthe-sin","status":"publish","type":"page","link":"https:\/\/www.kilkennycastle.ie\/ga\/an-seomra-tarraingthe-sin\/","title":{"rendered":"An Seomra Tarraingthe S\u00edn"},"content":{"rendered":"<p>[et_pb_section fb_built=&#8221;1&#8243; admin_label=&#8221;section&#8221; _builder_version=&#8221;4.14.2&#8243; background_color=&#8221;gcid-4cb7d1ec-1cee-49be-9524-c7e49435d023&#8243; global_colors_info=&#8221;{%22gcid-4cb7d1ec-1cee-49be-9524-c7e49435d023%22:%91%22background_color%22%93}&#8221;][et_pb_row column_structure=&#8221;1_2,1_2&#8243; admin_label=&#8221;row&#8221; _builder_version=&#8221;4.9.4&#8243; background_size=&#8221;initial&#8221; background_position=&#8221;top_left&#8221; background_repeat=&#8221;repeat&#8221; global_colors_info=&#8221;{}&#8221;][et_pb_column type=&#8221;1_2&#8243; _builder_version=&#8221;3.25&#8243; custom_padding=&#8221;|||&#8221; global_colors_info=&#8221;{}&#8221; custom_padding__hover=&#8221;|||&#8221;][et_pb_text admin_label=&#8221;Text&#8221; _builder_version=&#8221;4.14.2&#8243; background_size=&#8221;initial&#8221; background_position=&#8221;top_left&#8221; background_repeat=&#8221;repeat&#8221; global_colors_info=&#8221;{}&#8221;]<\/p>\n<h1>An Seomra tarraigthe sin<\/h1>\n<p>Athchruth\u00fa de r\u00e9ir a chomhr\u00e9ireanna bunaidh \u00f3n 18\u00fa haois. Ar na balla\u00ed t\u00e1 iarsma\u00ed de ph\u00e1ip\u00e9ar balla S\u00edneach p\u00e9inte\u00e1ilte de l\u00e1mh a bh\u00ed bunaidh don seomra le inl\u00edon monacr\u00f3mach a rinne sti\u00faideo David Skinner. Is d\u00f3cha gur ordaigh an 18\u00fa Iarla, Walter Butler, an p\u00e1ip\u00e9ar f\u00edne\u00e1lta seo mar chuid den athmhaisi\u00fa a rinne an 18\u00fa Iarla ar an gcaisle\u00e1n. Le linn an 19\u00fa haois, tharraing mn\u00e1 siar anseo \u00f3n seomra bia ag f\u00e1g\u00e1il na bhfear chun taitneamh a bhaint as a bport agus a tod\u00f3ga tar \u00e9is an dinn\u00e9ir, mar a bh\u00ed an coinbhinsi\u00fan s\u00f3isialta.<\/p>\n<p>[\/et_pb_text][\/et_pb_column][et_pb_column type=&#8221;1_2&#8243; _builder_version=&#8221;4.9.4&#8243; _module_preset=&#8221;default&#8221; global_colors_info=&#8221;{}&#8221;][et_pb_image src=&#8221;https:\/\/kilkennycastle.ie\/wp-content\/uploads\/2021\/07\/20210710_165640.jpg&#8221; alt=&#8221;An Seomra Tarraingthe S\u00edn&#8221; title_text=&#8221;20210710_165640&#8243; _builder_version=&#8221;4.14.2&#8243; _module_preset=&#8221;default&#8221; border_radii=&#8221;on|10px|10px|10px|10px&#8221; box_shadow_style=&#8221;preset1&#8243; global_colors_info=&#8221;{}&#8221;][\/et_pb_image][\/et_pb_column][\/et_pb_row][\/et_pb_section][et_pb_section fb_built=&#8221;1&#8243; admin_label=&#8221;section&#8221; _builder_version=&#8221;3.22&#8243; global_colors_info=&#8221;{}&#8221;][et_pb_row _builder_version=&#8221;4.9.7&#8243; _module_preset=&#8221;default&#8221; global_colors_info=&#8221;{}&#8221;][et_pb_column type=&#8221;4_4&#8243; _builder_version=&#8221;4.9.7&#8243; _module_preset=&#8221;default&#8221; global_colors_info=&#8221;{}&#8221;][et_pb_text _builder_version=&#8221;4.11.3&#8243; _module_preset=&#8221;default&#8221; global_colors_info=&#8221;{}&#8221;]<\/p>\n<h3>Buaicphoint\u00ed<\/h3>\n<p>[\/et_pb_text][\/et_pb_column][\/et_pb_row][et_pb_row column_structure=&#8221;1_3,1_3,1_3&#8243; _builder_version=&#8221;4.9.4&#8243; _module_preset=&#8221;default&#8221; global_colors_info=&#8221;{}&#8221;][et_pb_column type=&#8221;1_3&#8243; _builder_version=&#8221;4.9.4&#8243; _module_preset=&#8221;default&#8221; global_colors_info=&#8221;{}&#8221;][et_pb_image src=&#8221;http:\/\/kilkennycastle.ie\/wp-content\/uploads\/2021\/04\/20210325_134933-scaled.jpg&#8221; alt=&#8221;Tulipiere&#8221; title_text=&#8221;20210325_134933&#8243; _builder_version=&#8221;4.14.2&#8243; _module_preset=&#8221;default&#8221; height=&#8221;300px&#8221; hover_enabled=&#8221;0&#8243; global_colors_info=&#8221;{}&#8221; border_radii=&#8221;on|10px|10px|10px|10px&#8221; box_shadow_style=&#8221;preset1&#8243; sticky_enabled=&#8221;0&#8243;][\/et_pb_image][et_pb_text _builder_version=&#8221;4.11.3&#8243; _module_preset=&#8221;default&#8221; global_colors_info=&#8221;{}&#8221;]<\/p>\n<h4>Tulipi\u00e9re<\/h4>\n<p>Is soitheach orn\u00e1ideach \u00e9 tulipi\u00e9re chun ti\u00failip\u00ed a fh\u00e1s ann. De ghn\u00e1th t\u00f3gtar iad do bholg\u00e1n amh\u00e1in in aghaidh an sconna le bonn taiscumar uisce n\u00edos m\u00f3. De ghn\u00e1th b\u00edonn s\u00e9 d\u00e9anta as potaireacht l\u00e1mhdh\u00e9anta, deilf clasaiceach. Rinneadh an tulipi\u00e9re seo de l\u00e1imh i Delft in 2009 mar obair aonuaire.<\/p>\n<p>[\/et_pb_text][\/et_pb_column][et_pb_column type=&#8221;1_3&#8243; _builder_version=&#8221;4.9.4&#8243; _module_preset=&#8221;default&#8221; global_colors_info=&#8221;{}&#8221;][et_pb_image src=&#8221;http:\/\/kilkennycastle.ie\/wp-content\/uploads\/2021\/03\/20200501_142804-scaled.jpg&#8221; alt=&#8221;P\u00e1ip\u00e9ar balla na S\u00edne&#8221; title_text=&#8221;An Seomra Tarraingthe S\u00edn&#8221; _builder_version=&#8221;4.14.2&#8243; _module_preset=&#8221;default&#8221; height=&#8221;300px&#8221; hover_enabled=&#8221;0&#8243; global_colors_info=&#8221;{}&#8221; border_radii=&#8221;on|10px|10px|10px|10px&#8221; box_shadow_style=&#8221;preset1&#8243; sticky_enabled=&#8221;0&#8243;][\/et_pb_image][et_pb_text _builder_version=&#8221;4.11.3&#8243; _module_preset=&#8221;default&#8221; global_colors_info=&#8221;{}&#8221;]<\/p>\n<h4>P\u00e1ip\u00e9ar balla na S\u00edne<\/h4>\n<p>Bh\u00ed 3 sheomra maisithe ag Walter Butler le P\u00e1ip\u00e9ar S\u00edneach in 1801 agus n\u00ed mhaireann ach bl\u00fair\u00ed de cheann acu. Cuims\u00edonn an dearadh pl\u00f3daithe \u00e9in uisce, crainn tortha\u00ed agus bl\u00e1thanna, balastr\u00e1id\u00ed orn\u00e1ideacha agus f\u00e1lta a thaca\u00edonn le pr\u00f3ca de mh\u00e9ideanna agus foirmeacha \u00e9ags\u00fala. Crochtar n\u00edos m\u00f3 v\u00e1sa\u00ed \u00f3 na crainn, \u00e1it a mb\u00edonn pias\u00fan agus \u00e9in n\u00edos l\u00fa ag eitilt ag cuardach f\u00e9ileac\u00e1in agus feithid\u00ed. Sol\u00e1thairt\u00ed a bh\u00ed sa ph\u00e1ip\u00e9ar le teorainn luascadh agus bobail\u00edneach ag leibh\u00e9al cornice, de bhunadh na S\u00edne freisin.Ar an drochuair, rinneadh r\u00f3-ph\u00e9inte\u00e1il doch\u00falaithe ar dathanna ola sna 1920id\u00ed. Bhain Walter Butler le ciorcal an Phrionsa Regent agus t\u00e1 an p\u00e1ip\u00e9ar i gCill Chainnigh cos\u00fail leis an bp\u00e1ip\u00e9ar a roghnaigh an r\u00ed amach anseo don sal\u00fan sa Phailli\u00fan R\u00edoga, Brighton, agus le tacar eile, a chuir an Regent i l\u00e1thair \u00fain\u00e9ir\u00ed Temple Newsam, Leeds. T\u00e1 meas m\u00f3r ag an Ormondes ar an and\u00fachasachas oirthearach \u00f3 th\u00fas an 18\u00fa haois nuair a bh\u00ed a dteach Sasanach i bP\u00e1irc Old Richmond l\u00e1n le inmhe\u00e1nach de chinoiseries bu\u00ed.<\/p>\n<p>[\/et_pb_text][\/et_pb_column][et_pb_column type=&#8221;1_3&#8243; _builder_version=&#8221;4.9.4&#8243; _module_preset=&#8221;default&#8221; global_colors_info=&#8221;{}&#8221;][et_pb_image src=&#8221;https:\/\/kilkennycastle.ie\/wp-content\/uploads\/2021\/07\/20210710_145318.jpg&#8221; title_text=&#8221;20210710_145318&#8243; _builder_version=&#8221;4.14.2&#8243; _module_preset=&#8221;default&#8221; height=&#8221;300px&#8221; hover_enabled=&#8221;0&#8243; global_colors_info=&#8221;{}&#8221; border_radii=&#8221;on|10px|10px|10px|10px&#8221; box_shadow_style=&#8221;preset1&#8243; sticky_enabled=&#8221;0&#8243;][\/et_pb_image][et_pb_text _builder_version=&#8221;4.11.3&#8243; _module_preset=&#8221;default&#8221; global_colors_info=&#8221;{}&#8221;]<\/p>\n<h4>Ruga Ushak<\/h4>\n<p>Is ruga Ushak \u00f3 dheireadh an 19\u00fa haois \u00e9 seo.<br \/>T\u00e1 Cairp\u00e9id Ushak l\u00e1mh-fhite i gcathair U\u015fak sa Tuirc. Bh\u00ed U\u015fak ina l\u00e1rionad m\u00f3r de th\u00e1irgeadh ruga\u00ed \u00f3 laethanta tosaigh Impireacht na hOtom\u00e1n. Bh\u00ed meas athnuaite ar ruga\u00ed Peirseach sa 19\u00fa haois agus d\u2019\u00e9irigh ruga\u00ed Ushak an-fhaiseanta.<\/p>\n<p>[\/et_pb_text][\/et_pb_column][\/et_pb_row][et_pb_row column_structure=&#8221;1_3,1_3,1_3&#8243; _builder_version=&#8221;4.9.7&#8243; _module_preset=&#8221;default&#8221; global_colors_info=&#8221;{}&#8221;][et_pb_column type=&#8221;1_3&#8243; _builder_version=&#8221;4.9.7&#8243; _module_preset=&#8221;default&#8221; global_colors_info=&#8221;{}&#8221;][et_pb_image src=&#8221;https:\/\/kilkennycastle.ie\/wp-content\/uploads\/2021\/07\/20210710_145129.jpg&#8221; title_text=&#8221;20210710_145129&#8243; _builder_version=&#8221;4.14.2&#8243; _module_preset=&#8221;default&#8221; height=&#8221;300px&#8221; hover_enabled=&#8221;0&#8243; global_colors_info=&#8221;{}&#8221; border_radii=&#8221;on|10px|10px|10px|10px&#8221; box_shadow_style=&#8221;preset1&#8243; sticky_enabled=&#8221;0&#8243;][\/et_pb_image][et_pb_text _builder_version=&#8221;4.11.3&#8243; _module_preset=&#8221;default&#8221; global_colors_info=&#8221;{}&#8221;]<\/p>\n<h4>C\u00e1s taispe\u00e1ntais<\/h4>\n<p>Sa ch\u00e1s taispe\u00e1ntais t\u00e1 grianghraif a th\u00f3g Ada Leask d\u00e1 alt i 1950 in iris Chumann R\u00edoga Seaniarsma\u00ed na h\u00c9ireann \u201cSeanph\u00e1ip\u00e9ar balla agus picti\u00fair na h\u00c9ireann\u201d. Taispe\u00e1nann siad seo p\u00e1ip\u00e9ar balla na S\u00edne sl\u00e1n; Taispe\u00e1nann \u00edomh\u00e1nna n\u00edos d\u00e9ana\u00ed \u00f3 na 1990id\u00ed luatha go raibh an seomra tr\u00e9igthe go maith. Baineadh bl\u00faire den bhunph\u00e1ip\u00e9ar balla m\u00e1 bh\u00ed s\u00e9 fr\u00e1maithe, go luath sna 1980id\u00ed nuair nach raibh s\u00e9 cinnte an bhf\u00e9adfa\u00ed maisi\u00fa an tseomra a sh\u00e1bh\u00e1il riamh.<\/p>\n<p>[\/et_pb_text][\/et_pb_column][et_pb_column type=&#8221;1_3&#8243; _builder_version=&#8221;4.9.7&#8243; _module_preset=&#8221;default&#8221; global_colors_info=&#8221;{}&#8221;][\/et_pb_column][et_pb_column type=&#8221;1_3&#8243; _builder_version=&#8221;4.9.7&#8243; _module_preset=&#8221;default&#8221; global_colors_info=&#8221;{}&#8221;][\/et_pb_column][\/et_pb_row][\/et_pb_section]<\/p>\n","protected":false},"excerpt":{"rendered":"<p>An Seomra tarraigthe sin Athchruth\u00fa de r\u00e9ir a chomhr\u00e9ireanna bunaidh \u00f3n 18\u00fa haois. Ar na balla\u00ed t\u00e1 iarsma\u00ed de ph\u00e1ip\u00e9ar balla S\u00edneach p\u00e9inte\u00e1ilte de l\u00e1mh a bh\u00ed bunaidh don seomra [&hellip;]<\/p>\n","protected":false},"author":14,"featured_media":0,"parent":0,"menu_order":0,"comment_status":"closed","ping_status":"closed","template":"","meta":{"_et_pb_use_builder":"on","_et_pb_old_content":"","_et_gb_content_width":"","footnotes":""},"class_list":["post-12230","page","type-page","status-publish","hentry"],"_links":{"self":[{"href":"https:\/\/www.kilkennycastle.ie\/ga\/wp-json\/wp\/v2\/pages\/12230","targetHints":{"allow":["GET"]}}],"collection":[{"href":"https:\/\/www.kilkennycastle.ie\/ga\/wp-json\/wp\/v2\/pages"}],"about":[{"href":"https:\/\/www.kilkennycastle.ie\/ga\/wp-json\/wp\/v2\/types\/page"}],"author":[{"embeddable":true,"href":"https:\/\/www.kilkennycastle.ie\/ga\/wp-json\/wp\/v2\/users\/14"}],"replies":[{"embeddable":true,"href":"https:\/\/www.kilkennycastle.ie\/ga\/wp-json\/wp\/v2\/comments?post=12230"}],"version-history":[{"count":0,"href":"https:\/\/www.kilkennycastle.ie\/ga\/wp-json\/wp\/v2\/pages\/12230\/revisions"}],"wp:attachment":[{"href":"https:\/\/www.kilkennycastle.ie\/ga\/wp-json\/wp\/v2\/media?parent=12230"}],"curies":[{"name":"wp","href":"https:\/\/api.w.org\/{rel}","templated":true}]}}