{"id":12227,"date":"2021-10-17T10:45:58","date_gmt":"2021-10-17T09:45:58","guid":{"rendered":"https:\/\/kilkennycastle.ie\/bunsraitheanna-na-meanaoise\/"},"modified":"2021-12-23T15:05:19","modified_gmt":"2021-12-23T15:05:19","slug":"bunsraitheanna-na-meanaoise","status":"publish","type":"page","link":"https:\/\/www.kilkennycastle.ie\/ga\/bunsraitheanna-na-meanaoise\/","title":{"rendered":"Bunsraitheanna na Me\u00e1naoise"},"content":{"rendered":"<p>[et_pb_section fb_built=&#8221;1&#8243; admin_label=&#8221;section&#8221; _builder_version=&#8221;3.22&#8243; global_colors_info=&#8221;{}&#8221;][et_pb_row column_structure=&#8221;3_5,2_5&#8243; admin_label=&#8221;row&#8221; _builder_version=&#8221;4.14.2&#8243; background_size=&#8221;initial&#8221; background_position=&#8221;top_left&#8221; background_repeat=&#8221;repeat&#8221; hover_enabled=&#8221;0&#8243; global_colors_info=&#8221;{}&#8221; sticky_enabled=&#8221;0&#8243;][et_pb_column type=&#8221;3_5&#8243; _builder_version=&#8221;3.25&#8243; custom_padding=&#8221;|||&#8221; global_colors_info=&#8221;{}&#8221; custom_padding__hover=&#8221;|||&#8221;][et_pb_text admin_label=&#8221;Text&#8221; _builder_version=&#8221;4.14.2&#8243; background_size=&#8221;initial&#8221; background_position=&#8221;top_left&#8221; background_repeat=&#8221;repeat&#8221; hover_enabled=&#8221;0&#8243; global_colors_info=&#8221;{}&#8221; sticky_enabled=&#8221;0&#8243;]<\/p>\n<h1>Bunsraitheanna na meanaoise<\/h1>\n<p>Tagann Bunsraitheanna na Me\u00e1naoise \u00f3n 13\u00fa haois agus t\u00e1 siad s\u00edos staighre gearra \u00f3n T\u00far Thiar, faoi l\u00e9ibheann Ghaird\u00edn na R\u00f3s.<br \/>Ar do thaobh dheis, feicfidh t\u00fa pas\u00e1iste gearrtha tr\u00edd an mballa imbhalla \u00f3 thuaidh a th\u00e9ann isteach i sil\u00e9ar beag, an Sally Port sil\u00e9ar \u00e1it a dt\u00e9ann cruth cuartha an t\u00fair tadhlach isteach sa seomra. Nocht na tochailt\u00ed seo bunsraitheanna foirgneamh \u00f3n 16\u00fa T\u00fadarach, a th\u00f3g Thomas, 10\u00fa Iarla Ormond agus a bh\u00ed ina theach f\u00f3d me\u00e1naoiseach ar\u00eds.<br \/>Sa dorchla, taispe\u00e1nann pain\u00e9al url\u00e1ir gloine an balla d\u00fashraith f\u00e1na n\u00f3 an fuidrimh bun. Cl\u00fada\u00edonn url\u00e1ir l\u00edont\u00e1n sreinge rochtain ar gheata c\u00falgheata a d\u2019oscail isteach sa mh\u00f3ta tirim a bh\u00ed timpeall ar thr\u00ed thaobh den chaisle\u00e1n. T\u00e9ann dh\u00e1 staighre ghearr ag an gceann seo suas go bunurl\u00e1r an Chaisle\u00e1in.<\/p>\n<p>[\/et_pb_text][\/et_pb_column][et_pb_column type=&#8221;2_5&#8243; _builder_version=&#8221;3.25&#8243; custom_padding=&#8221;|||&#8221; global_colors_info=&#8221;{}&#8221; custom_padding__hover=&#8221;|||&#8221;][et_pb_image src=&#8221;https:\/\/kilkennycastle.ie\/wp-content\/uploads\/2021\/07\/medieval-foundations.jpg&#8221; title_text=&#8221;medieval foundations&#8221; _builder_version=&#8221;4.14.2&#8243; _module_preset=&#8221;default&#8221; hover_enabled=&#8221;0&#8243; global_colors_info=&#8221;{}&#8221; border_radii=&#8221;on|10px|10px|10px|10px&#8221; box_shadow_style=&#8221;preset1&#8243; sticky_enabled=&#8221;0&#8243;][\/et_pb_image][\/et_pb_column][\/et_pb_row][et_pb_row column_structure=&#8221;1_3,1_3,1_3&#8243; _builder_version=&#8221;4.9.10&#8243; _module_preset=&#8221;default&#8221; global_colors_info=&#8221;{}&#8221;][et_pb_column type=&#8221;1_3&#8243; _builder_version=&#8221;4.9.10&#8243; _module_preset=&#8221;default&#8221; global_colors_info=&#8221;{}&#8221;][et_pb_image src=&#8221;https:\/\/kilkennycastle.ie\/wp-content\/uploads\/2021\/07\/Sallyport.jpg&#8221; title_text=&#8221;Sallyport&#8221; _builder_version=&#8221;4.14.2&#8243; _module_preset=&#8221;default&#8221; hover_enabled=&#8221;0&#8243; global_colors_info=&#8221;{}&#8221; border_radii=&#8221;on|10px|10px|10px|10px&#8221; box_shadow_style=&#8221;preset1&#8243; sticky_enabled=&#8221;0&#8243;][\/et_pb_image][\/et_pb_column][et_pb_column type=&#8221;1_3&#8243; _builder_version=&#8221;4.9.10&#8243; _module_preset=&#8221;default&#8221; global_colors_info=&#8221;{}&#8221;][et_pb_image src=&#8221;https:\/\/kilkennycastle.ie\/wp-content\/uploads\/2021\/07\/20210325_133133.jpg&#8221; title_text=&#8221;20210325_133133&#8243; _builder_version=&#8221;4.14.2&#8243; _module_preset=&#8221;default&#8221; hover_enabled=&#8221;0&#8243; global_colors_info=&#8221;{}&#8221; border_radii=&#8221;on|10px|10px|10px|10px&#8221; box_shadow_style=&#8221;preset1&#8243; sticky_enabled=&#8221;0&#8243;][\/et_pb_image][\/et_pb_column][et_pb_column type=&#8221;1_3&#8243; _builder_version=&#8221;4.9.10&#8243; _module_preset=&#8221;default&#8221; global_colors_info=&#8221;{}&#8221;][et_pb_image src=&#8221;https:\/\/kilkennycastle.ie\/wp-content\/uploads\/2021\/07\/20210325_132947.jpg&#8221; title_text=&#8221;20210325_132947&#8243; _builder_version=&#8221;4.14.2&#8243; _module_preset=&#8221;default&#8221; hover_enabled=&#8221;0&#8243; global_colors_info=&#8221;{}&#8221; border_radii=&#8221;on|10px|10px|10px|10px&#8221; box_shadow_style=&#8221;preset1&#8243; sticky_enabled=&#8221;0&#8243;][\/et_pb_image][\/et_pb_column][\/et_pb_row][\/et_pb_section]<\/p>\n","protected":false},"excerpt":{"rendered":"<p>Bunsraitheanna na meanaoise Tagann Bunsraitheanna na Me\u00e1naoise \u00f3n 13\u00fa haois agus t\u00e1 siad s\u00edos staighre gearra \u00f3n T\u00far Thiar, faoi l\u00e9ibheann Ghaird\u00edn na R\u00f3s.Ar do thaobh dheis, feicfidh t\u00fa pas\u00e1iste [&hellip;]<\/p>\n","protected":false},"author":14,"featured_media":0,"parent":0,"menu_order":0,"comment_status":"closed","ping_status":"closed","template":"","meta":{"_et_pb_use_builder":"on","_et_pb_old_content":"","_et_gb_content_width":"","footnotes":""},"class_list":["post-12227","page","type-page","status-publish","hentry"],"_links":{"self":[{"href":"https:\/\/www.kilkennycastle.ie\/ga\/wp-json\/wp\/v2\/pages\/12227","targetHints":{"allow":["GET"]}}],"collection":[{"href":"https:\/\/www.kilkennycastle.ie\/ga\/wp-json\/wp\/v2\/pages"}],"about":[{"href":"https:\/\/www.kilkennycastle.ie\/ga\/wp-json\/wp\/v2\/types\/page"}],"author":[{"embeddable":true,"href":"https:\/\/www.kilkennycastle.ie\/ga\/wp-json\/wp\/v2\/users\/14"}],"replies":[{"embeddable":true,"href":"https:\/\/www.kilkennycastle.ie\/ga\/wp-json\/wp\/v2\/comments?post=12227"}],"version-history":[{"count":0,"href":"https:\/\/www.kilkennycastle.ie\/ga\/wp-json\/wp\/v2\/pages\/12227\/revisions"}],"wp:attachment":[{"href":"https:\/\/www.kilkennycastle.ie\/ga\/wp-json\/wp\/v2\/media?parent=12227"}],"curies":[{"name":"wp","href":"https:\/\/api.w.org\/{rel}","templated":true}]}}