{"id":11865,"date":"2021-09-26T11:04:35","date_gmt":"2021-09-26T10:04:35","guid":{"rendered":"https:\/\/kilkennycastle.ie\/oideachas\/scoileanna-2\/"},"modified":"2021-11-04T12:22:56","modified_gmt":"2021-11-04T12:22:56","slug":"scoileanna-2","status":"publish","type":"page","link":"https:\/\/www.kilkennycastle.ie\/ga\/oideachas\/scoileanna-2\/","title":{"rendered":"Scoileanna"},"content":{"rendered":"<p>[et_pb_section fb_built=&#8221;1&#8243; fullwidth=&#8221;on&#8221; _builder_version=&#8221;3.22&#8243; global_colors_info=&#8221;{}&#8221;][et_pb_fullwidth_header title=&#8221;Scoileanna&#8221; text_orientation=&#8221;center&#8221; header_fullscreen=&#8221;on&#8221; header_scroll_down=&#8221;on&#8221; scroll_down_icon=&#8221;%%0%%&#8221; scroll_down_icon_size=&#8221;25px&#8221; background_overlay_color=&#8221;rgba(0,0,0,0.33)&#8221; _builder_version=&#8221;4.12.1&#8243; title_font_size=&#8221;50px&#8221; subhead_font_size=&#8221;23px&#8221; background_color=&#8221;rgba(255, 255, 255, 0)&#8221; background_image=&#8221;https:\/\/kilkennycastle.ie\/wp-content\/uploads\/2018\/11\/Tree-day.jpg&#8221; max_width_tablet=&#8221;50px&#8221; hover_enabled=&#8221;0&#8243; global_colors_info=&#8221;{}&#8221; button_one_text_size__hover_enabled=&#8221;off&#8221; button_one_text_size__hover=&#8221;null&#8221; button_two_text_size__hover_enabled=&#8221;off&#8221; button_two_text_size__hover=&#8221;null&#8221; button_one_text_color__hover_enabled=&#8221;off&#8221; button_one_text_color__hover=&#8221;null&#8221; button_two_text_color__hover_enabled=&#8221;off&#8221; button_two_text_color__hover=&#8221;null&#8221; button_one_border_width__hover_enabled=&#8221;off&#8221; button_one_border_width__hover=&#8221;null&#8221; button_two_border_width__hover_enabled=&#8221;off&#8221; button_two_border_width__hover=&#8221;null&#8221; button_one_border_color__hover_enabled=&#8221;off&#8221; button_one_border_color__hover=&#8221;null&#8221; button_two_border_color__hover_enabled=&#8221;off&#8221; button_two_border_color__hover=&#8221;null&#8221; button_one_border_radius__hover_enabled=&#8221;off&#8221; button_one_border_radius__hover=&#8221;null&#8221; button_two_border_radius__hover_enabled=&#8221;off&#8221; button_two_border_radius__hover=&#8221;null&#8221; button_one_letter_spacing__hover_enabled=&#8221;on&#8221; button_one_letter_spacing__hover=&#8221;0&#8243; button_two_letter_spacing__hover_enabled=&#8221;on&#8221; button_two_letter_spacing__hover=&#8221;0&#8243; button_one_bg_color__hover_enabled=&#8221;off&#8221; button_one_bg_color__hover=&#8221;null&#8221; button_two_bg_color__hover_enabled=&#8221;off&#8221; button_two_bg_color__hover=&#8221;null&#8221; subhead=&#8221;Breathnaigh timpeall Chaisle\u00e1n Chill Chainnigh ar an su\u00edomh n\u00f3 \u00f3 do sheomra ranga&#8221; sticky_enabled=&#8221;0&#8243;][\/et_pb_fullwidth_header][\/et_pb_section][et_pb_section fb_built=&#8221;1&#8243; _builder_version=&#8221;3.22&#8243; global_colors_info=&#8221;{}&#8221;][et_pb_row column_structure=&#8221;3_5,2_5&#8243; _builder_version=&#8221;4.9.6&#8243; background_size=&#8221;initial&#8221; background_position=&#8221;top_left&#8221; background_repeat=&#8221;repeat&#8221; custom_padding=&#8221;2px|||||&#8221; global_colors_info=&#8221;{}&#8221;][et_pb_column type=&#8221;3_5&#8243; _builder_version=&#8221;3.0.47&#8243; custom_padding=&#8221;|||&#8221; global_colors_info=&#8221;{}&#8221; custom_padding__hover=&#8221;|||&#8221;][et_pb_text admin_label=&#8221;Schools&#8221; _builder_version=&#8221;4.10.7&#8243; background_size=&#8221;initial&#8221; background_position=&#8221;top_left&#8221; background_repeat=&#8221;repeat&#8221; vertical_offset_tablet=&#8221;0&#8243; horizontal_offset_tablet=&#8221;0&#8243; z_index_tablet=&#8221;0&#8243; text_text_shadow_horizontal_length_tablet=&#8221;0px&#8221; text_text_shadow_vertical_length_tablet=&#8221;0px&#8221; text_text_shadow_blur_strength_tablet=&#8221;1px&#8221; link_text_shadow_horizontal_length_tablet=&#8221;0px&#8221; link_text_shadow_vertical_length_tablet=&#8221;0px&#8221; link_text_shadow_blur_strength_tablet=&#8221;1px&#8221; ul_text_shadow_horizontal_length_tablet=&#8221;0px&#8221; ul_text_shadow_vertical_length_tablet=&#8221;0px&#8221; ul_text_shadow_blur_strength_tablet=&#8221;1px&#8221; ol_text_shadow_horizontal_length_tablet=&#8221;0px&#8221; ol_text_shadow_vertical_length_tablet=&#8221;0px&#8221; ol_text_shadow_blur_strength_tablet=&#8221;1px&#8221; quote_text_shadow_horizontal_length_tablet=&#8221;0px&#8221; quote_text_shadow_vertical_length_tablet=&#8221;0px&#8221; quote_text_shadow_blur_strength_tablet=&#8221;1px&#8221; header_text_shadow_horizontal_length_tablet=&#8221;0px&#8221; header_text_shadow_vertical_length_tablet=&#8221;0px&#8221; header_text_shadow_blur_strength_tablet=&#8221;1px&#8221; header_2_text_shadow_horizontal_length_tablet=&#8221;0px&#8221; header_2_text_shadow_vertical_length_tablet=&#8221;0px&#8221; header_2_text_shadow_blur_strength_tablet=&#8221;1px&#8221; header_3_text_shadow_horizontal_length_tablet=&#8221;0px&#8221; header_3_text_shadow_vertical_length_tablet=&#8221;0px&#8221; header_3_text_shadow_blur_strength_tablet=&#8221;1px&#8221; header_4_text_shadow_horizontal_length_tablet=&#8221;0px&#8221; header_4_text_shadow_vertical_length_tablet=&#8221;0px&#8221; header_4_text_shadow_blur_strength_tablet=&#8221;1px&#8221; header_5_text_shadow_horizontal_length_tablet=&#8221;0px&#8221; header_5_text_shadow_vertical_length_tablet=&#8221;0px&#8221; header_5_text_shadow_blur_strength_tablet=&#8221;1px&#8221; header_6_text_shadow_horizontal_length_tablet=&#8221;0px&#8221; header_6_text_shadow_vertical_length_tablet=&#8221;0px&#8221; header_6_text_shadow_blur_strength_tablet=&#8221;1px&#8221; box_shadow_horizontal_tablet=&#8221;0px&#8221; box_shadow_vertical_tablet=&#8221;0px&#8221; box_shadow_blur_tablet=&#8221;40px&#8221; box_shadow_spread_tablet=&#8221;0px&#8221; use_border_color=&#8221;off&#8221; global_colors_info=&#8221;{}&#8221;]<\/p>\n<h2 class=\"et_pb_module_header\">Cuairteanna<\/h2>\n<p>Faoi Sc\u00e9im um Chuairteanna Oideachais Saor in Aisce do Scoileanna an OOP cuirimid cuairteanna ar Chaisle\u00e1n Chill Chainnigh ar f\u00e1il saor in aisce do bhunscoileanna agus iarbhunscoileanna. (R\u00e9amh\u00e1irithint riachtanach).<\/p>\n<p>Chun cuairt a chur in \u00e1irithe n\u00f3 le haghaidh tuilleadh eolais, b\u00ed i dteagmh\u00e1il le h\u00c1irithint\u00ed Gr\u00fapa<\/p>\n<p>Teil. 056 770 4106<\/p>\n<p>Rphost: bookingskilkennycastle@opw.ie<\/p>\n<p>Eolas sa bhreis ar an Sc\u00e9im um Chuairteanna Oideachais Saor in Aisce do Scoileanna:<\/p>\n<p><a href=\"http:\/\/www.heritageireland.ie\/\">www.heritageireland.ie<\/a><\/p>\n<p>&nbsp;<\/p>\n<p>[\/et_pb_text][et_pb_text admin_label=&#8221;Resources for the Classroom&#8221; _builder_version=&#8221;4.10.7&#8243; background_size=&#8221;initial&#8221; background_position=&#8221;top_left&#8221; background_repeat=&#8221;repeat&#8221; vertical_offset_tablet=&#8221;0&#8243; horizontal_offset_tablet=&#8221;0&#8243; z_index_tablet=&#8221;0&#8243; text_text_shadow_horizontal_length_tablet=&#8221;0px&#8221; text_text_shadow_vertical_length_tablet=&#8221;0px&#8221; text_text_shadow_blur_strength_tablet=&#8221;1px&#8221; link_text_shadow_horizontal_length_tablet=&#8221;0px&#8221; link_text_shadow_vertical_length_tablet=&#8221;0px&#8221; link_text_shadow_blur_strength_tablet=&#8221;1px&#8221; ul_text_shadow_horizontal_length_tablet=&#8221;0px&#8221; ul_text_shadow_vertical_length_tablet=&#8221;0px&#8221; ul_text_shadow_blur_strength_tablet=&#8221;1px&#8221; ol_text_shadow_horizontal_length_tablet=&#8221;0px&#8221; ol_text_shadow_vertical_length_tablet=&#8221;0px&#8221; ol_text_shadow_blur_strength_tablet=&#8221;1px&#8221; quote_text_shadow_horizontal_length_tablet=&#8221;0px&#8221; quote_text_shadow_vertical_length_tablet=&#8221;0px&#8221; quote_text_shadow_blur_strength_tablet=&#8221;1px&#8221; header_text_shadow_horizontal_length_tablet=&#8221;0px&#8221; header_text_shadow_vertical_length_tablet=&#8221;0px&#8221; header_text_shadow_blur_strength_tablet=&#8221;1px&#8221; header_2_text_shadow_horizontal_length_tablet=&#8221;0px&#8221; header_2_text_shadow_vertical_length_tablet=&#8221;0px&#8221; header_2_text_shadow_blur_strength_tablet=&#8221;1px&#8221; header_3_text_shadow_horizontal_length_tablet=&#8221;0px&#8221; header_3_text_shadow_vertical_length_tablet=&#8221;0px&#8221; header_3_text_shadow_blur_strength_tablet=&#8221;1px&#8221; header_4_text_shadow_horizontal_length_tablet=&#8221;0px&#8221; header_4_text_shadow_vertical_length_tablet=&#8221;0px&#8221; header_4_text_shadow_blur_strength_tablet=&#8221;1px&#8221; header_5_text_shadow_horizontal_length_tablet=&#8221;0px&#8221; header_5_text_shadow_vertical_length_tablet=&#8221;0px&#8221; header_5_text_shadow_blur_strength_tablet=&#8221;1px&#8221; header_6_text_shadow_horizontal_length_tablet=&#8221;0px&#8221; header_6_text_shadow_vertical_length_tablet=&#8221;0px&#8221; header_6_text_shadow_blur_strength_tablet=&#8221;1px&#8221; box_shadow_horizontal_tablet=&#8221;0px&#8221; box_shadow_vertical_tablet=&#8221;0px&#8221; box_shadow_blur_tablet=&#8221;40px&#8221; box_shadow_spread_tablet=&#8221;0px&#8221; use_border_color=&#8221;off&#8221; global_colors_info=&#8221;{}&#8221;]<\/p>\n<h2><strong>Acmhainn\u00ed don Seomra Ranga<\/strong><\/h2>\n<p>T\u00e1 na hacmhainn\u00ed seo a leanas ar f\u00e1il le h\u00edosl\u00f3d\u00e1il saor in aisce \u00f3n \u00e1r su\u00edomh gr\u00e9as\u00e1in:<\/p>\n<p><span style=\"text-decoration: underline;\"><strong>Bunscoil<\/strong><\/span><\/p>\n<p><span style=\"text-decoration: underline;\"><a href=\"https:\/\/kilkennycastle.ie\/wp-content\/uploads\/2018\/11\/caislean-chill-chainnigh-treoir-do-chuairteoiri.pdf\" rel=\"attachment wp-att-4681\">Caisle\u00e1n Chill Chainnigh Treoir do Chuairteoir\u00ed<\/a> (PDF)<\/span><\/p>\n<p><strong>Paca Oideachais le h\u00cdosl\u00f3d\u00e1il \u2013 3\u00fa agus 4\u00fa Ranganna Bunscoile <\/strong><\/p>\n<p>F\u00e9adfar an paca seo a \u00fas\u00e1id mar chuidi\u00fa le foghlaim ranga agus i gcomhar le cuairt ar an l\u00e1thair.<\/p>\n<p><strong>Aonad Sraithe: <\/strong><em>Saol, socha\u00ed, saothar agus cult\u00far san am at\u00e1 thart <\/em><\/p>\n<ul>\n<li><em>An saol in \u00c9irinn le linn r\u00e9 na Normannach <\/em><\/li>\n<li><em>Saol na me\u00e1naoise i mbailte, faoin dtuath agus san Eoraip<\/em><\/li>\n<\/ul>\n<p><strong><em>CAISLE\u00c1IN PowerPoint <\/em><\/strong><\/p>\n<p>Cur i l\u00e1thair a chuideoidh le m\u00fainteoir\u00ed um fhoghlaim faoin Saol in \u00c9irinn le linn r\u00e9 na Normannach agus faoin Saol i mBaile Me\u00e1naoiseach.<\/p>\n<p>F\u00e9adfaidh scol\u00e1ir\u00ed eolas a chur ar thithe, \u00e9ada\u00ed agus c\u00f3caireacht na Normannach \u2013 t\u00e1 d\u00edri\u00fa l\u00e1rnach ar Chaisle\u00e1n Chill Chainnigh agus Liam Marascal.<\/p>\n<p><strong><em>CAISLE\u00c1IN \u2013 paimfl\u00e9ad an scol\u00e1ire <\/em><\/strong><em>\u00a0<\/em><\/p>\n<p>Paimfl\u00e9ad d\u00e9thaobhach sochl\u00f3ite mar chuidi\u00fa leis an cur i l\u00e1thair PowerPoint.<\/p>\n<p><a href=\"https:\/\/kilkennycastle.ie\/wp-content\/uploads\/2021\/06\/PP-Work-Sheet-Irish.pdf\" rel=\"attachment wp-att-10835\">PP Work Sheet Irish<\/a> (PDF)<\/p>\n<p><strong><em>CAISLE\u00c1IN \u2013 bileog oibre an scol\u00e1ire <\/em><\/strong><\/p>\n<p>Bileog oibre le r\u00e9imse gn\u00edomha\u00edochta\u00ed:<\/p>\n<ul>\n<li>Focail agus br\u00ed a mhaitse\u00e1il<\/li>\n<li>Inis an sc\u00e9al<\/li>\n<li>Ceisteanna &amp; freagra\u00ed ilroghnacha<\/li>\n<li>Tarraing do chaisle\u00e1n f\u00e9in<\/li>\n<\/ul>\n<p><a href=\"https:\/\/kilkennycastle.ie\/wp-content\/uploads\/2021\/06\/Castle-Fact-Sheet-Irish.pdf\" rel=\"attachment wp-att-10831\">Castle Fact Sheet Irish<\/a> (PDF)<\/p>\n<p>M\u00edreanna breise le haghaidh scol\u00e1ir\u00ed \u2013 <strong><em>Crosfhocal Chaisle\u00e1n Chill Chainnigh <\/em><\/strong>agus <strong><em>Cuardach Focal Chaisle\u00e1n Chill Chainnigh.<\/em><\/strong><\/p>\n<p><em><a href=\"https:\/\/kilkennycastle.ie\/wp-content\/uploads\/2021\/04\/Crosfhocal.pdf\" rel=\"attachment wp-att-10456\">Crosfhocal<\/a> (PDF)<\/em><\/p>\n<p><em><a href=\"https:\/\/kilkennycastle.ie\/wp-content\/uploads\/2021\/04\/Cuardach-Focal.pdf\" rel=\"attachment wp-att-10454\">Cuardach Focal<\/a> (PDF)<\/em><\/p>\n<p><span style=\"text-decoration: underline;\"><strong>Me\u00e1nscoil<\/strong><\/span><\/p>\n<p><a href=\"https:\/\/kilkennycastle.ie\/wp-content\/uploads\/2021\/05\/Activites-Vocabulaire.pdf\" rel=\"attachment wp-att-10751\">Activit\u00e9s Vocabulaire<\/a>\u00a0(PDF) Bileog oibre \u2013 Sraith Shinsearach: Fraincis<\/p>\n<p><a href=\"https:\/\/kilkennycastle.ie\/wp-content\/uploads\/2021\/05\/Actividades-de-Vocabulario.pdf\" rel=\"attachment wp-att-10753\">Actividades de Vocabulario<\/a> (PDF) Bileog oibre \u2013 Sraith Shinsearach: Sp\u00e1innis<\/p>\n<p><a href=\"https:\/\/kilkennycastle.ie\/wp-content\/uploads\/2021\/05\/Aktivitaten-wortschatz.pdf\" rel=\"attachment wp-att-10755\">Aktivit\u00e4ten wortschatz<\/a>\u00a0(PDF) Bileog oibre \u2013 Sraith Shinsearach: Gearm\u00e1inis<\/p>\n<p>&nbsp;<\/p>\n<p>Bileog oibre le haghaidh scol\u00e1ir\u00ed Ard-Teistim\u00e9ireachta (Stair na nEala\u00edon), maidir leis an gceist ar Ghluaiseachta\u00ed Eala\u00edne san 19\u00fa\/20\u00fa aois.\u00a0 (ar si\u00fal)<\/p>\n<p>&nbsp;<\/p>\n<p>[\/et_pb_text][\/et_pb_column][et_pb_column type=&#8221;2_5&#8243; _builder_version=&#8221;3.0.47&#8243; custom_padding=&#8221;|||&#8221; global_colors_info=&#8221;{}&#8221; custom_padding__hover=&#8221;|||&#8221;][et_pb_image src=&#8221;https:\/\/kilkennycastle.ie\/wp-content\/uploads\/2021\/06\/caislean-1.png&#8221; title_text=&#8221;caislean&#8221; _builder_version=&#8221;4.9.4&#8243; _module_preset=&#8221;default&#8221; global_colors_info=&#8221;{}&#8221;][\/et_pb_image][\/et_pb_column][\/et_pb_row][et_pb_row column_structure=&#8221;1_3,1_3,1_3&#8243; _builder_version=&#8221;4.9.4&#8243; background_size=&#8221;initial&#8221; background_position=&#8221;top_left&#8221; background_repeat=&#8221;repeat&#8221; global_colors_info=&#8221;{}&#8221;][et_pb_column type=&#8221;1_3&#8243; _builder_version=&#8221;3.0.47&#8243; custom_padding=&#8221;|||&#8221; global_colors_info=&#8221;{}&#8221; custom_padding__hover=&#8221;|||&#8221;][\/et_pb_column][et_pb_column type=&#8221;1_3&#8243; _builder_version=&#8221;3.0.47&#8243; custom_padding=&#8221;|||&#8221; global_colors_info=&#8221;{}&#8221; custom_padding__hover=&#8221;|||&#8221;][\/et_pb_column][et_pb_column type=&#8221;1_3&#8243; _builder_version=&#8221;3.0.47&#8243; custom_padding=&#8221;|||&#8221; global_colors_info=&#8221;{}&#8221; custom_padding__hover=&#8221;|||&#8221;][\/et_pb_column][\/et_pb_row][\/et_pb_section]<\/p>\n","protected":false},"excerpt":{"rendered":"<p>Cuairteanna Faoi Sc\u00e9im um Chuairteanna Oideachais Saor in Aisce do Scoileanna an OOP cuirimid cuairteanna ar Chaisle\u00e1n Chill Chainnigh ar f\u00e1il saor in aisce do bhunscoileanna agus iarbhunscoileanna. (R\u00e9amh\u00e1irithint riachtanach). [&hellip;]<\/p>\n","protected":false},"author":14,"featured_media":0,"parent":4650,"menu_order":0,"comment_status":"closed","ping_status":"closed","template":"","meta":{"_et_pb_use_builder":"on","_et_pb_old_content":"","_et_gb_content_width":"","footnotes":""},"class_list":["post-11865","page","type-page","status-publish","hentry"],"_links":{"self":[{"href":"https:\/\/www.kilkennycastle.ie\/ga\/wp-json\/wp\/v2\/pages\/11865","targetHints":{"allow":["GET"]}}],"collection":[{"href":"https:\/\/www.kilkennycastle.ie\/ga\/wp-json\/wp\/v2\/pages"}],"about":[{"href":"https:\/\/www.kilkennycastle.ie\/ga\/wp-json\/wp\/v2\/types\/page"}],"author":[{"embeddable":true,"href":"https:\/\/www.kilkennycastle.ie\/ga\/wp-json\/wp\/v2\/users\/14"}],"replies":[{"embeddable":true,"href":"https:\/\/www.kilkennycastle.ie\/ga\/wp-json\/wp\/v2\/comments?post=11865"}],"version-history":[{"count":0,"href":"https:\/\/www.kilkennycastle.ie\/ga\/wp-json\/wp\/v2\/pages\/11865\/revisions"}],"up":[{"embeddable":true,"href":"https:\/\/www.kilkennycastle.ie\/ga\/wp-json\/wp\/v2\/pages\/4650"}],"wp:attachment":[{"href":"https:\/\/www.kilkennycastle.ie\/ga\/wp-json\/wp\/v2\/media?parent=11865"}],"curies":[{"name":"wp","href":"https:\/\/api.w.org\/{rel}","templated":true}]}}