{"id":11824,"date":"2021-09-01T12:42:58","date_gmt":"2021-09-01T11:42:58","guid":{"rendered":"https:\/\/kilkennycastle.ie\/exhibitions\/"},"modified":"2023-04-19T16:19:20","modified_gmt":"2023-04-19T15:19:20","slug":"exhibitions","status":"publish","type":"page","link":"https:\/\/www.kilkennycastle.ie\/ga\/exhibitions\/","title":{"rendered":"Taispe\u00e1ntais"},"content":{"rendered":"<p>[et_pb_section fb_built=&#8221;1&#8243; fullwidth=&#8221;on&#8221; _builder_version=&#8221;4.16&#8243; global_colors_info=&#8221;{}&#8221;][et_pb_fullwidth_header title=&#8221;Taispe\u00e1ntais&#8221; text_orientation=&#8221;center&#8221; header_fullscreen=&#8221;on&#8221; header_scroll_down=&#8221;on&#8221; scroll_down_icon=&#8221;%%0%%&#8221; scroll_down_icon_size=&#8221;25px&#8221; background_overlay_color=&#8221;rgba(0,0,0,0.33)&#8221; _builder_version=&#8221;4.16&#8243; title_font_size=&#8221;50px&#8221; subhead_font_size=&#8221;23px&#8221; background_color=&#8221;rgba(255, 255, 255, 0)&#8221; background_image=&#8221;https:\/\/kilkennycastle.ie\/wp-content\/uploads\/2021\/08\/imgpreview.jpg&#8221; max_width_tablet=&#8221;50px&#8221; global_colors_info=&#8221;{}&#8221; button_one_text_size__hover_enabled=&#8221;off&#8221; button_one_text_size__hover=&#8221;null&#8221; button_two_text_size__hover_enabled=&#8221;off&#8221; button_two_text_size__hover=&#8221;null&#8221; button_one_text_color__hover_enabled=&#8221;off&#8221; button_one_text_color__hover=&#8221;null&#8221; button_two_text_color__hover_enabled=&#8221;off&#8221; button_two_text_color__hover=&#8221;null&#8221; button_one_border_width__hover_enabled=&#8221;off&#8221; button_one_border_width__hover=&#8221;null&#8221; button_two_border_width__hover_enabled=&#8221;off&#8221; button_two_border_width__hover=&#8221;null&#8221; button_one_border_color__hover_enabled=&#8221;off&#8221; button_one_border_color__hover=&#8221;null&#8221; button_two_border_color__hover_enabled=&#8221;off&#8221; button_two_border_color__hover=&#8221;null&#8221; button_one_border_radius__hover_enabled=&#8221;off&#8221; button_one_border_radius__hover=&#8221;null&#8221; button_two_border_radius__hover_enabled=&#8221;off&#8221; button_two_border_radius__hover=&#8221;null&#8221; button_one_letter_spacing__hover_enabled=&#8221;on&#8221; button_one_letter_spacing__hover=&#8221;0&#8243; button_two_letter_spacing__hover_enabled=&#8221;on&#8221; button_two_letter_spacing__hover=&#8221;0&#8243; button_one_bg_color__hover_enabled=&#8221;off&#8221; button_one_bg_color__hover=&#8221;null&#8221; button_two_bg_color__hover_enabled=&#8221;off&#8221; button_two_bg_color__hover=&#8221;null&#8221;][\/et_pb_fullwidth_header][\/et_pb_section][et_pb_section fb_built=&#8221;1&#8243; _builder_version=&#8221;4.17.6&#8243; _module_preset=&#8221;default&#8221; global_colors_info=&#8221;{}&#8221;][et_pb_row column_structure=&#8221;3_5,2_5&#8243; _builder_version=&#8221;4.17.6&#8243; _module_preset=&#8221;default&#8221; global_colors_info=&#8221;{}&#8221;][et_pb_column type=&#8221;3_5&#8243; _builder_version=&#8221;4.17.6&#8243; _module_preset=&#8221;default&#8221; global_colors_info=&#8221;{}&#8221;][et_pb_text _builder_version=&#8221;4.17.6&#8243; _module_preset=&#8221;default&#8221; global_colors_info=&#8221;{}&#8221;]<\/p>\n<h2>L\u00edonra\u00edchill Chainnigh &#8211; M\u00f3ruaisle &#8211; Ceannaithe-C\u00fairteoir\u00ed<\/h2>\n<h3>18 I\u00fail 2022 \u2013 18<sup> <\/sup>I\u00fail 2025<\/h3>\n<p>Ba \u00ed an Dr. Jane Fenlon a chuir an taispe\u00e1ntas seo le ch\u00e9ile. L\u00e9ir\u00edonn s\u00e9 an saol me\u00e1naoiseach in \u00c9irinn, tr\u00e1th a raibh saol na h\u00c9ireann fite fuaite le saol na hEorpa d\u00edreach mar at\u00e1 s\u00e9 inniu. \u00a0Chruthaigh muintir Urumhan l\u00edonra a chuaigh chun tairbhe lucht tr\u00e1cht\u00e1la na cathrach ar an leibh\u00e9al is airde de shaol na linne \u00fad agus a bh\u00ed mar bhonn le forbairt na cathrach \u00f3 thaobh airgid, ailtireachta agus cult\u00fair.<\/p>\n<p>Cuarda\u00edonn an taispe\u00e1ntas an tionchar a bh\u00ed ag an gceangal cult\u00fartha seo. Cuireann s\u00e9 leis an eolas at\u00e1 againn ar Iarla\u00ed Urumhan na linne \u2013 an st\u00e1das a bh\u00ed acu sa phobal, na teagmh\u00e1la a bh\u00ed acu le c\u00fairteanna idirn\u00e1isi\u00fanta r\u00edoga, an ph\u00e1tr\u00fanacht a dheineadar ar na heala\u00edona agus a dturais taistil ar fud na hEorpa. L\u00e9ir\u00edtear freisin an teagmh\u00e1il a bh\u00ed acu le m\u00f3rphearsana staire na tr\u00e9imhse sin \u2013 mar shampla, an Banr\u00edon Eil\u00eds I i Sasana, an Cairdin\u00e9al Wolsey, \u00c1ine Boelyn, Caitr\u00edona Parr imeasc m\u00f3r\u00e1n eile.<\/p>\n<p>&nbsp;<\/p>\n<p>Bhain t\u00e1bhacht freisin le ceannaithe Chill Chainnigh; ba mhinic iad sin ag feidhmi\u00fa mar bhainc\u00e9ir\u00ed agus mar sin bh\u00edodar p\u00e1irteach i ngn\u00f3tha\u00ed airgid agus dl\u00ed Iarla\u00ed Urumhan. Bh\u00ed r\u00f3l l\u00e1rnach acu san maidir le forbairt agus saibhri\u00fa an bhaile agus tr\u00e1cht\u00e1il le calafoirt mh\u00f3ra na Breataine agus na hEorpa.<\/p>\n<p>[\/et_pb_text][\/et_pb_column][et_pb_column type=&#8221;2_5&#8243; _builder_version=&#8221;4.17.6&#8243; _module_preset=&#8221;default&#8221; global_colors_info=&#8221;{}&#8221;][et_pb_image src=&#8221;https:\/\/kilkennycastle.ie\/wp-content\/uploads\/2022\/07\/Kilkenny-Networks.png&#8221; title_text=&#8221;Kilkenny Networks&#8221; _builder_version=&#8221;4.17.6&#8243; _module_preset=&#8221;default&#8221; global_colors_info=&#8221;{}&#8221;][\/et_pb_image][\/et_pb_column][\/et_pb_row][\/et_pb_section][et_pb_section fb_built=&#8221;1&#8243; _builder_version=&#8221;4.16&#8243; background_color=&#8221;#e8e8e8&#8243; global_colors_info=&#8221;{}&#8221;][et_pb_row column_structure=&#8221;3_5,2_5&#8243; _builder_version=&#8221;4.17.6&#8243; background_size=&#8221;initial&#8221; background_position=&#8221;top_left&#8221; background_repeat=&#8221;repeat&#8221; custom_padding=&#8221;2px|||||&#8221; global_colors_info=&#8221;{}&#8221;][et_pb_column type=&#8221;3_5&#8243; _builder_version=&#8221;4.16&#8243; custom_padding=&#8221;|||&#8221; global_colors_info=&#8221;{}&#8221; custom_padding__hover=&#8221;|||&#8221;][et_pb_text _builder_version=&#8221;4.20.4&#8243; _module_preset=&#8221;default&#8221; hover_enabled=&#8221;0&#8243; global_colors_info=&#8221;{}&#8221; sticky_enabled=&#8221;0&#8243;]<\/p>\n<h2><strong>Taip\u00e9is an Rosa, sc\u00e9al snoite sn\u00e1thaide<\/strong><\/h2>\n<h3><strong>6 L\u00fanasa 2021 &#8211; Me\u00e1n F\u00f3mhair 2023<\/strong><\/h3>\n<p>R\u00edomhann Taip\u00e9is an Rosa sc\u00e9al na Normannach agus a dteacht i dt\u00edr in Oir-Dheisceart \u00c9ireann agus l\u00e9ir\u00edtear forbairt agus f\u00e1s an chalafoirt i Ros Mhic Thri\u00fain i gc\u00faig pain\u00e9al d\u00e9ag br\u00f3idn\u00e9ireachta. T\u00e1 oidhreacht chult\u00fartha Laighean l\u00e9irithe i bhfu\u00e1il, \u00f3 insealbh\u00fa R\u00ed Cheiltigh go dt\u00ed tr\u00e1cht\u00e1il Gael-Normannach.<\/p>\n<p>F\u00e9adfaidh gach duine anois an taispe\u00e1ntas iontach seo a fheice\u00e1il, bronntanas taibhseach don t\u00edr ar fad; cuims\u00edonn s\u00e9 eala\u00edon iontach, s\u00e1rchearda\u00edocht agus raidhse sc\u00e9alta at\u00e1 f\u00edorsp\u00e9isi\u00fail.<\/p>\n<p>Ba \u00e9 an tUrr. Paul Mooney, Eaglais Mhuire, Ros Mhic Thri\u00fain, a thionscnaigh an tionscadal seo. Ghlac s\u00e9 inspior\u00e1id \u00f3 Thaip\u00e9is ch\u00e1il\u00eduil Bayeux na Fraince; cheap s\u00e9 gur fi\u00fa sraith d\u00e1 leith\u00e9id a chruth\u00fa mar chom\u00f3radh ar stair na Normannach i Ros Mhic Thri\u00fain agus Oir-Dheisceart \u00c9ireann.<\/p>\n<p>Cr\u00edochna\u00edodh an ch\u00e9ad taip\u00e9is in 2002 agus t\u00e1 14 as 15 pain\u00e9al cr\u00edochnaithe go dt\u00ed seo. T\u00e1 an ceann deireanach \u00e1 fu\u00e1il i gCill Chainnigh faoi l\u00e1thair agus t\u00e1 s\u00e9 nach m\u00f3r cr\u00edochnaithe.\u00a0 T\u00e1 fu\u00e1laithe deonacha ar fud na t\u00edre p\u00e1irteach san obair, breis agus 150 acu, ag obair ina dtithe f\u00e9in agus i l\u00e1ithreacha \u00e1iti\u00fala poibl\u00ed. D\u00e9antar an bhr\u00f3idn\u00e9ireacht le sn\u00e1th olla ar chorr\u00e1n l\u00edn\u00e9adach Seacab\u00edteach agus \u00fas\u00e1idtear iliomad greamanna \u00e9ags\u00fala. Glacann s\u00e9 uair an chloig aon orlach cearnach a fhu\u00e1il, agus \u00f3 thr\u00ed go seacht mbliana chun pain\u00e9al amh\u00e1in a chr\u00edochn\u00fa.<\/p>\n<p>T\u00e1 cead isteach ar an Taispe\u00e1ntas Taip\u00e9ise Ros san \u00e1ireamh le Tic\u00e9ad Cheada Isteach Ginear\u00e1lta.<\/p>\n<p>T\u00e1 treora\u00ed fuaime d\u00e9anta ag Abarta Heritage freisin thar ceann Taip\u00e9ise Ros chun dul leis an taispe\u00e1ntas<\/p>\n<p>[\/et_pb_text][et_pb_button button_url=&#8221;https:\/\/soundcloud.com\/abartaaudioguides\/sets\/ros-tapestry&#8221; button_text=&#8221;D\u00e9an clic anseo i gcomhair an treoraithe Fuaime&#8221; _builder_version=&#8221;4.16&#8243; _module_preset=&#8221;default&#8221; custom_button=&#8221;on&#8221; button_text_color=&#8221;#FFFFFF&#8221; button_bg_color=&#8221;gcid-fd18f947-01b7-4ce4-88dd-62abac1bacad&#8221; button_border_color=&#8221;#FFFFFF&#8221; global_colors_info=&#8221;{%22gcid-fd18f947-01b7-4ce4-88dd-62abac1bacad%22:%91%22button_bg_color%22%93}&#8221;][\/et_pb_button][\/et_pb_column][et_pb_column type=&#8221;2_5&#8243; _builder_version=&#8221;4.16&#8243; custom_padding=&#8221;|||&#8221; global_colors_info=&#8221;{}&#8221; custom_padding__hover=&#8221;|||&#8221;][et_pb_image src=&#8221;https:\/\/kilkennycastle.ie\/wp-content\/uploads\/2023\/04\/the-ross-tapestry.jpg&#8221; title_text=&#8221;the-ross-tapestry&#8221; _builder_version=&#8221;4.20.4&#8243; _module_preset=&#8221;default&#8221; hover_enabled=&#8221;0&#8243; global_colors_info=&#8221;{}&#8221; alt=&#8221;Poster of the Ros Tapestry Exhibition&#8221; sticky_enabled=&#8221;0&#8243;][\/et_pb_image][et_pb_image src=&#8221;https:\/\/kilkennycastle.ie\/wp-content\/uploads\/2021\/10\/ESrS1LDXkAE5Ldb.jpg&#8221; title_text=&#8221;ESrS1LDXkAE5Ldb&#8221; _builder_version=&#8221;4.16&#8243; _module_preset=&#8221;default&#8221; global_colors_info=&#8221;{}&#8221;][\/et_pb_image][et_pb_text _builder_version=&#8221;4.16&#8243; _module_preset=&#8221;default&#8221; global_colors_info=&#8221;{}&#8221;]<\/p>\n<p>T\u00e1 leabhar treoraithe ar f\u00e1il le ceannach ar an su\u00edomh \u00f3n nDeasc Tic\u00e9id (\u20ac7 )<\/p>\n<p>[\/et_pb_text][\/et_pb_column][\/et_pb_row][\/et_pb_section][et_pb_section fb_built=&#8221;1&#8243; disabled_on=&#8221;off|off|off&#8221; _builder_version=&#8221;4.16&#8243; _module_preset=&#8221;default&#8221; global_colors_info=&#8221;{}&#8221;][et_pb_row column_structure=&#8221;3_5,2_5&#8243; _builder_version=&#8221;4.16&#8243; background_size=&#8221;initial&#8221; background_position=&#8221;top_left&#8221; background_repeat=&#8221;repeat&#8221; custom_padding=&#8221;2px|||||&#8221; global_colors_info=&#8221;{}&#8221;][et_pb_column type=&#8221;3_5&#8243; _builder_version=&#8221;4.16&#8243; custom_padding=&#8221;|||&#8221; global_colors_info=&#8221;{}&#8221; custom_padding__hover=&#8221;|||&#8221;][et_pb_text _builder_version=&#8221;4.16&#8243; _module_preset=&#8221;default&#8221; global_colors_info=&#8221;{}&#8221;]<\/p>\n<h2><strong>M\u00f3imint\u00ed Ama \u00a0\u2013 1870-1970<\/strong><\/h2>\n<p>L\u00e9ir\u00edonn an taispe\u00e1ntas seo \u2018m\u00f3imint\u00ed ama\u2019 i saol ch\u00faigear Marcas Urumhan thar thr\u00e9imhse c\u00e9ad bliain. Glacadh na h\u00edomh\u00e1nna \u00f3 th\u00fas na 20\u00fa aoise nuair a bh\u00ed na Buitl\u00e9araigh ina gc\u00f3na\u00ed sa chaisle\u00e1n \u00f3 am go ham agus cuid mh\u00f3r ama \u00e1 chaitheamh acu i Sasana. Sa ch\u00e9ad leath den bhfichi\u00fa aois th\u00e1inig athr\u00fa tobann ar an saol ar fud an domhain; l\u00e9ir\u00edonn na h\u00edomh\u00e1nna at\u00e1 ar taispe\u00e1int conas mar a bh\u00ed Caisle\u00e1n Chill Chainnigh agus an teaghlach ann de r\u00e9ir mar a bh\u00ed an seanr\u00e9 ag imeacht leis.<\/p>\n<p>Tugann na grianghraif l\u00e9argas ar na Buitl\u00e9araigh agus ar a saol s\u00f3isialta tr\u00e1th a raibh saol na h\u00c9ireann ag athr\u00fa \u00f3 bhonn. Bh\u00ed Caisle\u00e1n Chill Chainnigh thuas seal agus th\u00edos seal le linn na 20\u00fa aoise; cuireadh a raibh istigh ann ar ceant, agus bh\u00ed an foirgneamh folamh agus tr\u00e9igthe gur bronnadh \u00e9 ar mhuintir Chill Chainnigh. T\u00e1 s\u00e9 faoi ch\u00faram Oifig na nOibreacha Poibl\u00ed \u00f3 1969 anuas, ionad l\u00e1rnach don phobal \u00e1iti\u00fail agus tarraingt air ag cuairteoir\u00ed \u00f3 chian is \u00f3 ch\u00f3ngar.<\/p>\n<p>[\/et_pb_text][\/et_pb_column][et_pb_column type=&#8221;2_5&#8243; _builder_version=&#8221;4.16&#8243; custom_padding=&#8221;|||&#8221; global_colors_info=&#8221;{}&#8221; custom_padding__hover=&#8221;|||&#8221;][et_pb_image src=&#8221;https:\/\/kilkennycastle.ie\/wp-content\/uploads\/2022\/02\/20220211_161140.jpg&#8221; title_text=&#8221;20220211_161140&#8243; url=&#8221;https:\/\/kilkennycastle.ie\/moiminti-ama-1870-1970\/&#8221; _builder_version=&#8221;4.16&#8243; _module_preset=&#8221;default&#8221; border_radii=&#8221;on|10px|10px|10px|10px&#8221; global_colors_info=&#8221;{}&#8221;][\/et_pb_image][\/et_pb_column][\/et_pb_row][\/et_pb_section][et_pb_section fb_built=&#8221;1&#8243; disabled_on=&#8221;off|off|off&#8221; _builder_version=&#8221;4.16&#8243; _module_preset=&#8221;default&#8221; background_color=&#8221;gcid-4cb7d1ec-1cee-49be-9524-c7e49435d023&#8243; global_colors_info=&#8221;{%22gcid-4cb7d1ec-1cee-49be-9524-c7e49435d023%22:%91%22background_color%22%93}&#8221;][et_pb_row column_structure=&#8221;3_5,2_5&#8243; _builder_version=&#8221;4.16&#8243; background_size=&#8221;initial&#8221; background_position=&#8221;top_left&#8221; background_repeat=&#8221;repeat&#8221; custom_padding=&#8221;2px|||||&#8221; global_colors_info=&#8221;{}&#8221;][et_pb_column type=&#8221;3_5&#8243; _builder_version=&#8221;4.16&#8243; custom_padding=&#8221;|||&#8221; global_colors_info=&#8221;{}&#8221; custom_padding__hover=&#8221;|||&#8221;][et_pb_text _builder_version=&#8221;4.16&#8243; _module_preset=&#8221;default&#8221; global_colors_info=&#8221;{}&#8221;]<\/p>\n<h2><strong>Cartlann Bhallaph\u00e1ip\u00e9ir Chaisle\u00e1n Chill Chainnigh<\/strong><\/h2>\n<p><strong>Seomra na Mun\u00faint<\/strong><\/p>\n<p>Roghna\u00edodh na ballaph\u00e1ip\u00e9ir at\u00e1 ar taispe\u00e1int i Seomra na Mun\u00faint \u00f3 bhaili\u00fach\u00e1n de bhreis agus 250 sampla de bhallaph\u00e1ip\u00e9ir stairi\u00fala a bronnadh ar Oifig na nOibreacha Poibl\u00ed in 2020. Rianann an chartlann tr\u00ed ch\u00e9ad bliain, \u00f3 dh\u00e9ant\u00fas i mBaile \u00c1tha Cliath na 18\u00fa aoise go dt\u00ed 1980 nuair a d\u00fanadh Monarcha Bhallaph\u00e1ip\u00e9ir Chill Dara.<\/p>\n<p>&nbsp;<\/p>\n<p>Is \u00f3 bhalla\u00ed foirgneamh ar fud na h\u00c9ireann is m\u00f3 a fuarthas na sampla\u00ed seo, nuair a bh\u00ed obair chaomhnaithe ar bun n\u00f3 mar bhronntanais \u00f3 \u00fain\u00e9ir\u00ed t\u00ed, lucht foirgn\u00edochta n\u00f3 ailtir\u00ed. L\u00e9ir\u00edonn siad na dathanna agus na patr\u00fain a bh\u00ed mar ch\u00falra laeth\u00fail le linn tr\u00e9imhs\u00ed \u00e9ags\u00fala agus ar leibh\u00e9il \u00e9ags\u00fala saoil.<\/p>\n<p>[\/et_pb_text][\/et_pb_column][et_pb_column type=&#8221;2_5&#8243; _builder_version=&#8221;4.16&#8243; custom_padding=&#8221;|||&#8221; global_colors_info=&#8221;{}&#8221; custom_padding__hover=&#8221;|||&#8221;][et_pb_image src=&#8221;https:\/\/kilkennycastle.ie\/wp-content\/uploads\/2021\/08\/wallpaper-fragments-1.jpg&#8221; title_text=&#8221;wallpaper fragments&#8221; _builder_version=&#8221;4.16&#8243; _module_preset=&#8221;default&#8221; global_colors_info=&#8221;{}&#8221;][\/et_pb_image][\/et_pb_column][\/et_pb_row][\/et_pb_section][et_pb_section fb_built=&#8221;1&#8243; disabled_on=&#8221;off|off|off&#8221; _builder_version=&#8221;4.16&#8243; _module_preset=&#8221;default&#8221; background_color=&#8221;#FFFFFF&#8221; global_colors_info=&#8221;{}&#8221;][et_pb_row _builder_version=&#8221;4.16&#8243; background_size=&#8221;initial&#8221; background_position=&#8221;top_left&#8221; background_repeat=&#8221;repeat&#8221; custom_padding=&#8221;2px|||||&#8221; global_colors_info=&#8221;{}&#8221;][et_pb_column type=&#8221;4_4&#8243; _builder_version=&#8221;4.16&#8243; custom_padding=&#8221;|||&#8221; global_colors_info=&#8221;{}&#8221; custom_padding__hover=&#8221;|||&#8221;][et_pb_text _builder_version=&#8221;4.16&#8243; _module_preset=&#8221;default&#8221; global_colors_info=&#8221;{}&#8221;]<\/p>\n<h2><strong>Mapa\u00ed East\u00e1t Urumhan, <em>c<\/em>. 1810<\/strong><\/h2>\n<p>[\/et_pb_text][\/et_pb_column][\/et_pb_row][et_pb_row column_structure=&#8221;1_2,1_2&#8243; _builder_version=&#8221;4.16&#8243; background_size=&#8221;initial&#8221; background_position=&#8221;top_left&#8221; background_repeat=&#8221;repeat&#8221; custom_padding=&#8221;2px|||||&#8221; global_colors_info=&#8221;{}&#8221;][et_pb_column type=&#8221;1_2&#8243; _builder_version=&#8221;4.16&#8243; custom_padding=&#8221;|||&#8221; global_colors_info=&#8221;{}&#8221; custom_padding__hover=&#8221;|||&#8221;][et_pb_text _builder_version=&#8221;4.16&#8243; _module_preset=&#8221;default&#8221; global_colors_info=&#8221;{}&#8221;]<\/p>\n<h3><strong>Mapa\u00ed East\u00e1it<\/strong><\/h3>\n<p>[\/et_pb_text][et_pb_image src=&#8221;https:\/\/kilkennycastle.ie\/wp-content\/uploads\/2021\/12\/20211216_142044.jpg&#8221; title_text=&#8221;20211216_142044&#8243; url=&#8221;https:\/\/kilkennycastle.ie\/ga\/mapai-eastat-urumhan-c-1810\/&#8221; _builder_version=&#8221;4.16&#8243; _module_preset=&#8221;default&#8221; height=&#8221;300px&#8221; global_colors_info=&#8221;{}&#8221;][\/et_pb_image][\/et_pb_column][et_pb_column type=&#8221;1_2&#8243; _builder_version=&#8221;4.16&#8243; custom_padding=&#8221;|||&#8221; global_colors_info=&#8221;{}&#8221; custom_padding__hover=&#8221;|||&#8221;][et_pb_text _builder_version=&#8221;4.16&#8243; _module_preset=&#8221;default&#8221; global_colors_info=&#8221;{}&#8221;]<\/p>\n<h3><strong>Uait\u00e9ar de Buitl\u00e9ir (1770\u20131820)<\/strong><\/h3>\n<p>[\/et_pb_text][et_pb_image src=&#8221;https:\/\/kilkennycastle.ie\/wp-content\/uploads\/2021\/07\/walter-butler.jpg&#8221; title_text=&#8221;walter butler&#8221; url=&#8221;https:\/\/kilkennycastle.ie\/ga\/uaitear-de-buitleir-1770-1820-priomh-bhuitleir-eireann-18u-iarla-urumhan-iarla-osrai-agus-biochunta-durlais-1u-mharcas-urumhan-an-dara-cruthu\/&#8221; _builder_version=&#8221;4.16&#8243; _module_preset=&#8221;default&#8221; height=&#8221;300px&#8221; global_colors_info=&#8221;{}&#8221;][\/et_pb_image][\/et_pb_column][\/et_pb_row][\/et_pb_section][et_pb_section fb_built=&#8221;1&#8243; disabled_on=&#8221;off|off|off&#8221; _builder_version=&#8221;4.16&#8243; _module_preset=&#8221;default&#8221; background_color=&#8221;gcid-4cb7d1ec-1cee-49be-9524-c7e49435d023&#8243; global_colors_info=&#8221;{%22gcid-4cb7d1ec-1cee-49be-9524-c7e49435d023%22:%91%22background_color%22%93}&#8221;][et_pb_row column_structure=&#8221;3_5,2_5&#8243; _builder_version=&#8221;4.16&#8243; background_size=&#8221;initial&#8221; background_position=&#8221;top_left&#8221; background_repeat=&#8221;repeat&#8221; custom_padding=&#8221;2px|||||&#8221; global_colors_info=&#8221;{}&#8221;][et_pb_column type=&#8221;3_5&#8243; _builder_version=&#8221;4.16&#8243; custom_padding=&#8221;|||&#8221; global_colors_info=&#8221;{}&#8221; custom_padding__hover=&#8221;|||&#8221;][et_pb_text _builder_version=&#8221;4.16&#8243; _module_preset=&#8221;default&#8221; global_colors_info=&#8221;{}&#8221;]<\/p>\n<h2>Conair na gCat i gCill Chainnigh<\/h2>\n<p>Is geal le <strong>OPW<\/strong> dh\u00e1 <strong>Chat Chill Chainnigh <\/strong>a chur ar taispe\u00e1int i dtailte an Chaisle\u00e1in, mar chuid de <strong>Conair na gCat i gCill Chainnigh<\/strong><strong> \u2013 <\/strong>seolfar \u00e9 sin ar an Domhnach 10 Deireadh F\u00f3mhair agus leanfaidh s\u00e9 go dt\u00ed an Ch\u00e1isc in 2022. Ins an taispe\u00e1ntas speisialta seo t\u00e1 21 dealbh cat a mais\u00edodh go h\u00e1lainn agus at\u00e1 suite i sp\u00e1sanna poibl\u00ed agus l\u00e1ithreacha oidhreachta ar fud na cathrach. F\u00e9adfaidh cuairteoir\u00ed <strong>app<\/strong> <strong>speisialta an chonair <\/strong>a \u00edosl\u00f3d\u00e1il chun taitneamh a bhaint as a gcuaird ar fud an bhaile. \u00a0\u00a0<\/p>\n<p>Is de rois\u00edn sn\u00e1ith\u00ednghloine iad na dealbha cat, at\u00e1 c\u00faig troigh ar airde. T\u00e1 siad bunaithe ar an gcarachtar \u2018<strong><em>Pangur B\u00e1n\u2019<\/em><\/strong> as <em>\u2018The Secret of Kells\u2019<\/em> a chruthaigh \u2018<strong><em>Cartoon Saloon\u2019 <\/em><\/strong>\u2013 sti\u00faideo beochana at\u00e1 lonnaithe i gCill Chainnigh agus a bhuaigh gradaim <em>Academy Awards<\/em>\u00ae, <em>Golden Glove<\/em>\u00ae, <em>BAFTA <\/em>agus ainmni\u00fa <em>Emmy<\/em>.<\/p>\n<p>Is geal linn a fh\u00f3gairt go mbeidh an bundealbh speisialta seo \u2018<strong><em>Pangur B\u00e1n\u2019,<\/em><\/strong> a dhearaigh Bonnie Mier \u00f3 <em>Cartoon Saloon<\/em> suite i nGaird\u00edn na R\u00f3s i gCaisle\u00e1n Chill Chainnigh ar feadh an ama seo. T\u00e1 \u00e1thas orainn freisin f\u00e1ilti\u00fa roimh an dara Cat \u2013 \u2018<strong><em>Pangur A la\u2019n\u2019<\/em><\/strong> a mhaisigh Francis Tansey agus a bheidh ina shu\u00ed go sona sa chl\u00f3s.<\/p>\n<p>Is comhph\u00e1irt\u00edocht an tionscadal seo idir Iontaobhas Cathartha Chill Chainnigh agus Comhairle Contae Chill Chainnigh, arna chruth\u00fa ag <em>The Art of Tourism<\/em> a chuireann conair eala\u00edne poibl\u00ed ar f\u00e1il.<\/p>\n<p>[\/et_pb_text][\/et_pb_column][et_pb_column type=&#8221;2_5&#8243; _builder_version=&#8221;4.16&#8243; custom_padding=&#8221;|||&#8221; global_colors_info=&#8221;{}&#8221; custom_padding__hover=&#8221;|||&#8221;][et_pb_image src=&#8221;https:\/\/kilkennycastle.ie\/wp-content\/uploads\/2021\/10\/Pangur-Ban-the-original-by-Bonnie-Mier-of-Cartoon-Saloon-for-Secret-of-Kells-1.jpg&#8221; title_text=&#8221;Pangur Ban &#8211; the original by Bonnie Mier of Cartoon Saloon for Secret of Kells&#8221; _builder_version=&#8221;4.16&#8243; _module_preset=&#8221;default&#8221; global_colors_info=&#8221;{}&#8221;][\/et_pb_image][\/et_pb_column][\/et_pb_row][\/et_pb_section][et_pb_section fb_built=&#8221;1&#8243; _builder_version=&#8221;4.16&#8243; background_color=&#8221;#FFFFFF&#8221; global_colors_info=&#8221;{}&#8221;][et_pb_row column_structure=&#8221;3_5,2_5&#8243; _builder_version=&#8221;4.16&#8243; background_size=&#8221;initial&#8221; background_position=&#8221;top_left&#8221; background_repeat=&#8221;repeat&#8221; custom_padding=&#8221;2px|||||&#8221; global_colors_info=&#8221;{}&#8221;][et_pb_column type=&#8221;3_5&#8243; _builder_version=&#8221;4.16&#8243; custom_padding=&#8221;|||&#8221; global_colors_info=&#8221;{}&#8221; custom_padding__hover=&#8221;|||&#8221;][et_pb_text _builder_version=&#8221;4.16&#8243; _module_preset=&#8221;default&#8221; global_colors_info=&#8221;{}&#8221;]<\/p>\n<h2><strong>Ceardlaochra \u00c9ireann<\/strong><\/h2>\n<h3><strong>22 I\u00fail \u00a0\u2013 6 Deireadh F\u00f3mhair 2021<br \/>P\u00e1irc &amp; Cl\u00f3s Chaisle\u00e1n Chill Chainnigh<br \/>le linn Uaireanta Oscailte na P\u00e1irce<\/strong><\/h3>\n<p>T\u00e1 \u00e1thas ar OPW tac\u00fa le Ceardlaochra \u00c9ireann leis an m\u00f3rthaispe\u00e1ntas seo lasmuigh; ceili\u00farann s\u00e9 ceardaithe a bhfuil suntas ar leith ag baint lena saothar, a l\u00e9ir\u00edonn dearcadh nua n\u00f3 a chuireann athr\u00fa ar an mbealach a fheicimid an saol.<\/p>\n<p>L\u00e9ir\u00edonn an taispe\u00e1ntas seo \u00e9abhl\u00f3id na hearn\u00e1la ceirde agus dearaidh in \u00c9irinn le 50 bliain anuas. Com\u00f3rann s\u00e9 an oiread sin daoine a chuidigh le taip\u00e9is shaibhir na cearda\u00edochta in \u00c9irinn. Is \u00ed Comhairle Dearaidh agus Cearda\u00edochta na h\u00c9ireann a chuir an taispe\u00e1ntas le ch\u00e9ile, le tac\u00fa \u00f3 Oifig na nOibreacha Poibl\u00ed, Comhairle Contae Chill Chainnigh agus F\u00e9ile Eala\u00edona Chill Chainnigh.<\/p>\n<p>Tugadh cuireadh don phobal agus don lucht ceirde Ceardlaochra \u00c9ireann a ainmni\u00fa \u2013 daoine inspior\u00e1ideacha a raibh tionchar suntasach acu ar an earn\u00e1il le 50 bliain anuas. Fuarthas breis agus 600 ainmni\u00fach\u00e1n; ceapadh coiste saineolaithe chun 50 cearda\u00ed a roghn\u00fa, bunaithe ar chrit\u00e9ir scileanna, dearaidh, tionchar, nu\u00e1la\u00edochta agus bun\u00falachta. L\u00e9irigh na hainmni\u00fach\u00e1in an saibhreas cearda\u00edochta in \u00c9irinn le 50 bliain anuas. Thug s\u00e9 suntas freisin don oiread sin laochra eile a thaca\u00edonn leis an lucht ceirde, tr\u00ed thiomantacht oideachais; ag treor\u00fa tr\u00ed chumainn, l\u00edonra\u00ed taca\u00edochta, tionscadail n\u00fa\u00e1lacha a bhun\u00fa agus ag stocaireacht ar son na hearn\u00e1la.<\/p>\n<p>Is tr\u00e1th\u00fail go bhfuil an taispe\u00e1ntas seo ar si\u00fal nuair at\u00e1 com\u00f3radh 50 bliain ann \u00f3 buna\u00edodh Comhairle Dearaidh agus Cearda\u00edochta na h\u00c9ireann in 1971. Tar \u00e9is a sheoladh i gCill Chainnigh, beidh an taispe\u00e1ntas lasmuigh ar taispe\u00e1int freisin i gCaisle\u00e1n Bhaile \u00c1tha Cliath, B\u00e9al Feirste, Gaillimh agus Corcaigh suas go dt\u00ed 2022.<\/p>\n<p>Tuilleadh eolais \u00f3: www.ndcg.ie\/exhibitions\/irish-craft-heroes<\/p>\n<p>[\/et_pb_text][\/et_pb_column][et_pb_column type=&#8221;2_5&#8243; _builder_version=&#8221;4.16&#8243; custom_padding=&#8221;|||&#8221; global_colors_info=&#8221;{}&#8221; custom_padding__hover=&#8221;|||&#8221;][et_pb_image src=&#8221;https:\/\/kilkennycastle.ie\/wp-content\/uploads\/2021\/08\/irish-craft-heroes.jpg&#8221; title_text=&#8221;irish craft heroes&#8221; _builder_version=&#8221;4.16&#8243; _module_preset=&#8221;default&#8221; global_colors_info=&#8221;{}&#8221;][\/et_pb_image][\/et_pb_column][\/et_pb_row][\/et_pb_section][et_pb_section fb_built=&#8221;1&#8243; _builder_version=&#8221;4.16&#8243; background_color=&#8221;#FFFFFF&#8221; global_colors_info=&#8221;{}&#8221;][\/et_pb_section]<\/p>\n","protected":false},"excerpt":{"rendered":"<p>L\u00edonra\u00edchill Chainnigh &#8211; M\u00f3ruaisle &#8211; Ceannaithe-C\u00fairteoir\u00ed 18 I\u00fail 2022 \u2013 18 I\u00fail 2025 Ba \u00ed an Dr. Jane Fenlon a chuir an taispe\u00e1ntas seo le ch\u00e9ile. L\u00e9ir\u00edonn s\u00e9 an saol [&hellip;]<\/p>\n","protected":false},"author":14,"featured_media":0,"parent":0,"menu_order":0,"comment_status":"closed","ping_status":"closed","template":"","meta":{"_et_pb_use_builder":"on","_et_pb_old_content":"","_et_gb_content_width":"","footnotes":""},"class_list":["post-11824","page","type-page","status-publish","hentry"],"_links":{"self":[{"href":"https:\/\/www.kilkennycastle.ie\/ga\/wp-json\/wp\/v2\/pages\/11824","targetHints":{"allow":["GET"]}}],"collection":[{"href":"https:\/\/www.kilkennycastle.ie\/ga\/wp-json\/wp\/v2\/pages"}],"about":[{"href":"https:\/\/www.kilkennycastle.ie\/ga\/wp-json\/wp\/v2\/types\/page"}],"author":[{"embeddable":true,"href":"https:\/\/www.kilkennycastle.ie\/ga\/wp-json\/wp\/v2\/users\/14"}],"replies":[{"embeddable":true,"href":"https:\/\/www.kilkennycastle.ie\/ga\/wp-json\/wp\/v2\/comments?post=11824"}],"version-history":[{"count":1,"href":"https:\/\/www.kilkennycastle.ie\/ga\/wp-json\/wp\/v2\/pages\/11824\/revisions"}],"predecessor-version":[{"id":15060,"href":"https:\/\/www.kilkennycastle.ie\/ga\/wp-json\/wp\/v2\/pages\/11824\/revisions\/15060"}],"wp:attachment":[{"href":"https:\/\/www.kilkennycastle.ie\/ga\/wp-json\/wp\/v2\/media?parent=11824"}],"curies":[{"name":"wp","href":"https:\/\/api.w.org\/{rel}","templated":true}]}}